{"id":4342,"date":"2025-07-29T14:41:05","date_gmt":"2025-07-29T12:41:05","guid":{"rendered":"https:\/\/drquantum.io\/politica-de-privacidade\/"},"modified":"2025-09-29T11:57:30","modified_gmt":"2025-09-29T09:57:30","slug":"politica-de-privacidade","status":"publish","type":"page","link":"https:\/\/drquantum.io\/pt-br\/politica-de-privacidade\/","title":{"rendered":"POL\u00cdTICA DE PRIVACIDADE"},"content":{"rendered":"\n<h3 class=\"wp-block-heading\"><strong>2. Pol\u00edtica de Privacidade<\/strong><\/h3>\n\n<p><strong>Como coletamos e usamos seus dados:<\/strong><\/p>\n\n<ul class=\"wp-block-list\">\n<li><strong>Dados coletados<\/strong>: Nome, e-mail, hist\u00f3rico de consultas de IA, IP (para an\u00e1lise).<\/li>\n\n\n\n<li><strong>Uso<\/strong>: Melhore assistentes de IA, processe recompensas por indica\u00e7\u00e3o e envie atualiza\u00e7\u00f5es (com seu consentimento).<\/li>\n\n\n\n<li><strong>Cookies<\/strong>: Utilizamos cookies para fins anal\u00edticos (Google Analytics) e de funcionalidade. Voc\u00ea pode desativ\u00e1-los no seu navegador. <\/li>\n\n\n\n<li><strong>Prote\u00e7\u00e3o de Dados<\/strong>: N\u00e3o vendemos suas informa\u00e7\u00f5es a terceiros. Cumprimos as normas <strong>CCPA<\/strong> (Calif\u00f3rnia) e <strong>COPPA<\/strong> (prote\u00e7\u00e3o \u00e0 crian\u00e7a). <\/li>\n<\/ul>\n\n<p><strong>Direitos do usu\u00e1rio<\/strong>:<\/p>\n\n<ul class=\"wp-block-list\">\n<li>Acesse, corrija ou solicite a exclus\u00e3o dos seus dados (contato: info@qrquantum.io).<\/li>\n<\/ul>\n\n<hr class=\"wp-block-separator has-alpha-channel-opacity\"\/>\n\n<h3 class=\"wp-block-heading\"><strong>3. Aviso Legal (Rodap\u00e9 da Web)<\/strong><\/h3>\n\n<p><em>Quantum System LLC \u00e9 uma empresa registrada na Fl\u00f3rida, EUA. As informa\u00e7\u00f5es fornecidas pelos assistentes de IA n\u00e3o constituem aconselhamento m\u00e9dico. Consulte um profissional antes de tomar qualquer decis\u00e3o relacionada \u00e0 sa\u00fade.<\/em><\/p>\n\n<hr class=\"wp-block-separator has-alpha-channel-opacity\"\/>\n\n<h3 class=\"wp-block-heading\"><strong>4. Pol\u00edtica de Cookies<\/strong><\/h3>\n\n<ul class=\"wp-block-list\">\n<li><strong>Cookies essenciais<\/strong>: para o funcionamento b\u00e1sico do site.<\/li>\n\n\n\n<li><strong>Cookies anal\u00edticos<\/strong>: Google Analytics (anonimiza IPs).<\/li>\n\n\n\n<li><strong>Como desativ\u00e1-los<\/strong>: instru\u00e7\u00f5es para Chrome, Safari, etc.<\/li>\n<\/ul>\n\n<hr class=\"wp-block-separator has-alpha-channel-opacity\"\/>\n\n<h3 class=\"wp-block-heading\"><strong>5. Isen\u00e7\u00e3o de responsabilidade m\u00e9dica<\/strong><\/h3>\n\n<p><em>O conte\u00fado deste site \u00e9 apenas para fins informativos. A Quantum System LLC n\u00e3o se responsabiliza por qualquer uso indevido das informa\u00e7\u00f5es fornecidas pelos assistentes de IA.<\/em><\/p>\n","protected":false},"excerpt":{"rendered":"<p>2. Pol\u00edtica de Privacidade Como coletamos e usamos seus dados: Direitos do usu\u00e1rio: 3. Aviso Legal (Rodap\u00e9 da Web) Quantum System LLC \u00e9 uma empresa registrada na Fl\u00f3rida, EUA. As informa\u00e7\u00f5es fornecidas pelos assistentes de IA n\u00e3o constituem aconselhamento m\u00e9dico. Consulte um profissional antes de tomar qualquer decis\u00e3o relacionada \u00e0 sa\u00fade. 4. Pol\u00edtica de Cookies [&hellip;]<\/p>\n","protected":false},"author":1,"featured_media":0,"parent":0,"menu_order":0,"comment_status":"closed","ping_status":"closed","template":"","meta":{"footnotes":""},"class_list":["post-4342","page","type-page","status-publish","hentry"],"_links":{"self":[{"href":"https:\/\/drquantum.io\/pt-br\/wp-json\/wp\/v2\/pages\/4342","targetHints":{"allow":["GET"]}}],"collection":[{"href":"https:\/\/drquantum.io\/pt-br\/wp-json\/wp\/v2\/pages"}],"about":[{"href":"https:\/\/drquantum.io\/pt-br\/wp-json\/wp\/v2\/types\/page"}],"author":[{"embeddable":true,"href":"https:\/\/drquantum.io\/pt-br\/wp-json\/wp\/v2\/users\/1"}],"replies":[{"embeddable":true,"href":"https:\/\/drquantum.io\/pt-br\/wp-json\/wp\/v2\/comments?post=4342"}],"version-history":[{"count":1,"href":"https:\/\/drquantum.io\/pt-br\/wp-json\/wp\/v2\/pages\/4342\/revisions"}],"predecessor-version":[{"id":4343,"href":"https:\/\/drquantum.io\/pt-br\/wp-json\/wp\/v2\/pages\/4342\/revisions\/4343"}],"wp:attachment":[{"href":"https:\/\/drquantum.io\/pt-br\/wp-json\/wp\/v2\/media?parent=4342"}],"curies":[{"name":"wp","href":"https:\/\/api.w.org\/{rel}","templated":true}]}}