{"id":3655,"date":"2025-06-24T20:10:49","date_gmt":"2025-06-24T18:10:49","guid":{"rendered":"https:\/\/drquantum.io\/promocao-iteracare\/"},"modified":"2025-07-01T15:15:08","modified_gmt":"2025-07-01T13:15:08","slug":"promocao-iteracare","status":"publish","type":"page","link":"https:\/\/drquantum.io\/pt-br\/promocao-iteracare\/","title":{"rendered":"Promo\u00e7\u00e3o iTeraCare"},"content":{"rendered":"\t\t<div data-elementor-type=\"wp-page\" data-elementor-id=\"3655\" class=\"elementor elementor-3655 elementor-3479\" data-elementor-post-type=\"page\">\n\t\t\t\t<div class=\"elementor-element elementor-element-ef4104f e-con-full e-flex e-con e-parent\" data-id=\"ef4104f\" data-element_type=\"container\">\n\t\t\t\t<div class=\"elementor-element elementor-element-039c2c9 elementor-widget elementor-widget-image\" data-id=\"039c2c9\" data-element_type=\"widget\" data-widget_type=\"image.default\">\n\t\t\t\t<div class=\"elementor-widget-container\">\n\t\t\t\t\t\t\t\t\t\t\t\t\t\t\t<img fetchpriority=\"high\" decoding=\"async\" width=\"1512\" height=\"600\" src=\"https:\/\/drquantum.io\/wp-content\/uploads\/2025\/06\/promocion-iteracare-Dr.-Quantum.webp\" class=\"attachment-full size-full wp-image-3488\" alt=\"promocion iteracare Dr. Quantum\" srcset=\"https:\/\/drquantum.io\/wp-content\/uploads\/2025\/06\/promocion-iteracare-Dr.-Quantum.webp 1512w, https:\/\/drquantum.io\/wp-content\/uploads\/2025\/06\/promocion-iteracare-Dr.-Quantum-300x119.webp 300w, https:\/\/drquantum.io\/wp-content\/uploads\/2025\/06\/promocion-iteracare-Dr.-Quantum-1024x406.webp 1024w, https:\/\/drquantum.io\/wp-content\/uploads\/2025\/06\/promocion-iteracare-Dr.-Quantum-768x305.webp 768w\" sizes=\"(max-width: 1512px) 100vw, 1512px\" \/>\t\t\t\t\t\t\t\t\t\t\t\t\t\t\t<\/div>\n\t\t\t\t<\/div>\n\t\t\t\t<\/div>\n\t\t<div class=\"elementor-element elementor-element-29c258e e-flex e-con-boxed e-con e-parent\" data-id=\"29c258e\" data-element_type=\"container\">\n\t\t\t\t\t<div class=\"e-con-inner\">\n\t\t\t\t<div class=\"elementor-element elementor-element-5351651 elementor-widget elementor-widget-text-editor\" data-id=\"5351651\" data-element_type=\"widget\" data-widget_type=\"text-editor.default\">\n\t\t\t\t<div class=\"elementor-widget-container\">\n\t\t\t\t\t\t\t\t\t<h2><strong>O que s\u00e3o Dr. Quantum Tokens?<br><\/strong><\/h2><p>Os <strong>tokens<\/strong> s\u00e3o cr\u00e9ditos digitais que permitem o acesso aos servi\u00e7os avan\u00e7ados da plataforma <strong>Dr. Quantum <\/strong><br>uma ferramenta inovadora baseada em intelig\u00eancia artificial especializada:<\/p>\t\t\t\t\t\t\t\t<\/div>\n\t\t\t\t<\/div>\n\t\t\t\t\t<\/div>\n\t\t\t\t<\/div>\n\t\t<div class=\"elementor-element elementor-element-2a798af e-flex e-con-boxed e-con e-parent\" data-id=\"2a798af\" data-element_type=\"container\">\n\t\t\t\t\t<div class=\"e-con-inner\">\n\t\t<div class=\"elementor-element elementor-element-40cf6f7 e-con-full e-flex e-con e-child\" data-id=\"40cf6f7\" data-element_type=\"container\">\n\t\t\t\t<div class=\"elementor-element elementor-element-f984db2 elementor-widget elementor-widget-image\" data-id=\"f984db2\" data-element_type=\"widget\" data-widget_type=\"image.default\">\n\t\t\t\t<div class=\"elementor-widget-container\">\n\t\t\t\t\t\t\t\t\t\t\t\t\t\t\t<img decoding=\"async\" width=\"400\" height=\"408\" src=\"https:\/\/drquantum.io\/wp-content\/uploads\/2025\/06\/DR-QUANTUM-DISPOSITIVO-400-2.webp\" class=\"attachment-large size-large wp-image-3499\" alt=\"\" srcset=\"https:\/\/drquantum.io\/wp-content\/uploads\/2025\/06\/DR-QUANTUM-DISPOSITIVO-400-2.webp 400w, https:\/\/drquantum.io\/wp-content\/uploads\/2025\/06\/DR-QUANTUM-DISPOSITIVO-400-2-294x300.webp 294w\" sizes=\"(max-width: 400px) 100vw, 400px\" \/>\t\t\t\t\t\t\t\t\t\t\t\t\t\t\t<\/div>\n\t\t\t\t<\/div>\n\t\t\t\t<\/div>\n\t\t<div class=\"elementor-element elementor-element-084342c e-con-full e-flex e-con e-child\" data-id=\"084342c\" data-element_type=\"container\">\n\t\t\t\t<div class=\"elementor-element elementor-element-ea8bd58 elementor-widget elementor-widget-text-editor\" data-id=\"ea8bd58\" data-element_type=\"widget\" data-widget_type=\"text-editor.default\">\n\t\t\t\t<div class=\"elementor-widget-container\">\n\t\t\t\t\t\t\t\t\t<ul><li><p class=\"ds-markdown-paragraph\"><strong>Medicina Qu\u00e2ntica<\/strong><\/p><\/li><li><p class=\"ds-markdown-paragraph\"><strong>Terapias de Terahertz<\/strong><\/p><\/li><li><p class=\"ds-markdown-paragraph\"><strong>Medicina hol\u00edstica e chinesa<\/strong><\/p><\/li><li><p class=\"ds-markdown-paragraph\"><strong>Acupuntura energ\u00e9tica<\/strong><\/p><\/li><li><p class=\"ds-markdown-paragraph\"><strong>Protocolos personalizados<br><\/strong><\/p><\/li><li><strong>Alimentos de acordo com seu tipo sangu\u00edneo<\/strong><\/li><\/ul>\t\t\t\t\t\t\t\t<\/div>\n\t\t\t\t<\/div>\n\t\t\t\t<\/div>\n\t\t\t\t\t<\/div>\n\t\t\t\t<\/div>\n\t\t<div class=\"elementor-element elementor-element-c09c9a9 e-flex e-con-boxed e-con e-parent\" data-id=\"c09c9a9\" data-element_type=\"container\" data-settings=\"{&quot;background_background&quot;:&quot;classic&quot;}\">\n\t\t\t\t\t<div class=\"e-con-inner\">\n\t\t\t\t<div class=\"elementor-element elementor-element-61a8942 elementor-widget elementor-widget-text-editor\" data-id=\"61a8942\" data-element_type=\"widget\" data-widget_type=\"text-editor.default\">\n\t\t\t\t<div class=\"elementor-widget-container\">\n\t\t\t\t\t\t\t\t\t<h2><strong>Como obter tokens?<\/strong><\/h2><p class=\"ds-markdown-paragraph\" style=\"text-align: left;\"><strong>\u2705 Com a compra de qualquer dispositivo iTeraCare<\/strong> na loja <a href=\"https:\/\/iterahertz.life\" target=\"_blank\" rel=\"noopener\">https:\/\/iterahertz.life,<\/a> voc\u00ea recebe tokens gratuitos para come\u00e7ar a usar a plataforma Dr. Quantum.<br>Voc\u00ea tamb\u00e9m pode comprar tokens adicionais diretamente em <a href=\"https:\/\/drquantum.io\/pt-br\/\" target=\"_blank\" rel=\"noopener noreferrer\">drquantum.io<\/a> para estender suas sess\u00f5es.<\/p>\t\t\t\t\t\t\t\t<\/div>\n\t\t\t\t<\/div>\n\t\t\t\t\t<\/div>\n\t\t\t\t<\/div>\n\t\t<div class=\"elementor-element elementor-element-c1d8f15 e-flex e-con-boxed e-con e-parent\" data-id=\"c1d8f15\" data-element_type=\"container\">\n\t\t\t\t\t<div class=\"e-con-inner\">\n\t\t<div class=\"elementor-element elementor-element-a82d602 e-con-full e-flex e-con e-child\" data-id=\"a82d602\" data-element_type=\"container\">\n\t\t\t\t<div class=\"elementor-element elementor-element-6469c8b elementor-widget elementor-widget-text-editor\" data-id=\"6469c8b\" data-element_type=\"widget\" data-widget_type=\"text-editor.default\">\n\t\t\t\t<div class=\"elementor-widget-container\">\n\t\t\t\t\t\t\t\t\t<h2><strong>Benef\u00edcios da plataforma<br>Dr. Quantum<\/strong><\/h2><p class=\"ds-markdown-paragraph\">A plataforma combina a tecnologia <strong>terahertz<\/strong> com conhecimentos antigos para oferecer a voc\u00ea:<br>\ud83d\udd39<strong> Diagn\u00f3sticos energ\u00e9ticos<\/strong> com base em seus sintomas.<br>\ud83d\udd39<strong>Protocolos personalizados<\/strong> (terapias de frequ\u00eancia, pontos de acupress\u00e3o, rem\u00e9dios hol\u00edsticos).<br>\ud83d\udd39<strong>Suporte 24 horas por dia, 7 dias por semana, <\/strong>com assistentes de medicina alternativa treinados.<br>\ud83d\udd39<strong>Integra\u00e7\u00e3o com dispositivos iTeraCare <\/strong>para aumentar os resultados.<\/p>\t\t\t\t\t\t\t\t<\/div>\n\t\t\t\t<\/div>\n\t\t\t\t<\/div>\n\t\t<div class=\"elementor-element elementor-element-9702c9f e-con-full e-flex e-con e-child\" data-id=\"9702c9f\" data-element_type=\"container\">\n\t\t\t\t<div class=\"elementor-element elementor-element-4e9754e elementor-widget elementor-widget-image\" data-id=\"4e9754e\" data-element_type=\"widget\" data-widget_type=\"image.default\">\n\t\t\t\t<div class=\"elementor-widget-container\">\n\t\t\t\t\t\t\t\t\t\t\t\t\t\t\t<img decoding=\"async\" width=\"683\" height=\"1024\" src=\"https:\/\/drquantum.io\/wp-content\/uploads\/2025\/06\/Dr.-hemo-protocolos-segun-tipo-de-sangre-683x1024.webp\" class=\"attachment-large size-large wp-image-3507\" alt=\"\" srcset=\"https:\/\/drquantum.io\/wp-content\/uploads\/2025\/06\/Dr.-hemo-protocolos-segun-tipo-de-sangre-683x1024.webp 683w, https:\/\/drquantum.io\/wp-content\/uploads\/2025\/06\/Dr.-hemo-protocolos-segun-tipo-de-sangre-200x300.webp 200w, https:\/\/drquantum.io\/wp-content\/uploads\/2025\/06\/Dr.-hemo-protocolos-segun-tipo-de-sangre-768x1152.webp 768w, https:\/\/drquantum.io\/wp-content\/uploads\/2025\/06\/Dr.-hemo-protocolos-segun-tipo-de-sangre.webp 800w\" sizes=\"(max-width: 683px) 100vw, 683px\" \/>\t\t\t\t\t\t\t\t\t\t\t\t\t\t\t<\/div>\n\t\t\t\t<\/div>\n\t\t\t\t<\/div>\n\t\t\t\t\t<\/div>\n\t\t\t\t<\/div>\n\t\t<div class=\"elementor-element elementor-element-23103b9 e-flex e-con-boxed e-con e-parent\" data-id=\"23103b9\" data-element_type=\"container\">\n\t\t\t\t\t<div class=\"e-con-inner\">\n\t\t<div class=\"elementor-element elementor-element-98429b9 e-con-full e-flex e-con e-child\" data-id=\"98429b9\" data-element_type=\"container\">\n\t\t\t\t<div class=\"elementor-element elementor-element-8adfcb9 elementor-widget elementor-widget-image\" data-id=\"8adfcb9\" data-element_type=\"widget\" data-widget_type=\"image.default\">\n\t\t\t\t<div class=\"elementor-widget-container\">\n\t\t\t\t\t\t\t\t\t\t\t\t\t\t\t<img loading=\"lazy\" decoding=\"async\" width=\"300\" height=\"300\" src=\"https:\/\/drquantum.io\/wp-content\/uploads\/2025\/06\/WhatsApp-Image-2025-06-24-at-20.11.12-300x300.jpeg\" class=\"attachment-medium size-medium wp-image-3515\" alt=\"\" srcset=\"https:\/\/drquantum.io\/wp-content\/uploads\/2025\/06\/WhatsApp-Image-2025-06-24-at-20.11.12-300x300.jpeg 300w, https:\/\/drquantum.io\/wp-content\/uploads\/2025\/06\/WhatsApp-Image-2025-06-24-at-20.11.12-150x150.jpeg 150w, https:\/\/drquantum.io\/wp-content\/uploads\/2025\/06\/WhatsApp-Image-2025-06-24-at-20.11.12-768x768.jpeg 768w, https:\/\/drquantum.io\/wp-content\/uploads\/2025\/06\/WhatsApp-Image-2025-06-24-at-20.11.12.jpeg 1024w\" sizes=\"(max-width: 300px) 100vw, 300px\" \/>\t\t\t\t\t\t\t\t\t\t\t\t\t\t\t<\/div>\n\t\t\t\t<\/div>\n\t\t\t\t<\/div>\n\t\t<div class=\"elementor-element elementor-element-88a0586 e-con-full e-flex e-con e-child\" data-id=\"88a0586\" data-element_type=\"container\">\n\t\t\t\t<div class=\"elementor-element elementor-element-8ffc153 elementor-widget elementor-widget-text-editor\" data-id=\"8ffc153\" data-element_type=\"widget\" data-widget_type=\"text-editor.default\">\n\t\t\t\t<div class=\"elementor-widget-container\">\n\t\t\t\t\t\t\t\t\t<h2><strong>Como usar seus tokens<\/strong><\/h2><ol start=\"1\"><li><p class=\"ds-markdown-paragraph\"><strong>Registre-se<\/strong> em <a href=\"https:\/\/chat.drquantum.io.\">chat.drquantum.io.<\/a><\/p><\/li><li><p class=\"ds-markdown-paragraph\"><strong>Voc\u00ea receber\u00e1 seus tokens <\/strong>(quando comprar seu dispositivo iTeraCare).<\/p><\/li><li><p class=\"ds-markdown-paragraph\"><strong>Descreva sua condi\u00e7\u00e3o de sa\u00fade ou meta.<\/strong><\/p><\/li><li><p class=\"ds-markdown-paragraph\"><strong>Receba um protocolo qu\u00e2ntico <\/strong>desenvolvido para voc\u00ea.<\/p><\/li><\/ol>\t\t\t\t\t\t\t\t<\/div>\n\t\t\t\t<\/div>\n\t\t\t\t<\/div>\n\t\t\t\t\t<\/div>\n\t\t\t\t<\/div>\n\t\t<div class=\"elementor-element elementor-element-8f17f05 e-flex e-con-boxed e-con e-parent\" data-id=\"8f17f05\" data-element_type=\"container\">\n\t\t\t\t\t<div class=\"e-con-inner\">\n\t\t\t\t<div class=\"elementor-element elementor-element-b7d9af3 elementor-widget elementor-widget-text-editor\" data-id=\"b7d9af3\" data-element_type=\"widget\" data-widget_type=\"text-editor.default\">\n\t\t\t\t<div class=\"elementor-widget-container\">\n\t\t\t\t\t\t\t\t\t<h2><strong>iTeraCare + Dr. Quantum: uma combina\u00e7\u00e3o poderosa<\/strong><\/h2><p class=\"ds-markdown-paragraph\">Os dispositivos de <strong>terahertz iTeraCare<\/strong> aumentam os efeitos das terapias recomendadas pelo Dr. Quantum, criando uma abordagem hol\u00edstica para o bem-estar f\u00edsico e energ\u00e9tico.<\/p><p class=\"ds-markdown-paragraph\"><strong>\ud83d\udce2Adquira seu dispositivo iTeraCare hoje mesmo e comece a usar seus tokens no Dr. Quantum!<\/strong><br><a href=\"https:\/\/iteracare.life\/\" target=\"_blank\" rel=\"noopener noreferrer\">Visite iTeraCare.Life<\/a><\/p>\t\t\t\t\t\t\t\t<\/div>\n\t\t\t\t<\/div>\n\t\t\t\t<div class=\"elementor-element elementor-element-1167de9 elementor-widget elementor-widget-text-editor\" data-id=\"1167de9\" data-element_type=\"widget\" data-widget_type=\"text-editor.default\">\n\t\t\t\t<div class=\"elementor-widget-container\">\n\t\t\t\t\t\t\t\t\t<h3><strong>Perguntas frequentes<\/strong><\/h3><p class=\"ds-markdown-paragraph\"><strong>\u2753Os tokens t\u00eam data de validade?<\/strong><br>N\u00e3o, eles s\u00e3o v\u00e1lidos at\u00e9 que voc\u00ea os use.<\/p><p class=\"ds-markdown-paragraph\"><strong>\u2753Posso compartilhar meus tokens?<\/strong><br>Sim, mas cada protocolo \u00e9 personalizado, portanto, \u00e9 recomend\u00e1vel us\u00e1-los individualmente.<\/p><p class=\"ds-markdown-paragraph\"><strong>\u2753A plataforma substitui um m\u00e9dico?<\/strong><br>N\u00e3o, ela \u00e9 um complemento hol\u00edstico. Sempre consulte um profissional de sa\u00fade. <\/p>\t\t\t\t\t\t\t\t<\/div>\n\t\t\t\t<\/div>\n\t\t\t\t\t<\/div>\n\t\t\t\t<\/div>\n\t\t<div class=\"elementor-element elementor-element-74a3a32 e-flex e-con-boxed e-con e-parent\" data-id=\"74a3a32\" data-element_type=\"container\" data-settings=\"{&quot;background_background&quot;:&quot;classic&quot;}\">\n\t\t\t\t\t<div class=\"e-con-inner\">\n\t\t\t\t<div class=\"elementor-element elementor-element-ea73a3c elementor-widget elementor-widget-text-editor\" data-id=\"ea73a3c\" data-element_type=\"widget\" data-widget_type=\"text-editor.default\">\n\t\t\t\t<div class=\"elementor-widget-container\">\n\t\t\t\t\t\t\t\t\t<p><strong>\ud83d\udca1Pronto para explorar a medicina do futuro?<\/strong><br>Use seus tokens e descubra como a<strong> tecnologia qu\u00e2ntica<\/strong> pode transformar sua sa\u00fade.<\/p>\t\t\t\t\t\t\t\t<\/div>\n\t\t\t\t<\/div>\n\t\t\t\t\t<\/div>\n\t\t\t\t<\/div>\n\t\t<div class=\"elementor-element elementor-element-4240e4f e-flex e-con-boxed e-con e-parent\" data-id=\"4240e4f\" data-element_type=\"container\">\n\t\t\t\t\t<div class=\"e-con-inner\">\n\t\t\t\t\t<\/div>\n\t\t\t\t<\/div>\n\t\t\t\t<\/div>\n\t\t","protected":false},"excerpt":{"rendered":"<p>O que s\u00e3o Dr. Quantum Tokens? Os tokens s\u00e3o cr\u00e9ditos digitais que permitem o acesso aos servi\u00e7os avan\u00e7ados da plataforma Dr. Quantum uma ferramenta inovadora baseada em intelig\u00eancia artificial especializada: Medicina Qu\u00e2ntica Terapias de Terahertz Medicina hol\u00edstica e chinesa Acupuntura energ\u00e9tica Protocolos personalizados Alimentos de acordo com seu tipo sangu\u00edneo Como obter tokens? \u2705 Com [&hellip;]<\/p>\n","protected":false},"author":1,"featured_media":3488,"parent":0,"menu_order":0,"comment_status":"closed","ping_status":"closed","template":"elementor_header_footer","meta":{"footnotes":""},"class_list":["post-3655","page","type-page","status-publish","has-post-thumbnail","hentry"],"_links":{"self":[{"href":"https:\/\/drquantum.io\/pt-br\/wp-json\/wp\/v2\/pages\/3655","targetHints":{"allow":["GET"]}}],"collection":[{"href":"https:\/\/drquantum.io\/pt-br\/wp-json\/wp\/v2\/pages"}],"about":[{"href":"https:\/\/drquantum.io\/pt-br\/wp-json\/wp\/v2\/types\/page"}],"author":[{"embeddable":true,"href":"https:\/\/drquantum.io\/pt-br\/wp-json\/wp\/v2\/users\/1"}],"replies":[{"embeddable":true,"href":"https:\/\/drquantum.io\/pt-br\/wp-json\/wp\/v2\/comments?post=3655"}],"version-history":[{"count":1,"href":"https:\/\/drquantum.io\/pt-br\/wp-json\/wp\/v2\/pages\/3655\/revisions"}],"predecessor-version":[{"id":3656,"href":"https:\/\/drquantum.io\/pt-br\/wp-json\/wp\/v2\/pages\/3655\/revisions\/3656"}],"wp:featuredmedia":[{"embeddable":true,"href":"https:\/\/drquantum.io\/pt-br\/wp-json\/wp\/v2\/media\/3488"}],"wp:attachment":[{"href":"https:\/\/drquantum.io\/pt-br\/wp-json\/wp\/v2\/media?parent=3655"}],"curies":[{"name":"wp","href":"https:\/\/api.w.org\/{rel}","templated":true}]}}