{"id":4338,"date":"2025-07-29T14:41:05","date_gmt":"2025-07-29T12:41:05","guid":{"rendered":"https:\/\/drquantum.io\/politica-sulla-riservatezza\/"},"modified":"2025-09-29T11:03:05","modified_gmt":"2025-09-29T09:03:05","slug":"politica-sulla-riservatezza","status":"publish","type":"page","link":"https:\/\/drquantum.io\/it\/politica-sulla-riservatezza\/","title":{"rendered":"POLITICA SULLA RISERVATEZZA"},"content":{"rendered":"\n<h3 class=\"wp-block-heading\"><strong>2. Informativa sulla privacy<\/strong><\/h3>\n\n<p><strong>Come raccogliamo e utilizziamo i tuoi dati:<\/strong><\/p>\n\n<ul class=\"wp-block-list\">\n<li><strong>Dati raccolti<\/strong>: nome, e-mail, cronologia delle query AI, IP (per analisi).<\/li>\n\n\n\n<li><strong>Utilizzo<\/strong>: migliorare gli assistenti AI, elaborare premi per i referral e inviare aggiornamenti (con il tuo consenso).<\/li>\n\n\n\n<li><strong>Cookie<\/strong>: Utilizziamo cookie a fini analitici (Google Analytics) e funzionali. Puoi disattivarli nel tuo browser. <\/li>\n\n\n\n<li><strong>Protezione dei dati<\/strong>: non vendiamo le tue informazioni a terzi. Rispettiamo il <strong>CCPA<\/strong> (California) e il <strong>COPPA<\/strong> (tutela dei minori). <\/li>\n<\/ul>\n\n<p><strong>Diritti dell&#8217;utente<\/strong>:<\/p>\n\n<ul class=\"wp-block-list\">\n<li>Accedere, correggere o richiedere la cancellazione dei tuoi dati (contatto: info@qrquantum.io).<\/li>\n<\/ul>\n\n<hr class=\"wp-block-separator has-alpha-channel-opacity\"\/>\n\n<h3 class=\"wp-block-heading\"><strong>3. Note legali (Pi\u00e8 di pagina Web)<\/strong><\/h3>\n\n<p><em>&#8220;Quantum System LLC \u00e8 una societ\u00e0 registrata in Florida, USA. Le informazioni fornite dagli assistenti AI non costituiscono consulenza medica. Consultare un professionista prima di prendere qualsiasi decisione in materia di salute.&#8221;<\/em><\/p>\n\n<hr class=\"wp-block-separator has-alpha-channel-opacity\"\/>\n\n<h3 class=\"wp-block-heading\"><strong>4. Politica sui cookie<\/strong><\/h3>\n\n<ul class=\"wp-block-list\">\n<li><strong>Cookie essenziali<\/strong>: per il funzionamento di base del sito.<\/li>\n\n\n\n<li><strong>Cookie analitici<\/strong>: Google Analytics (rende anonimi gli IP).<\/li>\n\n\n\n<li><strong>Come disattivarli<\/strong>: istruzioni per Chrome, Safari, ecc.<\/li>\n<\/ul>\n\n<hr class=\"wp-block-separator has-alpha-channel-opacity\"\/>\n\n<h3 class=\"wp-block-heading\"><strong>5. Esclusione di responsabilit\u00e0 medica<\/strong><\/h3>\n\n<p><em>&#8220;Il contenuto di questo sito web \u00e8 puramente informativo. Quantum System LLC non \u00e8 responsabile per l&#8217;uso improprio delle informazioni fornite dagli assistenti di intelligenza artificiale.&#8221;<\/em><\/p>\n","protected":false},"excerpt":{"rendered":"<p>2. Informativa sulla privacy Come raccogliamo e utilizziamo i tuoi dati: Diritti dell&#8217;utente: 3. Note legali (Pi\u00e8 di pagina Web) &#8220;Quantum System LLC \u00e8 una societ\u00e0 registrata in Florida, USA. Le informazioni fornite dagli assistenti AI non costituiscono consulenza medica. Consultare un professionista prima di prendere qualsiasi decisione in materia di salute.&#8221; 4. Politica sui [&hellip;]<\/p>\n","protected":false},"author":1,"featured_media":0,"parent":0,"menu_order":0,"comment_status":"closed","ping_status":"closed","template":"","meta":{"footnotes":""},"class_list":["post-4338","page","type-page","status-publish","hentry"],"_links":{"self":[{"href":"https:\/\/drquantum.io\/it\/wp-json\/wp\/v2\/pages\/4338","targetHints":{"allow":["GET"]}}],"collection":[{"href":"https:\/\/drquantum.io\/it\/wp-json\/wp\/v2\/pages"}],"about":[{"href":"https:\/\/drquantum.io\/it\/wp-json\/wp\/v2\/types\/page"}],"author":[{"embeddable":true,"href":"https:\/\/drquantum.io\/it\/wp-json\/wp\/v2\/users\/1"}],"replies":[{"embeddable":true,"href":"https:\/\/drquantum.io\/it\/wp-json\/wp\/v2\/comments?post=4338"}],"version-history":[{"count":1,"href":"https:\/\/drquantum.io\/it\/wp-json\/wp\/v2\/pages\/4338\/revisions"}],"predecessor-version":[{"id":4339,"href":"https:\/\/drquantum.io\/it\/wp-json\/wp\/v2\/pages\/4338\/revisions\/4339"}],"wp:attachment":[{"href":"https:\/\/drquantum.io\/it\/wp-json\/wp\/v2\/media?parent=4338"}],"curies":[{"name":"wp","href":"https:\/\/api.w.org\/{rel}","templated":true}]}}