{"id":3541,"date":"2025-06-24T20:10:49","date_gmt":"2025-06-24T18:10:49","guid":{"rendered":"https:\/\/drquantum.io\/promozione-iteracare\/"},"modified":"2025-06-26T14:31:23","modified_gmt":"2025-06-26T12:31:23","slug":"promozione-iteracare","status":"publish","type":"page","link":"https:\/\/drquantum.io\/it\/promozione-iteracare\/","title":{"rendered":"Promozione iTeraCare"},"content":{"rendered":"\t\t<div data-elementor-type=\"wp-page\" data-elementor-id=\"3541\" class=\"elementor elementor-3541 elementor-3479\" data-elementor-post-type=\"page\">\n\t\t\t\t<div class=\"elementor-element elementor-element-ef4104f e-con-full e-flex e-con e-parent\" data-id=\"ef4104f\" data-element_type=\"container\">\n\t\t\t\t<div class=\"elementor-element elementor-element-039c2c9 elementor-widget elementor-widget-image\" data-id=\"039c2c9\" data-element_type=\"widget\" data-widget_type=\"image.default\">\n\t\t\t\t<div class=\"elementor-widget-container\">\n\t\t\t\t\t\t\t\t\t\t\t\t\t\t\t<img fetchpriority=\"high\" decoding=\"async\" width=\"1512\" height=\"600\" src=\"https:\/\/drquantum.io\/wp-content\/uploads\/2025\/06\/promocion-iteracare-Dr.-Quantum.webp\" class=\"attachment-full size-full wp-image-3486\" alt=\"promocion iteracare Dr. Quantum\" srcset=\"https:\/\/drquantum.io\/wp-content\/uploads\/2025\/06\/promocion-iteracare-Dr.-Quantum.webp 1512w, https:\/\/drquantum.io\/wp-content\/uploads\/2025\/06\/promocion-iteracare-Dr.-Quantum-300x119.webp 300w, https:\/\/drquantum.io\/wp-content\/uploads\/2025\/06\/promocion-iteracare-Dr.-Quantum-1024x406.webp 1024w, https:\/\/drquantum.io\/wp-content\/uploads\/2025\/06\/promocion-iteracare-Dr.-Quantum-768x305.webp 768w\" sizes=\"(max-width: 1512px) 100vw, 1512px\" \/>\t\t\t\t\t\t\t\t\t\t\t\t\t\t\t<\/div>\n\t\t\t\t<\/div>\n\t\t\t\t<\/div>\n\t\t<div class=\"elementor-element elementor-element-29c258e e-flex e-con-boxed e-con e-parent\" data-id=\"29c258e\" data-element_type=\"container\">\n\t\t\t\t\t<div class=\"e-con-inner\">\n\t\t\t\t<div class=\"elementor-element elementor-element-5351651 elementor-widget elementor-widget-text-editor\" data-id=\"5351651\" data-element_type=\"widget\" data-widget_type=\"text-editor.default\">\n\t\t\t\t<div class=\"elementor-widget-container\">\n\t\t\t\t\t\t\t\t\t<h2><strong>Cosa sono i Dr. Quantum Token?<br><\/strong><\/h2><p>I <strong>token <\/strong>sono crediti digitali che danno accesso ai servizi avanzati della piattaforma <strong>Dr. Quantum<\/strong>, uno strumento innovativo basato sull&#8217;intelligenza artificiale specializzato in:<\/p>\t\t\t\t\t\t\t\t<\/div>\n\t\t\t\t<\/div>\n\t\t\t\t\t<\/div>\n\t\t\t\t<\/div>\n\t\t<div class=\"elementor-element elementor-element-2a798af e-flex e-con-boxed e-con e-parent\" data-id=\"2a798af\" data-element_type=\"container\">\n\t\t\t\t\t<div class=\"e-con-inner\">\n\t\t<div class=\"elementor-element elementor-element-40cf6f7 e-con-full e-flex e-con e-child\" data-id=\"40cf6f7\" data-element_type=\"container\">\n\t\t\t\t<div class=\"elementor-element elementor-element-f984db2 elementor-widget elementor-widget-image\" data-id=\"f984db2\" data-element_type=\"widget\" data-widget_type=\"image.default\">\n\t\t\t\t<div class=\"elementor-widget-container\">\n\t\t\t\t\t\t\t\t\t\t\t\t\t\t\t<img decoding=\"async\" width=\"400\" height=\"408\" src=\"https:\/\/drquantum.io\/wp-content\/uploads\/2025\/06\/DR-QUANTUM-DISPOSITIVO-400-2.webp\" class=\"attachment-large size-large wp-image-3497\" alt=\"\" srcset=\"https:\/\/drquantum.io\/wp-content\/uploads\/2025\/06\/DR-QUANTUM-DISPOSITIVO-400-2.webp 400w, https:\/\/drquantum.io\/wp-content\/uploads\/2025\/06\/DR-QUANTUM-DISPOSITIVO-400-2-294x300.webp 294w\" sizes=\"(max-width: 400px) 100vw, 400px\" \/>\t\t\t\t\t\t\t\t\t\t\t\t\t\t\t<\/div>\n\t\t\t\t<\/div>\n\t\t\t\t<\/div>\n\t\t<div class=\"elementor-element elementor-element-084342c e-con-full e-flex e-con e-child\" data-id=\"084342c\" data-element_type=\"container\">\n\t\t\t\t<div class=\"elementor-element elementor-element-ea8bd58 elementor-widget elementor-widget-text-editor\" data-id=\"ea8bd58\" data-element_type=\"widget\" data-widget_type=\"text-editor.default\">\n\t\t\t\t<div class=\"elementor-widget-container\">\n\t\t\t\t\t\t\t\t\t<ul><li><p class=\"ds-markdown-paragraph\"><strong>Medicina quantistica<\/strong><\/p><\/li><li><p class=\"ds-markdown-paragraph\"><strong>Terapie Terahertz<\/strong><\/p><\/li><li><p class=\"ds-markdown-paragraph\"><strong>Medicina olistica e cinese<\/strong><\/p><\/li><li><p class=\"ds-markdown-paragraph\"><strong>Agopuntura energetica<\/strong><\/p><\/li><li><p class=\"ds-markdown-paragraph\"><strong>Protocolli personalizzati<br><\/strong><\/p><\/li><li><strong>Alimenti in base al gruppo sanguigno<\/strong><\/li><\/ul>\t\t\t\t\t\t\t\t<\/div>\n\t\t\t\t<\/div>\n\t\t\t\t<\/div>\n\t\t\t\t\t<\/div>\n\t\t\t\t<\/div>\n\t\t<div class=\"elementor-element elementor-element-c09c9a9 e-flex e-con-boxed e-con e-parent\" data-id=\"c09c9a9\" data-element_type=\"container\" data-settings=\"{&quot;background_background&quot;:&quot;classic&quot;}\">\n\t\t\t\t\t<div class=\"e-con-inner\">\n\t\t\t\t<div class=\"elementor-element elementor-element-61a8942 elementor-widget elementor-widget-text-editor\" data-id=\"61a8942\" data-element_type=\"widget\" data-widget_type=\"text-editor.default\">\n\t\t\t\t<div class=\"elementor-widget-container\">\n\t\t\t\t\t\t\t\t\t<h2><strong>Come ottenere i token?<\/strong><\/h2><p class=\"ds-markdown-paragraph\" style=\"text-align: left;\">\u2705 <strong>Con l&#8217;acquisto di qualsiasi dispositivo iTeraCare<\/strong> dallo store <a href=\"https:\/\/iterahertz.life\/it\/\" target=\"_blank\" rel=\"noopener\">https:\/\/iterahertz.life<\/a>, riceverai token gratuiti per iniziare a utilizzare la piattaforma <a href=\"https:\/\/drquantum.io\/it\/\" target=\"_blank\" rel=\"noopener noreferrer\">Dr. Quantum.<\/a><br>\u2705 Puoi anche acquistare token aggiuntivi direttamente su drquantum.io per ampliare le tue sessioni.<\/p>\t\t\t\t\t\t\t\t<\/div>\n\t\t\t\t<\/div>\n\t\t\t\t\t<\/div>\n\t\t\t\t<\/div>\n\t\t<div class=\"elementor-element elementor-element-c1d8f15 e-flex e-con-boxed e-con e-parent\" data-id=\"c1d8f15\" data-element_type=\"container\">\n\t\t\t\t\t<div class=\"e-con-inner\">\n\t\t<div class=\"elementor-element elementor-element-a82d602 e-con-full e-flex e-con e-child\" data-id=\"a82d602\" data-element_type=\"container\">\n\t\t\t\t<div class=\"elementor-element elementor-element-6469c8b elementor-widget elementor-widget-text-editor\" data-id=\"6469c8b\" data-element_type=\"widget\" data-widget_type=\"text-editor.default\">\n\t\t\t\t<div class=\"elementor-widget-container\">\n\t\t\t\t\t\t\t\t\t<h2><strong>Vantaggi della piattaforma<br>Dr. Quantum<\/strong><\/h2><p class=\"ds-markdown-paragraph\">La piattaforma combina la tecnologia <strong>terahertz<\/strong> con antiche conoscenze per offrirti:<br>\ud83d\udd39 <strong>Diagnosi energetica basata sui tuoi sintomi.<\/strong><br>\ud83d\udd39 <strong>Protocolli personalizzati<\/strong> (terapie frequenziali, punti di digitopressione, rimedi olistici).<br>\ud83d\udd39 Assistenza <strong>24 ore su 24, 7 giorni su 7 <\/strong>con assistenti qualificati in medicina alternativa.<br>\ud83d\udd39 <strong>Integrazione con i dispositivi iTeraCare <\/strong>per migliorare i risultati.<\/p>\t\t\t\t\t\t\t\t<\/div>\n\t\t\t\t<\/div>\n\t\t\t\t<\/div>\n\t\t<div class=\"elementor-element elementor-element-9702c9f e-con-full e-flex e-con e-child\" data-id=\"9702c9f\" data-element_type=\"container\">\n\t\t\t\t<div class=\"elementor-element elementor-element-4e9754e elementor-widget elementor-widget-image\" data-id=\"4e9754e\" data-element_type=\"widget\" data-widget_type=\"image.default\">\n\t\t\t\t<div class=\"elementor-widget-container\">\n\t\t\t\t\t\t\t\t\t\t\t\t\t\t\t<img decoding=\"async\" width=\"683\" height=\"1024\" src=\"https:\/\/drquantum.io\/wp-content\/uploads\/2025\/06\/Dr.-hemo-protocolos-segun-tipo-de-sangre-683x1024.webp\" class=\"attachment-large size-large wp-image-3505\" alt=\"\" srcset=\"https:\/\/drquantum.io\/wp-content\/uploads\/2025\/06\/Dr.-hemo-protocolos-segun-tipo-de-sangre-683x1024.webp 683w, https:\/\/drquantum.io\/wp-content\/uploads\/2025\/06\/Dr.-hemo-protocolos-segun-tipo-de-sangre-200x300.webp 200w, https:\/\/drquantum.io\/wp-content\/uploads\/2025\/06\/Dr.-hemo-protocolos-segun-tipo-de-sangre-768x1152.webp 768w, https:\/\/drquantum.io\/wp-content\/uploads\/2025\/06\/Dr.-hemo-protocolos-segun-tipo-de-sangre.webp 800w\" sizes=\"(max-width: 683px) 100vw, 683px\" \/>\t\t\t\t\t\t\t\t\t\t\t\t\t\t\t<\/div>\n\t\t\t\t<\/div>\n\t\t\t\t<\/div>\n\t\t\t\t\t<\/div>\n\t\t\t\t<\/div>\n\t\t<div class=\"elementor-element elementor-element-23103b9 e-flex e-con-boxed e-con e-parent\" data-id=\"23103b9\" data-element_type=\"container\">\n\t\t\t\t\t<div class=\"e-con-inner\">\n\t\t<div class=\"elementor-element elementor-element-98429b9 e-con-full e-flex e-con e-child\" data-id=\"98429b9\" data-element_type=\"container\">\n\t\t\t\t<div class=\"elementor-element elementor-element-8adfcb9 elementor-widget elementor-widget-image\" data-id=\"8adfcb9\" data-element_type=\"widget\" data-widget_type=\"image.default\">\n\t\t\t\t<div class=\"elementor-widget-container\">\n\t\t\t\t\t\t\t\t\t\t\t\t\t\t\t<img loading=\"lazy\" decoding=\"async\" width=\"300\" height=\"300\" src=\"https:\/\/drquantum.io\/wp-content\/uploads\/2025\/06\/WhatsApp-Image-2025-06-24-at-20.11.12-300x300.jpeg\" class=\"attachment-medium size-medium wp-image-3513\" alt=\"\" srcset=\"https:\/\/drquantum.io\/wp-content\/uploads\/2025\/06\/WhatsApp-Image-2025-06-24-at-20.11.12-300x300.jpeg 300w, https:\/\/drquantum.io\/wp-content\/uploads\/2025\/06\/WhatsApp-Image-2025-06-24-at-20.11.12-150x150.jpeg 150w, https:\/\/drquantum.io\/wp-content\/uploads\/2025\/06\/WhatsApp-Image-2025-06-24-at-20.11.12-768x768.jpeg 768w, https:\/\/drquantum.io\/wp-content\/uploads\/2025\/06\/WhatsApp-Image-2025-06-24-at-20.11.12.jpeg 1024w\" sizes=\"(max-width: 300px) 100vw, 300px\" \/>\t\t\t\t\t\t\t\t\t\t\t\t\t\t\t<\/div>\n\t\t\t\t<\/div>\n\t\t\t\t<\/div>\n\t\t<div class=\"elementor-element elementor-element-88a0586 e-con-full e-flex e-con e-child\" data-id=\"88a0586\" data-element_type=\"container\">\n\t\t\t\t<div class=\"elementor-element elementor-element-8ffc153 elementor-widget elementor-widget-text-editor\" data-id=\"8ffc153\" data-element_type=\"widget\" data-widget_type=\"text-editor.default\">\n\t\t\t\t<div class=\"elementor-widget-container\">\n\t\t\t\t\t\t\t\t\t<h2><strong>Come utilizzare i tuoi token?<\/strong><\/h2><ol start=\"1\"><li><p class=\"ds-markdown-paragraph\"><strong>Registrati <\/strong>su <a href=\"https:\/\/chat.drquantum.io\/it\/\">chat.drquantum.io.<\/a><\/p><\/li><li><p class=\"ds-markdown-paragraph\"><strong>Riceverai i tuoi token<\/strong> (al momento dell&#8217;acquisto del tuo dispositivo iTeraCare).<\/p><\/li><li><p class=\"ds-markdown-paragraph\"><strong>Descrivi le tue condizioni di salute o il tuo obiettivo.<\/strong><\/p><\/li><li><p class=\"ds-markdown-paragraph\"><strong>Ricevi un protocollo quantistico<\/strong> pensato su misura per te.<\/p><\/li><\/ol>\t\t\t\t\t\t\t\t<\/div>\n\t\t\t\t<\/div>\n\t\t\t\t<\/div>\n\t\t\t\t\t<\/div>\n\t\t\t\t<\/div>\n\t\t<div class=\"elementor-element elementor-element-8f17f05 e-flex e-con-boxed e-con e-parent\" data-id=\"8f17f05\" data-element_type=\"container\">\n\t\t\t\t\t<div class=\"e-con-inner\">\n\t\t\t\t<div class=\"elementor-element elementor-element-b7d9af3 elementor-widget elementor-widget-text-editor\" data-id=\"b7d9af3\" data-element_type=\"widget\" data-widget_type=\"text-editor.default\">\n\t\t\t\t<div class=\"elementor-widget-container\">\n\t\t\t\t\t\t\t\t\t<h2><strong>iTeraCare + Dr. Quantum: una combinazione potente<\/strong><\/h2><p class=\"ds-markdown-paragraph\">I dispositivi <strong>terahertz iTeraCare<\/strong> potenziano gli effetti delle terapie consigliate dal Dott. Quantum, creando un approccio completo al benessere fisico ed energetico.<\/p><p class=\"ds-markdown-paragraph\">\ud83d\udce2<strong> Acquista oggi stesso il tuo dispositivo iTeraCare e inizia a utilizzare i tuoi token presso Dr. Quantum! <\/strong>Visita <a href=\"https:\/\/iteracare.life\/it\/\" target=\"_blank\" rel=\"noopener noreferrer\">iTeraCare.Life<\/a><\/p>\t\t\t\t\t\t\t\t<\/div>\n\t\t\t\t<\/div>\n\t\t\t\t<div class=\"elementor-element elementor-element-1167de9 elementor-widget elementor-widget-text-editor\" data-id=\"1167de9\" data-element_type=\"widget\" data-widget_type=\"text-editor.default\">\n\t\t\t\t<div class=\"elementor-widget-container\">\n\t\t\t\t\t\t\t\t\t<h3><strong>Domande frequenti<\/strong><\/h3><p class=\"ds-markdown-paragraph\">\u2753 <strong>I token hanno una scadenza?<\/strong><br>No, sono validi finch\u00e9 non li utilizzi.<\/p><p class=\"ds-markdown-paragraph\">\u2753<strong> Posso condividere i miei token?<\/strong><br>S\u00ec, ma ogni protocollo \u00e8 personalizzato, quindi \u00e8 consigliabile utilizzarli singolarmente.<\/p><p class=\"ds-markdown-paragraph\">\u2753 <strong>La piattaforma sostituisce il medico?<\/strong><br>No, \u00e8 un integratore olistico. Consultare sempre un professionista sanitario. <\/p>\t\t\t\t\t\t\t\t<\/div>\n\t\t\t\t<\/div>\n\t\t\t\t\t<\/div>\n\t\t\t\t<\/div>\n\t\t<div class=\"elementor-element elementor-element-74a3a32 e-flex e-con-boxed e-con e-parent\" data-id=\"74a3a32\" data-element_type=\"container\" data-settings=\"{&quot;background_background&quot;:&quot;classic&quot;}\">\n\t\t\t\t\t<div class=\"e-con-inner\">\n\t\t\t\t<div class=\"elementor-element elementor-element-ea73a3c elementor-widget elementor-widget-text-editor\" data-id=\"ea73a3c\" data-element_type=\"widget\" data-widget_type=\"text-editor.default\">\n\t\t\t\t<div class=\"elementor-widget-container\">\n\t\t\t\t\t\t\t\t\t<p>\ud83d\udca1 <strong>Pronti a esplorare la medicina del futuro?<\/strong><br>Usate i vostri token e scoprite come la<strong> tecnologia quantistica<\/strong> pu\u00f2 trasformare la vostra salute.<\/p>\t\t\t\t\t\t\t\t<\/div>\n\t\t\t\t<\/div>\n\t\t\t\t\t<\/div>\n\t\t\t\t<\/div>\n\t\t<div class=\"elementor-element elementor-element-4240e4f e-flex e-con-boxed e-con e-parent\" data-id=\"4240e4f\" data-element_type=\"container\">\n\t\t\t\t\t<div class=\"e-con-inner\">\n\t\t\t\t\t<\/div>\n\t\t\t\t<\/div>\n\t\t\t\t<\/div>\n\t\t","protected":false},"excerpt":{"rendered":"<p>Cosa sono i Dr. Quantum Token? I token sono crediti digitali che danno accesso ai servizi avanzati della piattaforma Dr. Quantum, uno strumento innovativo basato sull&#8217;intelligenza artificiale specializzato in: Medicina quantistica Terapie Terahertz Medicina olistica e cinese Agopuntura energetica Protocolli personalizzati Alimenti in base al gruppo sanguigno Come ottenere i token? \u2705 Con l&#8217;acquisto di [&hellip;]<\/p>\n","protected":false},"author":1,"featured_media":3486,"parent":0,"menu_order":0,"comment_status":"closed","ping_status":"closed","template":"elementor_header_footer","meta":{"footnotes":""},"class_list":["post-3541","page","type-page","status-publish","has-post-thumbnail","hentry"],"_links":{"self":[{"href":"https:\/\/drquantum.io\/it\/wp-json\/wp\/v2\/pages\/3541","targetHints":{"allow":["GET"]}}],"collection":[{"href":"https:\/\/drquantum.io\/it\/wp-json\/wp\/v2\/pages"}],"about":[{"href":"https:\/\/drquantum.io\/it\/wp-json\/wp\/v2\/types\/page"}],"author":[{"embeddable":true,"href":"https:\/\/drquantum.io\/it\/wp-json\/wp\/v2\/users\/1"}],"replies":[{"embeddable":true,"href":"https:\/\/drquantum.io\/it\/wp-json\/wp\/v2\/comments?post=3541"}],"version-history":[{"count":1,"href":"https:\/\/drquantum.io\/it\/wp-json\/wp\/v2\/pages\/3541\/revisions"}],"predecessor-version":[{"id":3542,"href":"https:\/\/drquantum.io\/it\/wp-json\/wp\/v2\/pages\/3541\/revisions\/3542"}],"wp:featuredmedia":[{"embeddable":true,"href":"https:\/\/drquantum.io\/it\/wp-json\/wp\/v2\/media\/3486"}],"wp:attachment":[{"href":"https:\/\/drquantum.io\/it\/wp-json\/wp\/v2\/media?parent=3541"}],"curies":[{"name":"wp","href":"https:\/\/api.w.org\/{rel}","templated":true}]}}