{"id":4349,"date":"2025-07-29T15:17:49","date_gmt":"2025-07-29T13:17:49","guid":{"rendered":"https:\/\/drquantum.io\/avertissements-medicaux\/"},"modified":"2025-09-30T10:28:08","modified_gmt":"2025-09-30T08:28:08","slug":"avertissements-medicaux","status":"publish","type":"page","link":"https:\/\/drquantum.io\/fr\/avertissements-medicaux\/","title":{"rendered":"AVIS DE NON-RESPONSABILIT\u00c9 M\u00c9DICALE"},"content":{"rendered":"\n<h3 class=\"wp-block-heading\"><strong>\ud83d\udd2c AVIS DE NON-RESPONSABILIT\u00c9 M\u00c9DICALE \u2013 DRQUANTUM.IO<\/strong><\/h3>\n\n<p><strong>Derni\u00e8re mise \u00e0 jour : [Date]<\/strong><\/p>\n\n<p><strong>1. Objet des informations<\/strong><br\/>Les assistants d&rsquo;intelligence artificielle (IA) de <strong>Quantum System LLC<\/strong> (exer\u00e7ant leurs activit\u00e9s sous le nom <strong>drquantum.io<\/strong>) fournissent des informations g\u00e9n\u00e9rales sur :<\/p>\n\n<ul class=\"wp-block-list\">\n<li>Alimentation et r\u00e9gimes.<\/li>\n\n\n\n<li>Suppl\u00e9ments naturels.<\/li>\n\n\n\n<li>Th\u00e9rapies alternatives.<\/li>\n\n\n\n<li>Recommandations bas\u00e9es sur le groupe sanguin.<\/li>\n<\/ul>\n\n<p><strong>Ces informations sont fournies uniquement \u00e0 des fins \u00e9ducatives et de bien-\u00eatre g\u00e9n\u00e9ral.<\/strong> <strong>Il ne s\u2019agit PAS d\u2019un conseil, d\u2019un diagnostic ou d\u2019un traitement m\u00e9dical.<\/strong><\/p>\n\n<p><strong>2. Ne remplace pas les conseils professionnels<\/strong><\/p>\n\n<ul class=\"wp-block-list\">\n<li><strong>Consultez toujours un m\u00e9decin ou un professionnel de la sant\u00e9 qualifi\u00e9<\/strong> avant d\u2019apporter des modifications \u00e0 votre r\u00e9gime alimentaire, \u00e0 votre mode de vie ou \u00e0 votre utilisation de suppl\u00e9ments.<\/li>\n\n\n\n<li><strong>N\u2019ignorez jamais les conseils m\u00e9dicaux professionnels<\/strong> bas\u00e9s sur les informations obtenues \u00e0 partir de cette plateforme.<\/li>\n\n\n\n<li>Les assistants IA <strong>ne sont pas r\u00e9glement\u00e9s par la FDA<\/strong> ou d\u2019autres entit\u00e9s m\u00e9dicales.<\/li>\n<\/ul>\n\n<p><strong>3. Limitation de responsabilit\u00e9<\/strong><\/p>\n\n<ul class=\"wp-block-list\">\n<li><strong>Quantum System LLC ne garantit<\/strong> pas les r\u00e9sultats sp\u00e9cifiques des recommandations fournies.<\/li>\n\n\n\n<li><strong>L&rsquo;utilisateur assume tous les risques<\/strong> li\u00e9s \u00e0 l&rsquo;utilisation des informations obtenues. L&rsquo;entreprise d\u00e9cline toute responsabilit\u00e9 en cas de pr\u00e9judice physique, moral ou financier r\u00e9sultant de leur utilisation. <\/li>\n\n\n\n<li>Le contenu peut ne pas \u00eatre \u00e0 jour avec les derni\u00e8res recherches m\u00e9dicales.<\/li>\n<\/ul>\n\n<p><strong>4. Avertissements sp\u00e9cifiques<\/strong><\/p>\n\n<ul class=\"wp-block-list\">\n<li><strong>Compl\u00e9ments naturels<\/strong> : peuvent interagir avec des m\u00e9dicaments ou avoir des effets secondaires.<\/li>\n\n\n\n<li><strong>Th\u00e9rapies alternatives<\/strong> : elles ne sont pas toutes appuy\u00e9es par des preuves scientifiques.<\/li>\n\n\n\n<li><strong>Groupe sanguin<\/strong> : Les recommandations bas\u00e9es sur ce crit\u00e8re sont th\u00e9oriques et non universelles.<\/li>\n<\/ul>\n\n<p><strong>5. Exclusion de garantie<\/strong><br\/>DrQuantum.io fonctionne \u00ab en l&rsquo;\u00e9tat \u00bb (<strong>as-is<\/strong>). Nous ne garantissons pas que les informations : <\/p>\n\n<ul class=\"wp-block-list\">\n<li>Sans erreur.<\/li>\n\n\n\n<li>Complet ou pr\u00e9cis.<\/li>\n\n\n\n<li>Applicable \u00e0 toutes les conditions de sant\u00e9.<\/li>\n<\/ul>\n\n<p><strong>6. Consentement de l&rsquo;utilisateur<\/strong><br\/>En utilisant ce site, vous acceptez :<\/p>\n\n<ul class=\"wp-block-list\">\n<li>Que vous avez lu et compris cette clause de non-responsabilit\u00e9.<\/li>\n\n\n\n<li>Que vous <strong>lib\u00e9riez Quantum System LLC<\/strong> de toute r\u00e9clamation li\u00e9e \u00e0 l&rsquo;utilisation des informations fournies.<\/li>\n<\/ul>\n\n<p><strong>7. Contact en cas d&rsquo;urgence m\u00e9dicale<\/strong><br\/>En cas d&rsquo;urgence, <strong>appelez le 911 (\u00c9tats-Unis) ou les services d&rsquo;urgence locaux.<\/strong><\/p>\n\n<p><\/p>\n","protected":false},"excerpt":{"rendered":"<p>\ud83d\udd2c AVIS DE NON-RESPONSABILIT\u00c9 M\u00c9DICALE \u2013 DRQUANTUM.IO Derni\u00e8re mise \u00e0 jour : [Date] 1. Objet des informationsLes assistants d&rsquo;intelligence artificielle (IA) de Quantum System LLC (exer\u00e7ant leurs activit\u00e9s sous le nom drquantum.io) fournissent des informations g\u00e9n\u00e9rales sur : Ces informations sont fournies uniquement \u00e0 des fins \u00e9ducatives et de bien-\u00eatre g\u00e9n\u00e9ral. Il ne s\u2019agit PAS [&hellip;]<\/p>\n","protected":false},"author":1,"featured_media":0,"parent":0,"menu_order":0,"comment_status":"closed","ping_status":"closed","template":"","meta":{"footnotes":""},"class_list":["post-4349","page","type-page","status-publish","hentry"],"_links":{"self":[{"href":"https:\/\/drquantum.io\/fr\/wp-json\/wp\/v2\/pages\/4349","targetHints":{"allow":["GET"]}}],"collection":[{"href":"https:\/\/drquantum.io\/fr\/wp-json\/wp\/v2\/pages"}],"about":[{"href":"https:\/\/drquantum.io\/fr\/wp-json\/wp\/v2\/types\/page"}],"author":[{"embeddable":true,"href":"https:\/\/drquantum.io\/fr\/wp-json\/wp\/v2\/users\/1"}],"replies":[{"embeddable":true,"href":"https:\/\/drquantum.io\/fr\/wp-json\/wp\/v2\/comments?post=4349"}],"version-history":[{"count":1,"href":"https:\/\/drquantum.io\/fr\/wp-json\/wp\/v2\/pages\/4349\/revisions"}],"predecessor-version":[{"id":4350,"href":"https:\/\/drquantum.io\/fr\/wp-json\/wp\/v2\/pages\/4349\/revisions\/4350"}],"wp:attachment":[{"href":"https:\/\/drquantum.io\/fr\/wp-json\/wp\/v2\/media?parent=4349"}],"curies":[{"name":"wp","href":"https:\/\/api.w.org\/{rel}","templated":true}]}}