{"id":4334,"date":"2025-07-29T14:41:05","date_gmt":"2025-07-29T12:41:05","guid":{"rendered":"https:\/\/drquantum.io\/politique-de-confidentialite\/"},"modified":"2025-09-28T15:16:43","modified_gmt":"2025-09-28T13:16:43","slug":"politique-de-confidentialite","status":"publish","type":"page","link":"https:\/\/drquantum.io\/fr\/politique-de-confidentialite\/","title":{"rendered":"POLITIQUE DE CONFIDENTIALIT\u00c9"},"content":{"rendered":"\n<h3 class=\"wp-block-heading\"><strong>2. Politique de confidentialit\u00e9<\/strong><\/h3>\n\n<p><strong>Comment nous collectons et utilisons vos donn\u00e9es :<\/strong><\/p>\n\n<ul class=\"wp-block-list\">\n<li><strong>Donn\u00e9es collect\u00e9es<\/strong> : nom, e-mail, historique des requ\u00eates IA, IP (pour l&rsquo;analyse).<\/li>\n\n\n\n<li><strong>Utilisation<\/strong> : am\u00e9liorez les assistants IA, traitez les r\u00e9compenses de parrainage et envoyez des mises \u00e0 jour (avec votre consentement).<\/li>\n\n\n\n<li><strong>Cookies<\/strong> : Nous utilisons des cookies \u00e0 des fins d&rsquo;analyse (Google Analytics) et de fonctionnalit\u00e9. Vous pouvez les d\u00e9sactiver dans votre navigateur. <\/li>\n\n\n\n<li><strong>Protection des donn\u00e9es <\/strong>: Nous ne vendons pas vos informations \u00e0 des tiers. Nous respectons les lois <strong>CCPA <\/strong>(Californie) et <strong>COPPA<\/strong> (protection de l&rsquo;enfance). <\/li>\n<\/ul>\n\n<p><strong>Droits des utilisateurs<\/strong> :<\/p>\n\n<ul class=\"wp-block-list\">\n<li>Acc\u00e9der, corriger ou demander la suppression de vos donn\u00e9es (contact : info@qrquantum.io).<\/li>\n<\/ul>\n\n<hr class=\"wp-block-separator has-alpha-channel-opacity\"\/>\n\n<h3 class=\"wp-block-heading\"><strong>3. Mentions l\u00e9gales (pied de page Web)<\/strong><\/h3>\n\n<p><em>Quantum System LLC est une soci\u00e9t\u00e9 enregistr\u00e9e en Floride, aux \u00c9tats-Unis. Les informations fournies par les assistants d&rsquo;IA ne constituent pas un avis m\u00e9dical. Consultez un professionnel de sant\u00e9 avant de prendre toute d\u00e9cision concernant votre sant\u00e9.<\/em><\/p>\n\n<hr class=\"wp-block-separator has-alpha-channel-opacity\"\/>\n\n<h3 class=\"wp-block-heading\"><strong>4. Politique relative aux cookies<\/strong><\/h3>\n\n<ul class=\"wp-block-list\">\n<li><strong>Cookies essentiels<\/strong> : Pour le fonctionnement de base du site.<\/li>\n\n\n\n<li><strong>Cookies d&rsquo;analyse<\/strong> : Google Analytics (anonymise les IP).<\/li>\n\n\n\n<li><strong>Comment les d\u00e9sactiver<\/strong> : instructions pour Chrome, Safari, etc.<\/li>\n<\/ul>\n\n<hr class=\"wp-block-separator has-alpha-channel-opacity\"\/>\n\n<h3 class=\"wp-block-heading\"><strong>5. Avis de non-responsabilit\u00e9 m\u00e9dicale<\/strong><\/h3>\n\n<p><em>Le contenu de ce site web est fourni \u00e0 titre informatif uniquement. Quantum System LLC d\u00e9cline toute responsabilit\u00e9 en cas d&rsquo;utilisation abusive des informations fournies par les assistants IA.<\/em><\/p>\n","protected":false},"excerpt":{"rendered":"<p>2. Politique de confidentialit\u00e9 Comment nous collectons et utilisons vos donn\u00e9es : Droits des utilisateurs : 3. Mentions l\u00e9gales (pied de page Web) Quantum System LLC est une soci\u00e9t\u00e9 enregistr\u00e9e en Floride, aux \u00c9tats-Unis. Les informations fournies par les assistants d&rsquo;IA ne constituent pas un avis m\u00e9dical. Consultez un professionnel de sant\u00e9 avant de prendre [&hellip;]<\/p>\n","protected":false},"author":1,"featured_media":0,"parent":0,"menu_order":0,"comment_status":"closed","ping_status":"closed","template":"","meta":{"footnotes":""},"class_list":["post-4334","page","type-page","status-publish","hentry"],"_links":{"self":[{"href":"https:\/\/drquantum.io\/fr\/wp-json\/wp\/v2\/pages\/4334","targetHints":{"allow":["GET"]}}],"collection":[{"href":"https:\/\/drquantum.io\/fr\/wp-json\/wp\/v2\/pages"}],"about":[{"href":"https:\/\/drquantum.io\/fr\/wp-json\/wp\/v2\/types\/page"}],"author":[{"embeddable":true,"href":"https:\/\/drquantum.io\/fr\/wp-json\/wp\/v2\/users\/1"}],"replies":[{"embeddable":true,"href":"https:\/\/drquantum.io\/fr\/wp-json\/wp\/v2\/comments?post=4334"}],"version-history":[{"count":1,"href":"https:\/\/drquantum.io\/fr\/wp-json\/wp\/v2\/pages\/4334\/revisions"}],"predecessor-version":[{"id":4335,"href":"https:\/\/drquantum.io\/fr\/wp-json\/wp\/v2\/pages\/4334\/revisions\/4335"}],"wp:attachment":[{"href":"https:\/\/drquantum.io\/fr\/wp-json\/wp\/v2\/media?parent=4334"}],"curies":[{"name":"wp","href":"https:\/\/api.w.org\/{rel}","templated":true}]}}