{"id":4304,"date":"2025-07-29T15:28:52","date_gmt":"2025-07-29T13:28:52","guid":{"rendered":"https:\/\/drquantum.io\/avertissement-anti-spam-drquantum-io\/"},"modified":"2025-09-24T14:50:47","modified_gmt":"2025-09-24T12:50:47","slug":"avertissement-anti-spam-drquantum-io","status":"publish","type":"page","link":"https:\/\/drquantum.io\/fr\/avertissement-anti-spam-drquantum-io\/","title":{"rendered":"AVIS ANTI-SPAM \u2013 DRQUANTUM.IO"},"content":{"rendered":"\n<p><strong>Conformit\u00e9 \u00e0 la loi CAN-SPAM (\u00c9tats-Unis)<\/strong><br\/><em>Derni\u00e8re mise \u00e0 jour : [Date]<\/em><\/p>\n\n<h4 class=\"wp-block-heading\"><strong>1. Engagement anti-spam<\/strong><\/h4>\n\n<p>Quantum System LLC (<strong>drquantum.io<\/strong>) se conforme \u00e0 la<strong> loi CAN-SPAM<\/strong> (15 U.S.C. 7701) et interdit l&rsquo;envoi de courriers \u00e9lectroniques non sollicit\u00e9s (\u00ab spam \u00bb) via :<\/p>\n\n<ul class=\"wp-block-list\">\n<li>Campagnes de marketing par e-mail.<\/li>\n\n\n\n<li>Programme de r\u00e9f\u00e9rencement.<\/li>\n\n\n\n<li>Communications promotionnelles.<\/li>\n<\/ul>\n\n<h4 class=\"wp-block-heading\"><strong>2. Exigences CAN-SPAM<\/strong><\/h4>\n\n<p>Tous nos e-mails incluent :<br\/>\u2713<strong> Identification claire<\/strong> :<\/p>\n\n<ul class=\"wp-block-list\">\n<li>Nom physique de l&rsquo;entreprise : <strong>Quantum System LLC<\/strong> (336 E. College Ave. Suite 301, Tallahassee, FL 32301).<\/li>\n\n\n\n<li>Domaine valide : <strong>@drquantum.io.<\/strong><br\/>\u2713 <strong>Objet transparent<\/strong> : Aucun langage trompeur (par exemple, \u00ab Gagnez de l&rsquo;argent rapidement \u00bb si le message n&rsquo;est pas authentique).<br\/>\u2713 <strong>Option de d\u00e9sabonnement<\/strong> : Lien fonctionnel dans chaque e-mail (trait\u00e9 en \u2264 10 jours).<br\/>\u2713 <strong>Politique de confidentialit\u00e9<\/strong> : Lien vers [<a href=\"https:\/\/drquantum.io\/privacidad\" target=\"_blank\" rel=\"noreferrer noopener\">https:\/\/drquantum.io\/privacy<\/a>].<\/li>\n<\/ul>\n\n<h4 class=\"wp-block-heading\"><strong>3. Interdictions pour les affili\u00e9s<\/strong><\/h4>\n\n<p>Si vous participez \u00e0 notre <strong>programme de parrainage<\/strong>, vous NE POUVEZ PAS :<\/p>\n\n<ul class=\"wp-block-list\">\n<li>Listes d&rsquo;achat\/d&rsquo;envoi ou utilisation du web scraping.<\/li>\n\n\n\n<li>Falsification des en-t\u00eates de courrier \u00e9lectronique (\u00ab spoofing \u00bb).<\/li>\n\n\n\n<li>Masquer l&rsquo;identit\u00e9 de drquantum.io dans les promotions.<\/li>\n<\/ul>\n\n<p><strong>Cons\u00e9quences<\/strong> : R\u00e9siliation imm\u00e9diate de l&rsquo;affili\u00e9 + retenue des commissions.<\/p>\n\n<h4 class=\"wp-block-heading\"><strong>4. Signaler un spam<\/strong><\/h4>\n\n<p>Si vous recevez un e-mail suspect provenant pr\u00e9tendument de drquantum.io :<\/p>\n\n<ul class=\"wp-block-list\">\n<li><strong>Transf\u00e9rez-le \u00e0<\/strong> : [abuse@drquantum .io].<\/li>\n\n\n\n<li><strong>Signalez-le \u00e0 la FTC<\/strong> : [<a href=\"http:\/\/www.ftc.gov\/spam\" target=\"_blank\" rel=\"noreferrer noopener\">www.ftc.gov\/spam<\/a>].<\/li>\n<\/ul>\n","protected":false},"excerpt":{"rendered":"<p>Conformit\u00e9 \u00e0 la loi CAN-SPAM (\u00c9tats-Unis)Derni\u00e8re mise \u00e0 jour : [Date] 1. Engagement anti-spam Quantum System LLC (drquantum.io) se conforme \u00e0 la loi CAN-SPAM (15 U.S.C. 7701) et interdit l&rsquo;envoi de courriers \u00e9lectroniques non sollicit\u00e9s (\u00ab spam \u00bb) via : 2. Exigences CAN-SPAM Tous nos e-mails incluent :\u2713 Identification claire : 3. Interdictions pour les [&hellip;]<\/p>\n","protected":false},"author":1,"featured_media":0,"parent":0,"menu_order":0,"comment_status":"closed","ping_status":"closed","template":"","meta":{"footnotes":""},"class_list":["post-4304","page","type-page","status-publish","hentry"],"_links":{"self":[{"href":"https:\/\/drquantum.io\/fr\/wp-json\/wp\/v2\/pages\/4304","targetHints":{"allow":["GET"]}}],"collection":[{"href":"https:\/\/drquantum.io\/fr\/wp-json\/wp\/v2\/pages"}],"about":[{"href":"https:\/\/drquantum.io\/fr\/wp-json\/wp\/v2\/types\/page"}],"author":[{"embeddable":true,"href":"https:\/\/drquantum.io\/fr\/wp-json\/wp\/v2\/users\/1"}],"replies":[{"embeddable":true,"href":"https:\/\/drquantum.io\/fr\/wp-json\/wp\/v2\/comments?post=4304"}],"version-history":[{"count":1,"href":"https:\/\/drquantum.io\/fr\/wp-json\/wp\/v2\/pages\/4304\/revisions"}],"predecessor-version":[{"id":4305,"href":"https:\/\/drquantum.io\/fr\/wp-json\/wp\/v2\/pages\/4304\/revisions\/4305"}],"wp:attachment":[{"href":"https:\/\/drquantum.io\/fr\/wp-json\/wp\/v2\/media?parent=4304"}],"curies":[{"name":"wp","href":"https:\/\/api.w.org\/{rel}","templated":true}]}}