{"id":3537,"date":"2025-06-24T20:10:49","date_gmt":"2025-06-24T18:10:49","guid":{"rendered":"https:\/\/drquantum.io\/promotion-iteracare\/"},"modified":"2025-06-26T12:48:57","modified_gmt":"2025-06-26T10:48:57","slug":"promotion-iteracare","status":"publish","type":"page","link":"https:\/\/drquantum.io\/fr\/promotion-iteracare\/","title":{"rendered":"Promotion iTeraCare"},"content":{"rendered":"\t\t<div data-elementor-type=\"wp-page\" data-elementor-id=\"3537\" class=\"elementor elementor-3537 elementor-3479\" data-elementor-post-type=\"page\">\n\t\t\t\t<div class=\"elementor-element elementor-element-ef4104f e-con-full e-flex e-con e-parent\" data-id=\"ef4104f\" data-element_type=\"container\">\n\t\t\t\t<div class=\"elementor-element elementor-element-039c2c9 elementor-widget elementor-widget-image\" data-id=\"039c2c9\" data-element_type=\"widget\" data-widget_type=\"image.default\">\n\t\t\t\t<div class=\"elementor-widget-container\">\n\t\t\t\t\t\t\t\t\t\t\t\t\t\t\t<img fetchpriority=\"high\" decoding=\"async\" width=\"1512\" height=\"600\" src=\"https:\/\/drquantum.io\/wp-content\/uploads\/2025\/06\/promocion-iteracare-Dr.-Quantum.webp\" class=\"attachment-full size-full wp-image-3484\" alt=\"promocion iteracare Dr. Quantum\" srcset=\"https:\/\/drquantum.io\/wp-content\/uploads\/2025\/06\/promocion-iteracare-Dr.-Quantum.webp 1512w, https:\/\/drquantum.io\/wp-content\/uploads\/2025\/06\/promocion-iteracare-Dr.-Quantum-300x119.webp 300w, https:\/\/drquantum.io\/wp-content\/uploads\/2025\/06\/promocion-iteracare-Dr.-Quantum-1024x406.webp 1024w, https:\/\/drquantum.io\/wp-content\/uploads\/2025\/06\/promocion-iteracare-Dr.-Quantum-768x305.webp 768w\" sizes=\"(max-width: 1512px) 100vw, 1512px\" \/>\t\t\t\t\t\t\t\t\t\t\t\t\t\t\t<\/div>\n\t\t\t\t<\/div>\n\t\t\t\t<\/div>\n\t\t<div class=\"elementor-element elementor-element-29c258e e-flex e-con-boxed e-con e-parent\" data-id=\"29c258e\" data-element_type=\"container\">\n\t\t\t\t\t<div class=\"e-con-inner\">\n\t\t\t\t<div class=\"elementor-element elementor-element-5351651 elementor-widget elementor-widget-text-editor\" data-id=\"5351651\" data-element_type=\"widget\" data-widget_type=\"text-editor.default\">\n\t\t\t\t<div class=\"elementor-widget-container\">\n\t\t\t\t\t\t\t\t\t<h2><strong>Que sont les jetons Dr. Quantum ?<br><\/strong><\/h2><p>Les<strong> jetons <\/strong>sont des cr\u00e9dits num\u00e9riques qui donnent acc\u00e8s aux services avanc\u00e9s de la plateforme <strong>Dr. Quantum<\/strong>, un outil innovant bas\u00e9 sur l&rsquo;intelligence artificielle sp\u00e9cialis\u00e9 dans :<\/p>\t\t\t\t\t\t\t\t<\/div>\n\t\t\t\t<\/div>\n\t\t\t\t\t<\/div>\n\t\t\t\t<\/div>\n\t\t<div class=\"elementor-element elementor-element-2a798af e-flex e-con-boxed e-con e-parent\" data-id=\"2a798af\" data-element_type=\"container\">\n\t\t\t\t\t<div class=\"e-con-inner\">\n\t\t<div class=\"elementor-element elementor-element-40cf6f7 e-con-full e-flex e-con e-child\" data-id=\"40cf6f7\" data-element_type=\"container\">\n\t\t\t\t<div class=\"elementor-element elementor-element-f984db2 elementor-widget elementor-widget-image\" data-id=\"f984db2\" data-element_type=\"widget\" data-widget_type=\"image.default\">\n\t\t\t\t<div class=\"elementor-widget-container\">\n\t\t\t\t\t\t\t\t\t\t\t\t\t\t\t<img decoding=\"async\" width=\"400\" height=\"408\" src=\"https:\/\/drquantum.io\/wp-content\/uploads\/2025\/06\/DR-QUANTUM-DISPOSITIVO-400-2.webp\" class=\"attachment-large size-large wp-image-3495\" alt=\"\" srcset=\"https:\/\/drquantum.io\/wp-content\/uploads\/2025\/06\/DR-QUANTUM-DISPOSITIVO-400-2.webp 400w, https:\/\/drquantum.io\/wp-content\/uploads\/2025\/06\/DR-QUANTUM-DISPOSITIVO-400-2-294x300.webp 294w\" sizes=\"(max-width: 400px) 100vw, 400px\" \/>\t\t\t\t\t\t\t\t\t\t\t\t\t\t\t<\/div>\n\t\t\t\t<\/div>\n\t\t\t\t<\/div>\n\t\t<div class=\"elementor-element elementor-element-084342c e-con-full e-flex e-con e-child\" data-id=\"084342c\" data-element_type=\"container\">\n\t\t\t\t<div class=\"elementor-element elementor-element-ea8bd58 elementor-widget elementor-widget-text-editor\" data-id=\"ea8bd58\" data-element_type=\"widget\" data-widget_type=\"text-editor.default\">\n\t\t\t\t<div class=\"elementor-widget-container\">\n\t\t\t\t\t\t\t\t\t<ul><li><p class=\"ds-markdown-paragraph\"><strong>M\u00e9decine quantique<\/strong><\/p><\/li><li><p class=\"ds-markdown-paragraph\"><strong>Th\u00e9rapies t\u00e9rahertz<\/strong><\/p><\/li><li><p class=\"ds-markdown-paragraph\"><strong>M\u00e9decine holistique et chinoise<\/strong><\/p><\/li><li><p class=\"ds-markdown-paragraph\"><strong>Acupuncture \u00e9nerg\u00e9tique<\/strong><\/p><\/li><li><p class=\"ds-markdown-paragraph\"><strong>Protocoles personnalis\u00e9s<br><\/strong><\/p><\/li><li><strong>Aliments selon votre groupe sanguin<\/strong><\/li><\/ul>\t\t\t\t\t\t\t\t<\/div>\n\t\t\t\t<\/div>\n\t\t\t\t<\/div>\n\t\t\t\t\t<\/div>\n\t\t\t\t<\/div>\n\t\t<div class=\"elementor-element elementor-element-c09c9a9 e-flex e-con-boxed e-con e-parent\" data-id=\"c09c9a9\" data-element_type=\"container\" data-settings=\"{&quot;background_background&quot;:&quot;classic&quot;}\">\n\t\t\t\t\t<div class=\"e-con-inner\">\n\t\t\t\t<div class=\"elementor-element elementor-element-61a8942 elementor-widget elementor-widget-text-editor\" data-id=\"61a8942\" data-element_type=\"widget\" data-widget_type=\"text-editor.default\">\n\t\t\t\t<div class=\"elementor-widget-container\">\n\t\t\t\t\t\t\t\t\t<h2><strong>Comment obtenir des jetons ?<\/strong><\/h2><p class=\"ds-markdown-paragraph\" style=\"text-align: left;\">\u2705 <strong>\u00c0 l&rsquo;achat d&rsquo;un appareil iTeraCare <\/strong>sur la boutique <a href=\"https:\/\/iterahertz.life\/fr\/\" target=\"_blank\" rel=\"noopener\">https:\/\/iterahertz.life,<\/a> vous recevrez des jetons gratuits pour commencer \u00e0 utiliser la plateforme Dr. Quantum.<br>\u2705 Vous pouvez \u00e9galement acheter des jetons suppl\u00e9mentaires directement sur <a href=\"https:\/\/drquantum.io\/fr\/\" target=\"_blank\" rel=\"noopener noreferrer\">drquantum.io<\/a> pour \u00e9tendre vos s\u00e9ances.<\/p>\t\t\t\t\t\t\t\t<\/div>\n\t\t\t\t<\/div>\n\t\t\t\t\t<\/div>\n\t\t\t\t<\/div>\n\t\t<div class=\"elementor-element elementor-element-c1d8f15 e-flex e-con-boxed e-con e-parent\" data-id=\"c1d8f15\" data-element_type=\"container\">\n\t\t\t\t\t<div class=\"e-con-inner\">\n\t\t<div class=\"elementor-element elementor-element-a82d602 e-con-full e-flex e-con e-child\" data-id=\"a82d602\" data-element_type=\"container\">\n\t\t\t\t<div class=\"elementor-element elementor-element-6469c8b elementor-widget elementor-widget-text-editor\" data-id=\"6469c8b\" data-element_type=\"widget\" data-widget_type=\"text-editor.default\">\n\t\t\t\t<div class=\"elementor-widget-container\">\n\t\t\t\t\t\t\t\t\t<h2><strong>Avantages de la plateforme<br>Dr. Quantum<\/strong><\/h2><p class=\"ds-markdown-paragraph\">La plateforme allie la technologie <strong>t\u00e9rahertz<\/strong> \u00e0 des connaissances ancestrales pour vous offrir :<br>\ud83d\udd39 <strong>Des diagnostics \u00e9nerg\u00e9tiques <\/strong>adapt\u00e9s \u00e0 vos sympt\u00f4mes.<br>\ud83d\udd39 <strong>Des protocoles personnalis\u00e9s<\/strong> (th\u00e9rapies fr\u00e9quentielles, points d&rsquo;acupression, rem\u00e8des holistiques).<br>\ud83d\udd39 Une assistance <strong>24h\/24 et 7j\/7<\/strong> avec des assistants form\u00e9s en m\u00e9decine alternative.<br>\ud83d\udd39 <strong>Une int\u00e9gration avec les appareils iTeraCare<\/strong> pour optimiser les r\u00e9sultats.<\/p>\t\t\t\t\t\t\t\t<\/div>\n\t\t\t\t<\/div>\n\t\t\t\t<\/div>\n\t\t<div class=\"elementor-element elementor-element-9702c9f e-con-full e-flex e-con e-child\" data-id=\"9702c9f\" data-element_type=\"container\">\n\t\t\t\t<div class=\"elementor-element elementor-element-4e9754e elementor-widget elementor-widget-image\" data-id=\"4e9754e\" data-element_type=\"widget\" data-widget_type=\"image.default\">\n\t\t\t\t<div class=\"elementor-widget-container\">\n\t\t\t\t\t\t\t\t\t\t\t\t\t\t\t<img decoding=\"async\" width=\"683\" height=\"1024\" src=\"https:\/\/drquantum.io\/wp-content\/uploads\/2025\/06\/Dr.-hemo-protocolos-segun-tipo-de-sangre-683x1024.webp\" class=\"attachment-large size-large wp-image-3503\" alt=\"\" srcset=\"https:\/\/drquantum.io\/wp-content\/uploads\/2025\/06\/Dr.-hemo-protocolos-segun-tipo-de-sangre-683x1024.webp 683w, https:\/\/drquantum.io\/wp-content\/uploads\/2025\/06\/Dr.-hemo-protocolos-segun-tipo-de-sangre-200x300.webp 200w, https:\/\/drquantum.io\/wp-content\/uploads\/2025\/06\/Dr.-hemo-protocolos-segun-tipo-de-sangre-768x1152.webp 768w, https:\/\/drquantum.io\/wp-content\/uploads\/2025\/06\/Dr.-hemo-protocolos-segun-tipo-de-sangre.webp 800w\" sizes=\"(max-width: 683px) 100vw, 683px\" \/>\t\t\t\t\t\t\t\t\t\t\t\t\t\t\t<\/div>\n\t\t\t\t<\/div>\n\t\t\t\t<\/div>\n\t\t\t\t\t<\/div>\n\t\t\t\t<\/div>\n\t\t<div class=\"elementor-element elementor-element-23103b9 e-flex e-con-boxed e-con e-parent\" data-id=\"23103b9\" data-element_type=\"container\">\n\t\t\t\t\t<div class=\"e-con-inner\">\n\t\t<div class=\"elementor-element elementor-element-98429b9 e-con-full e-flex e-con e-child\" data-id=\"98429b9\" data-element_type=\"container\">\n\t\t\t\t<div class=\"elementor-element elementor-element-8adfcb9 elementor-widget elementor-widget-image\" data-id=\"8adfcb9\" data-element_type=\"widget\" data-widget_type=\"image.default\">\n\t\t\t\t<div class=\"elementor-widget-container\">\n\t\t\t\t\t\t\t\t\t\t\t\t\t\t\t<img loading=\"lazy\" decoding=\"async\" width=\"300\" height=\"300\" src=\"https:\/\/drquantum.io\/wp-content\/uploads\/2025\/06\/WhatsApp-Image-2025-06-24-at-20.11.12-300x300.jpeg\" class=\"attachment-medium size-medium wp-image-3511\" alt=\"\" srcset=\"https:\/\/drquantum.io\/wp-content\/uploads\/2025\/06\/WhatsApp-Image-2025-06-24-at-20.11.12-300x300.jpeg 300w, https:\/\/drquantum.io\/wp-content\/uploads\/2025\/06\/WhatsApp-Image-2025-06-24-at-20.11.12-150x150.jpeg 150w, https:\/\/drquantum.io\/wp-content\/uploads\/2025\/06\/WhatsApp-Image-2025-06-24-at-20.11.12-768x768.jpeg 768w, https:\/\/drquantum.io\/wp-content\/uploads\/2025\/06\/WhatsApp-Image-2025-06-24-at-20.11.12.jpeg 1024w\" sizes=\"(max-width: 300px) 100vw, 300px\" \/>\t\t\t\t\t\t\t\t\t\t\t\t\t\t\t<\/div>\n\t\t\t\t<\/div>\n\t\t\t\t<\/div>\n\t\t<div class=\"elementor-element elementor-element-88a0586 e-con-full e-flex e-con e-child\" data-id=\"88a0586\" data-element_type=\"container\">\n\t\t\t\t<div class=\"elementor-element elementor-element-8ffc153 elementor-widget elementor-widget-text-editor\" data-id=\"8ffc153\" data-element_type=\"widget\" data-widget_type=\"text-editor.default\">\n\t\t\t\t<div class=\"elementor-widget-container\">\n\t\t\t\t\t\t\t\t\t<h2><strong>Comment utiliser vos jetons ?<\/strong><\/h2><ol start=\"1\"><li><p class=\"ds-markdown-paragraph\"><strong>Inscrivez-vous sur <\/strong><a href=\"https:\/\/chat.drquantum.io\/fr\/\">chat.drquantum.io.<\/a><\/p><\/li><li><p class=\"ds-markdown-paragraph\"><strong>Vous recevrez vos jetons<\/strong> (lors de l&rsquo;achat de votre appareil iTeraCare).<\/p><\/li><li><p class=\"ds-markdown-paragraph\"><strong>D\u00e9crivez votre \u00e9tat de sant\u00e9 ou votre objectif.<\/strong><\/p><\/li><li><p class=\"ds-markdown-paragraph\"><strong>Recevez un protocole quantique<\/strong> con\u00e7u pour vous.<\/p><\/li><\/ol>\t\t\t\t\t\t\t\t<\/div>\n\t\t\t\t<\/div>\n\t\t\t\t<\/div>\n\t\t\t\t\t<\/div>\n\t\t\t\t<\/div>\n\t\t<div class=\"elementor-element elementor-element-8f17f05 e-flex e-con-boxed e-con e-parent\" data-id=\"8f17f05\" data-element_type=\"container\">\n\t\t\t\t\t<div class=\"e-con-inner\">\n\t\t\t\t<div class=\"elementor-element elementor-element-b7d9af3 elementor-widget elementor-widget-text-editor\" data-id=\"b7d9af3\" data-element_type=\"widget\" data-widget_type=\"text-editor.default\">\n\t\t\t\t<div class=\"elementor-widget-container\">\n\t\t\t\t\t\t\t\t\t<h2><strong>iTeraCare + Dr. Quantum : une combinaison puissante<\/strong><\/h2><p class=\"ds-markdown-paragraph\">Les appareils <strong>t\u00e9rahertz iTeraCare<\/strong> am\u00e9liorent les effets des th\u00e9rapies recommand\u00e9es par le Dr Quantum, cr\u00e9ant une approche globale du bien-\u00eatre physique et \u00e9nerg\u00e9tique.<\/p><p class=\"ds-markdown-paragraph\">\ud83d\udce2 <strong>Procurez-vous votre appareil iTeraCare<\/strong> d\u00e8s aujourd&rsquo;hui et commencez \u00e0 utiliser vos jetons chez Dr. Quantum<br>Visitez <a href=\"https:\/\/iteracare.life\/fr\/\" target=\"_blank\" rel=\"noopener noreferrer\">iTeraCare.Life<\/a><\/p>\t\t\t\t\t\t\t\t<\/div>\n\t\t\t\t<\/div>\n\t\t\t\t<div class=\"elementor-element elementor-element-1167de9 elementor-widget elementor-widget-text-editor\" data-id=\"1167de9\" data-element_type=\"widget\" data-widget_type=\"text-editor.default\">\n\t\t\t\t<div class=\"elementor-widget-container\">\n\t\t\t\t\t\t\t\t\t<h3><strong>Questions fr\u00e9quemment pos\u00e9es<\/strong><\/h3><p class=\"ds-markdown-paragraph\">\u2753<strong> Les jetons expirent-ils ?<\/strong><br>Non, ils sont valables jusqu&rsquo;\u00e0 leur utilisation.<\/p><p class=\"ds-markdown-paragraph\">\u2753 <strong>Puis-je partager mes tokens ?<\/strong><br>Oui, mais chaque protocole est personnalis\u00e9, il est donc recommand\u00e9 de les utiliser individuellement.<\/p><p class=\"ds-markdown-paragraph\">\u2753 <strong>La plateforme remplace-t-elle un m\u00e9decin ?<\/strong><br>Non, c&rsquo;est un compl\u00e9ment holistique. Consultez toujours un professionnel de sant\u00e9. <\/p>\t\t\t\t\t\t\t\t<\/div>\n\t\t\t\t<\/div>\n\t\t\t\t\t<\/div>\n\t\t\t\t<\/div>\n\t\t<div class=\"elementor-element elementor-element-74a3a32 e-flex e-con-boxed e-con e-parent\" data-id=\"74a3a32\" data-element_type=\"container\" data-settings=\"{&quot;background_background&quot;:&quot;classic&quot;}\">\n\t\t\t\t\t<div class=\"e-con-inner\">\n\t\t\t\t<div class=\"elementor-element elementor-element-ea73a3c elementor-widget elementor-widget-text-editor\" data-id=\"ea73a3c\" data-element_type=\"widget\" data-widget_type=\"text-editor.default\">\n\t\t\t\t<div class=\"elementor-widget-container\">\n\t\t\t\t\t\t\t\t\t<p>\ud83d\udca1 <strong>Pr\u00eat \u00e0 explorer la m\u00e9decine du futur ?<\/strong><br>Utilisez vos jetons et d\u00e9couvrez comment la <strong>technologie quantique<\/strong> peut transformer votre sant\u00e9.<\/p>\t\t\t\t\t\t\t\t<\/div>\n\t\t\t\t<\/div>\n\t\t\t\t\t<\/div>\n\t\t\t\t<\/div>\n\t\t<div class=\"elementor-element elementor-element-4240e4f e-flex e-con-boxed e-con e-parent\" data-id=\"4240e4f\" data-element_type=\"container\">\n\t\t\t\t\t<div class=\"e-con-inner\">\n\t\t\t\t\t<\/div>\n\t\t\t\t<\/div>\n\t\t\t\t<\/div>\n\t\t","protected":false},"excerpt":{"rendered":"<p>Que sont les jetons Dr. Quantum ? Les jetons sont des cr\u00e9dits num\u00e9riques qui donnent acc\u00e8s aux services avanc\u00e9s de la plateforme Dr. Quantum, un outil innovant bas\u00e9 sur l&rsquo;intelligence artificielle sp\u00e9cialis\u00e9 dans : M\u00e9decine quantique Th\u00e9rapies t\u00e9rahertz M\u00e9decine holistique et chinoise Acupuncture \u00e9nerg\u00e9tique Protocoles personnalis\u00e9s Aliments selon votre groupe sanguin Comment obtenir des jetons [&hellip;]<\/p>\n","protected":false},"author":1,"featured_media":3484,"parent":0,"menu_order":0,"comment_status":"closed","ping_status":"closed","template":"elementor_header_footer","meta":{"footnotes":""},"class_list":["post-3537","page","type-page","status-publish","has-post-thumbnail","hentry"],"_links":{"self":[{"href":"https:\/\/drquantum.io\/fr\/wp-json\/wp\/v2\/pages\/3537","targetHints":{"allow":["GET"]}}],"collection":[{"href":"https:\/\/drquantum.io\/fr\/wp-json\/wp\/v2\/pages"}],"about":[{"href":"https:\/\/drquantum.io\/fr\/wp-json\/wp\/v2\/types\/page"}],"author":[{"embeddable":true,"href":"https:\/\/drquantum.io\/fr\/wp-json\/wp\/v2\/users\/1"}],"replies":[{"embeddable":true,"href":"https:\/\/drquantum.io\/fr\/wp-json\/wp\/v2\/comments?post=3537"}],"version-history":[{"count":1,"href":"https:\/\/drquantum.io\/fr\/wp-json\/wp\/v2\/pages\/3537\/revisions"}],"predecessor-version":[{"id":3538,"href":"https:\/\/drquantum.io\/fr\/wp-json\/wp\/v2\/pages\/3537\/revisions\/3538"}],"wp:featuredmedia":[{"embeddable":true,"href":"https:\/\/drquantum.io\/fr\/wp-json\/wp\/v2\/media\/3484"}],"wp:attachment":[{"href":"https:\/\/drquantum.io\/fr\/wp-json\/wp\/v2\/media?parent=3537"}],"curies":[{"name":"wp","href":"https:\/\/api.w.org\/{rel}","templated":true}]}}