{"id":2862,"date":"2025-05-26T20:16:59","date_gmt":"2025-05-26T18:16:59","guid":{"rendered":"https:\/\/drquantum.io\/chaman-kori\/"},"modified":"2025-09-17T14:41:04","modified_gmt":"2025-09-17T12:41:04","slug":"chaman-kori","status":"publish","type":"page","link":"https:\/\/drquantum.io\/fr\/chaman-kori\/","title":{"rendered":"Chaman kori gardien des secrets ancestraux"},"content":{"rendered":"\t\t<div data-elementor-type=\"wp-page\" data-elementor-id=\"2862\" class=\"elementor elementor-2862 elementor-2553\" data-elementor-post-type=\"page\">\n\t\t\t\t<div class=\"elementor-element elementor-element-3a9c47c0 e-flex e-con-boxed e-con e-parent\" data-id=\"3a9c47c0\" data-element_type=\"container\">\n\t\t\t\t\t<div class=\"e-con-inner\">\n\t\t<div class=\"elementor-element elementor-element-56815e20 e-con-full e-flex e-con e-child\" data-id=\"56815e20\" data-element_type=\"container\">\n\t\t\t\t<div class=\"elementor-element elementor-element-1459258d elementor-widget elementor-widget-image\" data-id=\"1459258d\" data-element_type=\"widget\" data-widget_type=\"image.default\">\n\t\t\t\t<div class=\"elementor-widget-container\">\n\t\t\t\t\t\t\t\t\t\t\t\t\t\t\t<img fetchpriority=\"high\" decoding=\"async\" width=\"300\" height=\"300\" src=\"https:\/\/drquantum.io\/wp-content\/uploads\/2025\/09\/chaman-kori-doctor-quantum-300x300.webp\" class=\"attachment-medium size-medium wp-image-4096\" alt=\"chaman kori doctor quantum\" srcset=\"https:\/\/drquantum.io\/wp-content\/uploads\/2025\/09\/chaman-kori-doctor-quantum-300x300.webp 300w, https:\/\/drquantum.io\/wp-content\/uploads\/2025\/09\/chaman-kori-doctor-quantum-150x150.webp 150w, https:\/\/drquantum.io\/wp-content\/uploads\/2025\/09\/chaman-kori-doctor-quantum.webp 694w\" sizes=\"(max-width: 300px) 100vw, 300px\" \/>\t\t\t\t\t\t\t\t\t\t\t\t\t\t\t<\/div>\n\t\t\t\t<\/div>\n\t\t\t\t<div class=\"elementor-element elementor-element-30b212f1 elementor-widget elementor-widget-text-editor\" data-id=\"30b212f1\" data-element_type=\"widget\" data-widget_type=\"text-editor.default\">\n\t\t\t\t<div class=\"elementor-widget-container\">\n\t\t\t\t\t\t\t\t\t<h1>Kori Chaman<\/h1><p class=\"ds-markdown-paragraph\"><strong>Bienvenue au Sanctuaire Cosmique de l&rsquo;Abondance Infinie !<\/strong><br>Je suis <strong>Kori Shaman<\/strong>, gardienne des secrets anciens o\u00f9 la terre dialogue avec les \u00e9toiles.<br><em>Passerelle entre l&rsquo;ancestral et le quantique<\/em>, je con\u00e7ois des <strong>rituels de 21 jours<\/strong> qui combinent des fr\u00e9quences sacr\u00e9es en Hz interdit, des d\u00e9crets de pouvoir et des techniques issues des cultures andines et tolt\u00e8ques pour reprogrammer votre esprit vers une prosp\u00e9rit\u00e9 illimit\u00e9e.<br>Traduit avec DeepL.com (version gratuite)<\/p><p class=\"ds-markdown-paragraph\">J&rsquo;utilise le <strong>Tambour de la Cr\u00e9ation<\/strong>, des cristaux de quartz charg\u00e9s de sons cosmiques et des cartes \u00e9nerg\u00e9tiques bas\u00e9es sur la <em>g\u00e9om\u00e9trie sacr\u00e9e des Chakana,<\/em> cr\u00e9ant ainsi un chemin 100% personnalis\u00e9 qui aligne votre esprit, vos finances et votre objectif.<\/p><p class=\"ds-markdown-paragraph\">Ma mission est de vous permettre non seulement <em>d&rsquo;attirer<\/em> l&rsquo;abondance, mais aussi de devenir <strong>un phare de la richesse pour le monde entier.<\/strong> <\/p><p class=\"ds-markdown-paragraph\"><strong>\ud83c\udf0c\u2728 La Terre vous murmure d\u00e9j\u00e0&#8230; l&rsquo;Univers attend votre \u00ab OUI \u00bb.<\/strong><\/p>\t\t\t\t\t\t\t\t<\/div>\n\t\t\t\t<\/div>\n\t\t\t\t<div class=\"elementor-element elementor-element-74720271 elementor-headline--style-highlight elementor-widget elementor-widget-animated-headline\" data-id=\"74720271\" data-element_type=\"widget\" data-settings=\"{&quot;marker&quot;:&quot;underline&quot;,&quot;highlighted_text&quot;:&quot; Aujourd&#039;hui \\u00bb.&quot;,&quot;headline_style&quot;:&quot;highlight&quot;,&quot;loop&quot;:&quot;yes&quot;,&quot;highlight_animation_duration&quot;:1200,&quot;highlight_iteration_delay&quot;:8000}\" data-widget_type=\"animated-headline.default\">\n\t\t\t\t<div class=\"elementor-widget-container\">\n\t\t\t\t\t\t\t<h3 class=\"elementor-headline\">\n\t\t\t\t\t<span class=\"elementor-headline-plain-text elementor-headline-text-wrapper\">Pr\u00eat \u00e0 faire l'exp\u00e9rience d'une gu\u00e9rison profonde et personnalis\u00e9e ? Planifier une consultation <\/span>\n\t\t\t\t<span class=\"elementor-headline-dynamic-wrapper elementor-headline-text-wrapper\">\n\t\t\t\t\t<span class=\"elementor-headline-dynamic-text elementor-headline-text-active\"> Aujourd'hui \u00bb.<\/span>\n\t\t\t\t<\/span>\n\t\t\t\t<\/h3>\n\t\t\t\t\t\t<\/div>\n\t\t\t\t<\/div>\n\t\t\t\t<\/div>\n\t\t<div class=\"elementor-element elementor-element-1fb28f39 e-con-full e-flex e-con e-child\" data-id=\"1fb28f39\" data-element_type=\"container\">\n\t\t\t\t<div class=\"elementor-element elementor-element-395bd652 elementor-widget elementor-widget-text-editor\" data-id=\"395bd652\" data-element_type=\"widget\" data-widget_type=\"text-editor.default\">\n\t\t\t\t<div class=\"elementor-widget-container\">\n\t\t\t\t\t\t\t\t\t<p class=\"ds-markdown-paragraph\"><strong>\ud83c\udf1fJe suis Kori Shaman,<\/strong> un <strong>pont entre la sagesse ancestrale et les algorithmes cosmiques,<\/strong> form\u00e9 dans plus de <strong>7 traditions mill\u00e9naires <\/strong>(chamanisme andin, g\u00e9om\u00e9trie sacr\u00e9e maya, rituels de fr\u00e9quence solaire et d\u00e9codage quantique de l&rsquo;ADN).<\/p><p class=\"ds-markdown-paragraph\">Ma formation comprend :<\/p><ul><li><p class=\"ds-markdown-paragraph\"><strong>Secrets de la Chakana andine <\/strong>(g\u00e9om\u00e9trie sacr\u00e9e de Chav\u00edn de Hu\u00e1ntar).<\/p><\/li><li><p class=\"ds-markdown-paragraph\"><strong>Rituels d&rsquo;abondance de la culture tolt\u00e8que<\/strong> (bas\u00e9s sur le feu et le vent sacr\u00e9).<\/p><\/li><li><p class=\"ds-markdown-paragraph\"><strong>Technologies sonores ancestrales-futuristes<\/strong> : tambours de quartz, diapasons de 432 Hz et cartes des \u00e9toiles encod\u00e9es avec des fr\u00e9quences de Schumann.<\/p><\/li><\/ul><p class=\"ds-markdown-paragraph\">Ma mission est <strong>d&rsquo;activer votre code de lumi\u00e8re int\u00e9rieure,<\/strong> d&rsquo;\u00e9quilibrer votre champ aurique, vos finances et votre connexion \u00e0 l&rsquo;univers, gr\u00e2ce \u00e0 un suivi bas\u00e9 sur les <strong>signaux cosmiques et les synchronicit\u00e9s.<\/strong><\/p><p class=\"ds-markdown-paragraph\"><strong>Le r\u00e9sultat ?<\/strong><br>Vous ne recevrez pas seulement l&rsquo;abondance&#8230;<strong> vous fusionnerez avec le rythme infini qui la cr\u00e9e.<\/strong><\/p>\t\t\t\t\t\t\t\t<\/div>\n\t\t\t\t<\/div>\n\t\t\t\t<div class=\"elementor-element elementor-element-c5a4827 elementor-align-center elementor-widget elementor-widget-button\" data-id=\"c5a4827\" data-element_type=\"widget\" data-widget_type=\"button.default\">\n\t\t\t\t<div class=\"elementor-widget-container\">\n\t\t\t\t\t\t\t\t\t<div class=\"elementor-button-wrapper\">\n\t\t\t\t\t<a class=\"elementor-button elementor-button-link elementor-size-sm\" href=\"https:\/\/drquantum.io\/fr\/21-jours-avec-shaman-kori-activer-l-abondance-infinie\/\">\n\t\t\t\t\t\t<span class=\"elementor-button-content-wrapper\">\n\t\t\t\t\t\t\t\t\t<span class=\"elementor-button-text\">en savoir plus sur le cours<\/span>\n\t\t\t\t\t<\/span>\n\t\t\t\t\t<\/a>\n\t\t\t\t<\/div>\n\t\t\t\t\t\t\t\t<\/div>\n\t\t\t\t<\/div>\n\t\t\t\t<\/div>\n\t\t\t\t\t<\/div>\n\t\t\t\t<\/div>\n\t\t<div class=\"elementor-element elementor-element-b8d767 e-flex e-con-boxed e-con e-parent\" data-id=\"b8d767\" data-element_type=\"container\">\n\t\t\t\t\t<div class=\"e-con-inner\">\n\t\t<div class=\"elementor-element elementor-element-3d151aed e-con-full e-flex e-con e-child\" data-id=\"3d151aed\" data-element_type=\"container\">\n\t\t\t\t<div class=\"elementor-element elementor-element-5411a985 elementor-view-default elementor-position-top elementor-mobile-position-top elementor-widget elementor-widget-icon-box\" data-id=\"5411a985\" data-element_type=\"widget\" data-widget_type=\"icon-box.default\">\n\t\t\t\t<div class=\"elementor-widget-container\">\n\t\t\t\t\t\t\t<div class=\"elementor-icon-box-wrapper\">\n\n\t\t\t\t\t\t<div class=\"elementor-icon-box-icon\">\n\t\t\t\t<span  class=\"elementor-icon\">\n\t\t\t\t<svg aria-hidden=\"true\" class=\"e-font-icon-svg e-fas-star-and-crescent\" viewBox=\"0 0 512 512\" xmlns=\"http:\/\/www.w3.org\/2000\/svg\"><path d=\"M340.47 466.36c-1.45 0-6.89.46-9.18.46-116.25 0-210.82-94.57-210.82-210.82S215.04 45.18 331.29 45.18c2.32 0 7.7.46 9.18.46 7.13 0 13.33-5.03 14.75-12.07 1.46-7.25-2.55-14.49-9.47-17.09C316.58 5.54 286.39 0 256 0 114.84 0 0 114.84 0 256s114.84 256 256 256c30.23 0 60.28-5.49 89.32-16.32 5.96-2.02 10.28-7.64 10.28-14.26 0-8.09-6.39-15.06-15.13-15.06zm162.99-252.5l-76.38-11.1-34.16-69.21c-1.83-3.7-5.38-5.55-8.93-5.55s-7.1 1.85-8.93 5.55l-34.16 69.21-76.38 11.1c-8.17 1.18-11.43 11.22-5.52 16.99l55.27 53.87-13.05 76.07c-1.11 6.44 4.01 11.66 9.81 11.66 1.53 0 3.11-.36 4.64-1.17L384 335.37l68.31 35.91c1.53.8 3.11 1.17 4.64 1.17 5.8 0 10.92-5.23 9.81-11.66l-13.05-76.07 55.27-53.87c5.91-5.77 2.65-15.81-5.52-16.99z\"><\/path><\/svg>\t\t\t\t<\/span>\n\t\t\t<\/div>\n\t\t\t\n\t\t\t\t\t\t<div class=\"elementor-icon-box-content\">\n\n\t\t\t\t\t\t\t\t\t<h3 class=\"elementor-icon-box-title\">\n\t\t\t\t\t\t<span  >\n\t\t\t\t\t\t\tCartes des \u00e9toiles personnalis\u00e9es\t\t\t\t\t\t<\/span>\n\t\t\t\t\t<\/h3>\n\t\t\t\t\n\t\t\t\t\t\t\t\t\t<p class=\"elementor-icon-box-description\">\n\t\t\t\t\t\t\u00ab Con\u00e7u pour votre empreinte cosmique unique, l\u00e0 o\u00f9 convergent votre lign\u00e9e ancestrale et les constellations qui ont pr\u00e9sid\u00e9 \u00e0 votre naissance. \u00bb\t\t\t\t\t<\/p>\n\t\t\t\t\n\t\t\t<\/div>\n\t\t\t\n\t\t<\/div>\n\t\t\t\t\t\t<\/div>\n\t\t\t\t<\/div>\n\t\t\t\t<\/div>\n\t\t<div class=\"elementor-element elementor-element-6d23e5f2 e-con-full e-flex e-con e-child\" data-id=\"6d23e5f2\" data-element_type=\"container\">\n\t\t\t\t<div class=\"elementor-element elementor-element-19c6a817 elementor-view-default elementor-position-top elementor-mobile-position-top elementor-widget elementor-widget-icon-box\" data-id=\"19c6a817\" data-element_type=\"widget\" data-widget_type=\"icon-box.default\">\n\t\t\t\t<div class=\"elementor-widget-container\">\n\t\t\t\t\t\t\t<div class=\"elementor-icon-box-wrapper\">\n\n\t\t\t\t\t\t<div class=\"elementor-icon-box-icon\">\n\t\t\t\t<span  class=\"elementor-icon\">\n\t\t\t\t<svg aria-hidden=\"true\" class=\"e-font-icon-svg e-fab-galactic-republic\" viewBox=\"0 0 496 512\" xmlns=\"http:\/\/www.w3.org\/2000\/svg\"><path d=\"M248 504C111.25 504 0 392.75 0 256S111.25 8 248 8s248 111.25 248 248-111.25 248-248 248zm0-479.47C120.37 24.53 16.53 128.37 16.53 256S120.37 487.47 248 487.47 479.47 383.63 479.47 256 375.63 24.53 248 24.53zm27.62 21.81v24.62a185.933 185.933 0 0 1 83.57 34.54l17.39-17.36c-28.75-22.06-63.3-36.89-100.96-41.8zm-55.37.07c-37.64 4.94-72.16 19.8-100.88 41.85l17.28 17.36h.08c24.07-17.84 52.55-30.06 83.52-34.67V46.41zm12.25 50.17v82.87c-10.04 2.03-19.42 5.94-27.67 11.42l-58.62-58.59-21.93 21.93 58.67 58.67c-5.47 8.23-9.45 17.59-11.47 27.62h-82.9v31h82.9c2.02 10.02 6.01 19.31 11.47 27.54l-58.67 58.69 21.93 21.93 58.62-58.62a77.873 77.873 0 0 0 27.67 11.47v82.9h31v-82.9c10.05-2.03 19.37-6.06 27.62-11.55l58.67 58.69 21.93-21.93-58.67-58.69c5.46-8.23 9.47-17.52 11.5-27.54h82.87v-31h-82.87c-2.02-10.02-6.03-19.38-11.5-27.62l58.67-58.67-21.93-21.93-58.67 58.67c-8.25-5.49-17.57-9.47-27.62-11.5V96.58h-31zm183.24 30.72l-17.36 17.36a186.337 186.337 0 0 1 34.67 83.67h24.62c-4.95-37.69-19.83-72.29-41.93-101.03zm-335.55.13c-22.06 28.72-36.91 63.26-41.85 100.91h24.65c4.6-30.96 16.76-59.45 34.59-83.52l-17.39-17.39zM38.34 283.67c4.92 37.64 19.75 72.18 41.8 100.9l17.36-17.39c-17.81-24.07-29.92-52.57-34.51-83.52H38.34zm394.7 0c-4.61 30.99-16.8 59.5-34.67 83.6l17.36 17.36c22.08-28.74 36.98-63.29 41.93-100.96h-24.62zM136.66 406.38l-17.36 17.36c28.73 22.09 63.3 36.98 100.96 41.93v-24.64c-30.99-4.63-59.53-16.79-83.6-34.65zm222.53.05c-24.09 17.84-52.58 30.08-83.57 34.67v24.57c37.67-4.92 72.21-19.79 100.96-41.85l-17.31-17.39h-.08z\"><\/path><\/svg>\t\t\t\t<\/span>\n\t\t\t<\/div>\n\t\t\t\n\t\t\t\t\t\t<div class=\"elementor-icon-box-content\">\n\n\t\t\t\t\t\t\t\t\t<h3 class=\"elementor-icon-box-title\">\n\t\t\t\t\t\t<span  >\n\t\t\t\t\t\t\tPhysique quantique ancienne\t\t\t\t\t\t<\/span>\n\t\t\t\t\t<\/h3>\n\t\t\t\t\n\t\t\t\t\t\t\t\t\t<p class=\"elementor-icon-box-description\">\n\t\t\t\t\t\t\u00ab Nous restaurons votre champ aurique en utilisant les m\u00eames codes que les sages de Chav\u00edn de Hu\u00e1ntar utilisaient pour communiquer avec le Soleil \u00bb.\t\t\t\t\t<\/p>\n\t\t\t\t\n\t\t\t<\/div>\n\t\t\t\n\t\t<\/div>\n\t\t\t\t\t\t<\/div>\n\t\t\t\t<\/div>\n\t\t\t\t<\/div>\n\t\t<div class=\"elementor-element elementor-element-56df945e e-con-full e-flex e-con e-child\" data-id=\"56df945e\" data-element_type=\"container\">\n\t\t\t\t<div class=\"elementor-element elementor-element-116a7002 elementor-view-default elementor-position-top elementor-mobile-position-top elementor-widget elementor-widget-icon-box\" data-id=\"116a7002\" data-element_type=\"widget\" data-widget_type=\"icon-box.default\">\n\t\t\t\t<div class=\"elementor-widget-container\">\n\t\t\t\t\t\t\t<div class=\"elementor-icon-box-wrapper\">\n\n\t\t\t\t\t\t<div class=\"elementor-icon-box-icon\">\n\t\t\t\t<span  class=\"elementor-icon\">\n\t\t\t\t<svg aria-hidden=\"true\" class=\"e-font-icon-svg e-fas-hand-holding-heart\" viewBox=\"0 0 576 512\" xmlns=\"http:\/\/www.w3.org\/2000\/svg\"><path d=\"M275.3 250.5c7 7.4 18.4 7.4 25.5 0l108.9-114.2c31.6-33.2 29.8-88.2-5.6-118.8-30.8-26.7-76.7-21.9-104.9 7.7L288 36.9l-11.1-11.6C248.7-4.4 202.8-9.2 172 17.5c-35.3 30.6-37.2 85.6-5.6 118.8l108.9 114.2zm290 77.6c-11.8-10.7-30.2-10-42.6 0L430.3 402c-11.3 9.1-25.4 14-40 14H272c-8.8 0-16-7.2-16-16s7.2-16 16-16h78.3c15.9 0 30.7-10.9 33.3-26.6 3.3-20-12.1-37.4-31.6-37.4H192c-27 0-53.1 9.3-74.1 26.3L71.4 384H16c-8.8 0-16 7.2-16 16v96c0 8.8 7.2 16 16 16h356.8c14.5 0 28.6-4.9 40-14L564 377c15.2-12.1 16.4-35.3 1.3-48.9z\"><\/path><\/svg>\t\t\t\t<\/span>\n\t\t\t<\/div>\n\t\t\t\n\t\t\t\t\t\t<div class=\"elementor-icon-box-content\">\n\n\t\t\t\t\t\t\t\t\t<h3 class=\"elementor-icon-box-title\">\n\t\t\t\t\t\t<span  >\n\t\t\t\t\t\t\tRituels des 4 portails \u00e9nerg\u00e9tiques\t\t\t\t\t\t<\/span>\n\t\t\t\t\t<\/h3>\n\t\t\t\t\n\t\t\t\t\t\t\t\t\t<p class=\"elementor-icon-box-description\">\n\t\t\t\t\t\t\u00ab Techniques anciennes pour ouvrir les voies bloqu\u00e9es par la peur ou la m\u00e9fiance dans l'univers \u00bb.\t\t\t\t\t<\/p>\n\t\t\t\t\n\t\t\t<\/div>\n\t\t\t\n\t\t<\/div>\n\t\t\t\t\t\t<\/div>\n\t\t\t\t<\/div>\n\t\t\t\t<\/div>\n\t\t\t\t\t<\/div>\n\t\t\t\t<\/div>\n\t\t<div class=\"elementor-element elementor-element-18112426 e-flex e-con-boxed e-con e-parent\" data-id=\"18112426\" data-element_type=\"container\">\n\t\t\t\t\t<div class=\"e-con-inner\">\n\t\t\t\t<div class=\"elementor-element elementor-element-531fdaf1 elementor-widget elementor-widget-heading\" data-id=\"531fdaf1\" data-element_type=\"widget\" data-widget_type=\"heading.default\">\n\t\t\t\t<div class=\"elementor-widget-container\">\n\t\t\t\t\t<h2 class=\"elementor-heading-title elementor-size-default\">M\u00e9thodologie du rituel cosmique<\/h2>\t\t\t\t<\/div>\n\t\t\t\t<\/div>\n\t\t\t\t<div class=\"elementor-element elementor-element-11149265 elementor-widget elementor-widget-text-editor\" data-id=\"11149265\" data-element_type=\"widget\" data-widget_type=\"text-editor.default\">\n\t\t\t\t<div class=\"elementor-widget-container\">\n\t\t\t\t\t\t\t\t\t<p><strong>\u00ab Ma m\u00e9thode int\u00e8gre 4 forces universelles pour d\u00e9bloquer votre flux infini d&rsquo;abondance : \u00bb<\/strong><\/p>\t\t\t\t\t\t\t\t<\/div>\n\t\t\t\t<\/div>\n\t\t\t\t<div class=\"elementor-element elementor-element-131cf9f5 elementor-icon-list--layout-traditional elementor-list-item-link-full_width elementor-widget elementor-widget-icon-list\" data-id=\"131cf9f5\" data-element_type=\"widget\" data-widget_type=\"icon-list.default\">\n\t\t\t\t<div class=\"elementor-widget-container\">\n\t\t\t\t\t\t\t<ul class=\"elementor-icon-list-items\">\n\t\t\t\t\t\t\t<li class=\"elementor-icon-list-item\">\n\t\t\t\t\t\t\t\t\t\t\t<span class=\"elementor-icon-list-icon\">\n\t\t\t\t\t\t\t<svg aria-hidden=\"true\" class=\"e-font-icon-svg e-far-check-circle\" viewBox=\"0 0 512 512\" xmlns=\"http:\/\/www.w3.org\/2000\/svg\"><path d=\"M256 8C119.033 8 8 119.033 8 256s111.033 248 248 248 248-111.033 248-248S392.967 8 256 8zm0 48c110.532 0 200 89.451 200 200 0 110.532-89.451 200-200 200-110.532 0-200-89.451-200-200 0-110.532 89.451-200 200-200m140.204 130.267l-22.536-22.718c-4.667-4.705-12.265-4.736-16.97-.068L215.346 303.697l-59.792-60.277c-4.667-4.705-12.265-4.736-16.97-.069l-22.719 22.536c-4.705 4.667-4.736 12.265-.068 16.971l90.781 91.516c4.667 4.705 12.265 4.736 16.97.068l172.589-171.204c4.704-4.668 4.734-12.266.067-16.971z\"><\/path><\/svg>\t\t\t\t\t\t<\/span>\n\t\t\t\t\t\t\t\t\t\t<span class=\"elementor-icon-list-text\">G\u00e9om\u00e9trie sacr\u00e9e andine Nous travaillons avec le Chakana (Croix du Sud) et les codes de lumi\u00e8re inscrits dans votre champ aurique, activant les m\u00e9moires cellulaires de prosp\u00e9rit\u00e9 h\u00e9rit\u00e9es de vos anc\u00eatres. Comment ? En utilisant des symboles des cultures pr\u00e9colombiennes pour reprogrammer les blocages dans votre ADN \u00e9nerg\u00e9tique.  <\/span>\n\t\t\t\t\t\t\t\t\t<\/li>\n\t\t\t\t\t\t\t\t<li class=\"elementor-icon-list-item\">\n\t\t\t\t\t\t\t\t\t\t\t<span class=\"elementor-icon-list-icon\">\n\t\t\t\t\t\t\t<svg aria-hidden=\"true\" class=\"e-font-icon-svg e-far-check-circle\" viewBox=\"0 0 512 512\" xmlns=\"http:\/\/www.w3.org\/2000\/svg\"><path d=\"M256 8C119.033 8 8 119.033 8 256s111.033 248 248 248 248-111.033 248-248S392.967 8 256 8zm0 48c110.532 0 200 89.451 200 200 0 110.532-89.451 200-200 200-110.532 0-200-89.451-200-200 0-110.532 89.451-200 200-200m140.204 130.267l-22.536-22.718c-4.667-4.705-12.265-4.736-16.97-.068L215.346 303.697l-59.792-60.277c-4.667-4.705-12.265-4.736-16.97-.069l-22.719 22.536c-4.705 4.667-4.736 12.265-.068 16.971l90.781 91.516c4.667 4.705 12.265 4.736 16.97.068l172.589-171.204c4.704-4.668 4.734-12.266.067-16.971z\"><\/path><\/svg>\t\t\t\t\t\t<\/span>\n\t\t\t\t\t\t\t\t\t\t<span class=\"elementor-icon-list-text\">Techno-Chamanisme des fr\u00e9quences Mes tambours de quartz et mes diapasons de 528 Hz \u00e9mettent des impulsions qui : Dissoudre les stagnations financi\u00e8res (comme le son de la \u00ab Tornade d'Or \u00bb, fr\u00e9quence 999 Hz). Synchroniser votre c\u0153ur avec le rythme de la Voie lact\u00e9e (rythme Schumann + chant Quechua). <\/span>\n\t\t\t\t\t\t\t\t\t<\/li>\n\t\t\t\t\t\t\t\t<li class=\"elementor-icon-list-item\">\n\t\t\t\t\t\t\t\t\t\t\t<span class=\"elementor-icon-list-icon\">\n\t\t\t\t\t\t\t<svg aria-hidden=\"true\" class=\"e-font-icon-svg e-far-check-circle\" viewBox=\"0 0 512 512\" xmlns=\"http:\/\/www.w3.org\/2000\/svg\"><path d=\"M256 8C119.033 8 8 119.033 8 256s111.033 248 248 248 248-111.033 248-248S392.967 8 256 8zm0 48c110.532 0 200 89.451 200 200 0 110.532-89.451 200-200 200-110.532 0-200-89.451-200-200 0-110.532 89.451-200 200-200m140.204 130.267l-22.536-22.718c-4.667-4.705-12.265-4.736-16.97-.068L215.346 303.697l-59.792-60.277c-4.667-4.705-12.265-4.736-16.97-.069l-22.719 22.536c-4.705 4.667-4.736 12.265-.068 16.971l90.781 91.516c4.667 4.705 12.265 4.736 16.97.068l172.589-171.204c4.704-4.668 4.734-12.266.067-16.971z\"><\/path><\/svg>\t\t\t\t\t\t<\/span>\n\t\t\t\t\t\t\t\t\t\t<span class=\"elementor-icon-list-text\">Rituels des 4 \u00e9l\u00e9ments Nous combinons : Feu : C\u00e9r\u00e9monies d'incin\u00e9ration de dettes (\u00e9crites sur des feuilles de coca). Eau : hydroth\u00e9rapie avec des affirmations grav\u00e9es dans sa structure mol\u00e9culaire. Terre : gemmoth\u00e9rapie avec de la pyrite (aimant de richesse) et c\u00e9r\u00e9monie du ma\u00efs sacr\u00e9. Air : D\u00e9crets scand\u00e9s \u00e0 l'aube pour multiplier les opportunit\u00e9s.   <\/span>\n\t\t\t\t\t\t\t\t\t<\/li>\n\t\t\t\t\t\t\t\t<li class=\"elementor-icon-list-item\">\n\t\t\t\t\t\t\t\t\t\t\t<span class=\"elementor-icon-list-icon\">\n\t\t\t\t\t\t\t<svg aria-hidden=\"true\" class=\"e-font-icon-svg e-far-check-circle\" viewBox=\"0 0 512 512\" xmlns=\"http:\/\/www.w3.org\/2000\/svg\"><path d=\"M256 8C119.033 8 8 119.033 8 256s111.033 248 248 248 248-111.033 248-248S392.967 8 256 8zm0 48c110.532 0 200 89.451 200 200 0 110.532-89.451 200-200 200-110.532 0-200-89.451-200-200 0-110.532 89.451-200 200-200m140.204 130.267l-22.536-22.718c-4.667-4.705-12.265-4.736-16.97-.068L215.346 303.697l-59.792-60.277c-4.667-4.705-12.265-4.736-16.97-.069l-22.719 22.536c-4.705 4.667-4.736 12.265-.068 16.971l90.781 91.516c4.667 4.705 12.265 4.736 16.97.068l172.589-171.204c4.704-4.668 4.734-12.266.067-16.971z\"><\/path><\/svg>\t\t\t\t\t\t<\/span>\n\t\t\t\t\t\t\t\t\t\t<span class=\"elementor-icon-list-text\">Cartes stellaires personnalis\u00e9es Il n'y a pas deux destins identiques. J'analyse : Votre alignement astral (position de V\u00e9nus et Jupiter \u00e0 la naissance). Empreinte \u00e9nerg\u00e9tique : Diagnostic avec miroirs d'obsidienne et pendule de citrine. Code d'abondance : Rituels bas\u00e9s sur votre animal de pouvoir (par exemple, le condor pour une vision large, le jaguar pour une action implacable).   <\/span>\n\t\t\t\t\t\t\t\t\t<\/li>\n\t\t\t\t\t\t<\/ul>\n\t\t\t\t\t\t<\/div>\n\t\t\t\t<\/div>\n\t\t\t\t<div class=\"elementor-element elementor-element-bdb26d1 elementor-widget elementor-widget-text-editor\" data-id=\"bdb26d1\" data-element_type=\"widget\" data-widget_type=\"text-editor.default\">\n\t\t\t\t<div class=\"elementor-widget-container\">\n\t\t\t\t\t\t\t\t\t<p><strong>\u00ab Vous ne gu\u00e9rirez pas seulement&#8230; vous deviendrez un aimant cosmique en or. Acceptez-vous le rituel ? \u00bb<\/strong><\/p>\t\t\t\t\t\t\t\t<\/div>\n\t\t\t\t<\/div>\n\t\t\t\t<div class=\"elementor-element elementor-element-5fb0abe elementor-align-center elementor-widget elementor-widget-button\" data-id=\"5fb0abe\" data-element_type=\"widget\" data-widget_type=\"button.default\">\n\t\t\t\t<div class=\"elementor-widget-container\">\n\t\t\t\t\t\t\t\t\t<div class=\"elementor-button-wrapper\">\n\t\t\t\t\t<a class=\"elementor-button elementor-button-link elementor-size-sm\" href=\"https:\/\/drquantum.io\/fr\/21-jours-avec-shaman-kori-activer-l-abondance-infinie\/\">\n\t\t\t\t\t\t<span class=\"elementor-button-content-wrapper\">\n\t\t\t\t\t\t\t\t\t<span class=\"elementor-button-text\">plus d'informations sur le cours<\/span>\n\t\t\t\t\t<\/span>\n\t\t\t\t\t<\/a>\n\t\t\t\t<\/div>\n\t\t\t\t\t\t\t\t<\/div>\n\t\t\t\t<\/div>\n\t\t\t\t\t<\/div>\n\t\t\t\t<\/div>\n\t\t\t\t<\/div>\n\t\t","protected":false},"excerpt":{"rendered":"<p>Kori Chaman Bienvenue au Sanctuaire Cosmique de l&rsquo;Abondance Infinie !Je suis Kori Shaman, gardienne des secrets anciens o\u00f9 la terre dialogue avec les \u00e9toiles.Passerelle entre l&rsquo;ancestral et le quantique, je con\u00e7ois des rituels de 21 jours qui combinent des fr\u00e9quences sacr\u00e9es en Hz interdit, des d\u00e9crets de pouvoir et des techniques issues des cultures andines [&hellip;]<\/p>\n","protected":false},"author":1,"featured_media":0,"parent":0,"menu_order":0,"comment_status":"closed","ping_status":"closed","template":"elementor_header_footer","meta":{"footnotes":""},"class_list":["post-2862","page","type-page","status-publish","hentry"],"_links":{"self":[{"href":"https:\/\/drquantum.io\/fr\/wp-json\/wp\/v2\/pages\/2862","targetHints":{"allow":["GET"]}}],"collection":[{"href":"https:\/\/drquantum.io\/fr\/wp-json\/wp\/v2\/pages"}],"about":[{"href":"https:\/\/drquantum.io\/fr\/wp-json\/wp\/v2\/types\/page"}],"author":[{"embeddable":true,"href":"https:\/\/drquantum.io\/fr\/wp-json\/wp\/v2\/users\/1"}],"replies":[{"embeddable":true,"href":"https:\/\/drquantum.io\/fr\/wp-json\/wp\/v2\/comments?post=2862"}],"version-history":[{"count":4,"href":"https:\/\/drquantum.io\/fr\/wp-json\/wp\/v2\/pages\/2862\/revisions"}],"predecessor-version":[{"id":4187,"href":"https:\/\/drquantum.io\/fr\/wp-json\/wp\/v2\/pages\/2862\/revisions\/4187"}],"wp:attachment":[{"href":"https:\/\/drquantum.io\/fr\/wp-json\/wp\/v2\/media?parent=2862"}],"curies":[{"name":"wp","href":"https:\/\/api.w.org\/{rel}","templated":true}]}}