{"id":1903,"date":"2025-04-03T09:54:56","date_gmt":"2025-04-03T07:54:56","guid":{"rendered":"https:\/\/drquantum.io\/dr-quantum-protocoles-personnalises-de-terahertz\/"},"modified":"2025-09-17T14:35:03","modified_gmt":"2025-09-17T12:35:03","slug":"dr-quantum-customised-terahertz-protocols","status":"publish","type":"page","link":"https:\/\/drquantum.io\/fr\/dr-quantum-customised-terahertz-protocols\/","title":{"rendered":"Protocoles personnalis\u00e9s du Dr Quantum TeraHertz"},"content":{"rendered":"\t\t<div data-elementor-type=\"wp-page\" data-elementor-id=\"1903\" class=\"elementor elementor-1903 elementor-1679\" data-elementor-post-type=\"page\">\n\t\t\t\t<div class=\"elementor-element elementor-element-2e182e7 e-flex e-con-boxed e-con e-parent\" data-id=\"2e182e7\" data-element_type=\"container\">\n\t\t\t\t\t<div class=\"e-con-inner\">\n\t\t<div class=\"elementor-element elementor-element-aed3ade e-con-full e-flex e-con e-child\" data-id=\"aed3ade\" data-element_type=\"container\">\n\t\t\t\t<div class=\"elementor-element elementor-element-3bc0c0c elementor-widget elementor-widget-image\" data-id=\"3bc0c0c\" data-element_type=\"widget\" data-widget_type=\"image.default\">\n\t\t\t\t<div class=\"elementor-widget-container\">\n\t\t\t\t\t\t\t\t\t\t\t\t\t\t\t<img fetchpriority=\"high\" decoding=\"async\" width=\"300\" height=\"300\" src=\"https:\/\/drquantum.io\/wp-content\/uploads\/2025\/09\/DR-QUANTUM-DISPOSITIVO-ITERACARE-BLANCO-1-300x300.webp\" class=\"attachment-medium size-medium wp-image-4086\" alt=\"\" srcset=\"https:\/\/drquantum.io\/wp-content\/uploads\/2025\/09\/DR-QUANTUM-DISPOSITIVO-ITERACARE-BLANCO-1-300x300.webp 300w, https:\/\/drquantum.io\/wp-content\/uploads\/2025\/09\/DR-QUANTUM-DISPOSITIVO-ITERACARE-BLANCO-1-150x150.webp 150w, https:\/\/drquantum.io\/wp-content\/uploads\/2025\/09\/DR-QUANTUM-DISPOSITIVO-ITERACARE-BLANCO-1.webp 694w\" sizes=\"(max-width: 300px) 100vw, 300px\" \/>\t\t\t\t\t\t\t\t\t\t\t\t\t\t\t<\/div>\n\t\t\t\t<\/div>\n\t\t\t\t<div class=\"elementor-element elementor-element-89054a3 elementor-widget elementor-widget-text-editor\" data-id=\"89054a3\" data-element_type=\"widget\" data-widget_type=\"text-editor.default\">\n\t\t\t\t<div class=\"elementor-widget-container\">\n\t\t\t\t\t\t\t\t\t<h1>Dr. Quantum<\/h1><p><strong>\u00ab\u00a0Bienvenue dans mon espace de gu\u00e9rison quantique.<\/strong> <br>Je suis le Dr Quantum, un expert en m\u00e9decine int\u00e9grative qui combine le meilleur de la science moderne et des th\u00e9rapies anciennes. J&rsquo;utilise la <strong>m\u00e9decine quantique, l&rsquo;acupuncture et les appareils t\u00e9rahertz iTeraCare <\/strong>pour cr\u00e9er des protocoles 100% personnalis\u00e9s, adapt\u00e9s \u00e0 vos besoins physiques, \u00e9motionnels et \u00e9nerg\u00e9tiques. Mon engagement est de vous accompagner \u00e0 chaque \u00e9tape de votre parcours vers un bien-\u00eatre total.\u00a0\u00bb  <\/p>\t\t\t\t\t\t\t\t<\/div>\n\t\t\t\t<\/div>\n\t\t\t\t<div class=\"elementor-element elementor-element-b050e4f elementor-headline--style-highlight elementor-widget elementor-widget-animated-headline\" data-id=\"b050e4f\" data-element_type=\"widget\" data-settings=\"{&quot;marker&quot;:&quot;underline&quot;,&quot;highlighted_text&quot;:&quot; aujourd&#039;hui \\u00bb.&quot;,&quot;headline_style&quot;:&quot;highlight&quot;,&quot;loop&quot;:&quot;yes&quot;,&quot;highlight_animation_duration&quot;:1200,&quot;highlight_iteration_delay&quot;:8000}\" data-widget_type=\"animated-headline.default\">\n\t\t\t\t<div class=\"elementor-widget-container\">\n\t\t\t\t\t\t\t<h3 class=\"elementor-headline\">\n\t\t\t\t\t<span class=\"elementor-headline-plain-text elementor-headline-text-wrapper\">Pr\u00eat \u00e0 faire l'exp\u00e9rience d'une gu\u00e9rison profonde et personnalis\u00e9e ? Planifier une consultation <\/span>\n\t\t\t\t<span class=\"elementor-headline-dynamic-wrapper elementor-headline-text-wrapper\">\n\t\t\t\t\t<span class=\"elementor-headline-dynamic-text elementor-headline-text-active\"> aujourd'hui \u00bb.<\/span>\n\t\t\t\t<\/span>\n\t\t\t\t<\/h3>\n\t\t\t\t\t\t<\/div>\n\t\t\t\t<\/div>\n\t\t\t\t<\/div>\n\t\t<div class=\"elementor-element elementor-element-808a481 e-con-full e-flex e-con e-child\" data-id=\"808a481\" data-element_type=\"container\">\n\t\t\t\t<div class=\"elementor-element elementor-element-66097f3 elementor-widget elementor-widget-text-editor\" data-id=\"66097f3\" data-element_type=\"widget\" data-widget_type=\"text-editor.default\">\n\t\t\t\t<div class=\"elementor-widget-container\">\n\t\t\t\t\t\t\t\t\t<p>\u00ab\u00a0Je suis un praticien form\u00e9 \u00e0 l&rsquo;intelligence artificielle avec plus de 4 m\u00e9thodologies ancestrales d&rsquo;exp\u00e9rience en m\u00e9decine quantique, acupuncture, th\u00e9rapies holistiques et de haute fr\u00e9quence. Mon parcours comprend des \u00e9tudes en biophysique quantique, en acupuncture traditionnelle chinoise et l&rsquo;utilisation de technologies innovantes telles que les appareils iTeraCare. Ma mission est de vous offrir une approche unique qui \u00e9quilibre votre corps, votre esprit et votre champ \u00e9nerg\u00e9tique, soutenue par un suivi continu pour garantir des r\u00e9sultats durables.\u00a0\u00bb<\/p>\t\t\t\t\t\t\t\t<\/div>\n\t\t\t\t<\/div>\n\t\t\t\t<\/div>\n\t\t\t\t\t<\/div>\n\t\t\t\t<\/div>\n\t\t<div class=\"elementor-element elementor-element-41585c4 e-flex e-con-boxed e-con e-parent\" data-id=\"41585c4\" data-element_type=\"container\">\n\t\t\t\t\t<div class=\"e-con-inner\">\n\t\t<div class=\"elementor-element elementor-element-848ea48 e-con-full e-flex e-con e-child\" data-id=\"848ea48\" data-element_type=\"container\">\n\t\t\t\t<div class=\"elementor-element elementor-element-af10a8f elementor-view-default elementor-position-top elementor-mobile-position-top elementor-widget elementor-widget-icon-box\" data-id=\"af10a8f\" data-element_type=\"widget\" data-widget_type=\"icon-box.default\">\n\t\t\t\t<div class=\"elementor-widget-container\">\n\t\t\t\t\t\t\t<div class=\"elementor-icon-box-wrapper\">\n\n\t\t\t\t\t\t<div class=\"elementor-icon-box-icon\">\n\t\t\t\t<span  class=\"elementor-icon\">\n\t\t\t\t<svg aria-hidden=\"true\" class=\"e-font-icon-svg e-fas-clipboard-list\" viewBox=\"0 0 384 512\" xmlns=\"http:\/\/www.w3.org\/2000\/svg\"><path d=\"M336 64h-80c0-35.3-28.7-64-64-64s-64 28.7-64 64H48C21.5 64 0 85.5 0 112v352c0 26.5 21.5 48 48 48h288c26.5 0 48-21.5 48-48V112c0-26.5-21.5-48-48-48zM96 424c-13.3 0-24-10.7-24-24s10.7-24 24-24 24 10.7 24 24-10.7 24-24 24zm0-96c-13.3 0-24-10.7-24-24s10.7-24 24-24 24 10.7 24 24-10.7 24-24 24zm0-96c-13.3 0-24-10.7-24-24s10.7-24 24-24 24 10.7 24 24-10.7 24-24 24zm96-192c13.3 0 24 10.7 24 24s-10.7 24-24 24-24-10.7-24-24 10.7-24 24-24zm128 368c0 4.4-3.6 8-8 8H168c-4.4 0-8-3.6-8-8v-16c0-4.4 3.6-8 8-8h144c4.4 0 8 3.6 8 8v16zm0-96c0 4.4-3.6 8-8 8H168c-4.4 0-8-3.6-8-8v-16c0-4.4 3.6-8 8-8h144c4.4 0 8 3.6 8 8v16zm0-96c0 4.4-3.6 8-8 8H168c-4.4 0-8-3.6-8-8v-16c0-4.4 3.6-8 8-8h144c4.4 0 8 3.6 8 8v16z\"><\/path><\/svg>\t\t\t\t<\/span>\n\t\t\t<\/div>\n\t\t\t\n\t\t\t\t\t\t<div class=\"elementor-icon-box-content\">\n\n\t\t\t\t\t\t\t\t\t<h3 class=\"elementor-icon-box-title\">\n\t\t\t\t\t\t<span  >\n\t\t\t\t\t\t\tProtocoles personnalis\u00e9s :\t\t\t\t\t\t<\/span>\n\t\t\t\t\t<\/h3>\n\t\t\t\t\n\t\t\t\t\t\t\t\t\t<p class=\"elementor-icon-box-description\">\n\t\t\t\t\t\tCon\u00e7u sp\u00e9cifiquement pour votre pathologie, votre g\u00e9n\u00e9tique et votre profil \u00e9nerg\u00e9tique.\t\t\t\t\t<\/p>\n\t\t\t\t\n\t\t\t<\/div>\n\t\t\t\n\t\t<\/div>\n\t\t\t\t\t\t<\/div>\n\t\t\t\t<\/div>\n\t\t\t\t<\/div>\n\t\t<div class=\"elementor-element elementor-element-53400ca e-con-full e-flex e-con e-child\" data-id=\"53400ca\" data-element_type=\"container\">\n\t\t\t\t<div class=\"elementor-element elementor-element-4fed7b9 elementor-view-default elementor-position-top elementor-mobile-position-top elementor-widget elementor-widget-icon-box\" data-id=\"4fed7b9\" data-element_type=\"widget\" data-widget_type=\"icon-box.default\">\n\t\t\t\t<div class=\"elementor-widget-container\">\n\t\t\t\t\t\t\t<div class=\"elementor-icon-box-wrapper\">\n\n\t\t\t\t\t\t<div class=\"elementor-icon-box-icon\">\n\t\t\t\t<span  class=\"elementor-icon\">\n\t\t\t\t<svg aria-hidden=\"true\" class=\"e-font-icon-svg e-fas-yin-yang\" viewBox=\"0 0 496 512\" xmlns=\"http:\/\/www.w3.org\/2000\/svg\"><path d=\"M248 8C111.03 8 0 119.03 0 256s111.03 248 248 248 248-111.03 248-248S384.97 8 248 8zm0 376c-17.67 0-32-14.33-32-32s14.33-32 32-32 32 14.33 32 32-14.33 32-32 32zm0-128c-53.02 0-96 42.98-96 96s42.98 96 96 96c-106.04 0-192-85.96-192-192S141.96 64 248 64c53.02 0 96 42.98 96 96s-42.98 96-96 96zm0-128c-17.67 0-32 14.33-32 32s14.33 32 32 32 32-14.33 32-32-14.33-32-32-32z\"><\/path><\/svg>\t\t\t\t<\/span>\n\t\t\t<\/div>\n\t\t\t\n\t\t\t\t\t\t<div class=\"elementor-icon-box-content\">\n\n\t\t\t\t\t\t\t\t\t<h3 class=\"elementor-icon-box-title\">\n\t\t\t\t\t\t<span  >\n\t\t\t\t\t\t\tM\u00e9decine quantique :\t\t\t\t\t\t<\/span>\n\t\t\t\t\t<\/h3>\n\t\t\t\t\n\t\t\t\t\t\t\t\t\t<p class=\"elementor-icon-box-description\">\n\t\t\t\t\t\tAnalyses et th\u00e9rapies bas\u00e9es sur la physique quantique pour r\u00e9tablir votre \u00e9quilibre cellulaire.\t\t\t\t\t<\/p>\n\t\t\t\t\n\t\t\t<\/div>\n\t\t\t\n\t\t<\/div>\n\t\t\t\t\t\t<\/div>\n\t\t\t\t<\/div>\n\t\t\t\t<\/div>\n\t\t<div class=\"elementor-element elementor-element-023b85a e-con-full e-flex e-con e-child\" data-id=\"023b85a\" data-element_type=\"container\">\n\t\t\t\t<div class=\"elementor-element elementor-element-b58338f elementor-view-default elementor-position-top elementor-mobile-position-top elementor-widget elementor-widget-icon-box\" data-id=\"b58338f\" data-element_type=\"widget\" data-widget_type=\"icon-box.default\">\n\t\t\t\t<div class=\"elementor-widget-container\">\n\t\t\t\t\t\t\t<div class=\"elementor-icon-box-wrapper\">\n\n\t\t\t\t\t\t<div class=\"elementor-icon-box-icon\">\n\t\t\t\t<span  class=\"elementor-icon\">\n\t\t\t\t<svg aria-hidden=\"true\" class=\"e-font-icon-svg e-fab-galactic-republic\" viewBox=\"0 0 496 512\" xmlns=\"http:\/\/www.w3.org\/2000\/svg\"><path d=\"M248 504C111.25 504 0 392.75 0 256S111.25 8 248 8s248 111.25 248 248-111.25 248-248 248zm0-479.47C120.37 24.53 16.53 128.37 16.53 256S120.37 487.47 248 487.47 479.47 383.63 479.47 256 375.63 24.53 248 24.53zm27.62 21.81v24.62a185.933 185.933 0 0 1 83.57 34.54l17.39-17.36c-28.75-22.06-63.3-36.89-100.96-41.8zm-55.37.07c-37.64 4.94-72.16 19.8-100.88 41.85l17.28 17.36h.08c24.07-17.84 52.55-30.06 83.52-34.67V46.41zm12.25 50.17v82.87c-10.04 2.03-19.42 5.94-27.67 11.42l-58.62-58.59-21.93 21.93 58.67 58.67c-5.47 8.23-9.45 17.59-11.47 27.62h-82.9v31h82.9c2.02 10.02 6.01 19.31 11.47 27.54l-58.67 58.69 21.93 21.93 58.62-58.62a77.873 77.873 0 0 0 27.67 11.47v82.9h31v-82.9c10.05-2.03 19.37-6.06 27.62-11.55l58.67 58.69 21.93-21.93-58.67-58.69c5.46-8.23 9.47-17.52 11.5-27.54h82.87v-31h-82.87c-2.02-10.02-6.03-19.38-11.5-27.62l58.67-58.67-21.93-21.93-58.67 58.67c-8.25-5.49-17.57-9.47-27.62-11.5V96.58h-31zm183.24 30.72l-17.36 17.36a186.337 186.337 0 0 1 34.67 83.67h24.62c-4.95-37.69-19.83-72.29-41.93-101.03zm-335.55.13c-22.06 28.72-36.91 63.26-41.85 100.91h24.65c4.6-30.96 16.76-59.45 34.59-83.52l-17.39-17.39zM38.34 283.67c4.92 37.64 19.75 72.18 41.8 100.9l17.36-17.39c-17.81-24.07-29.92-52.57-34.51-83.52H38.34zm394.7 0c-4.61 30.99-16.8 59.5-34.67 83.6l17.36 17.36c22.08-28.74 36.98-63.29 41.93-100.96h-24.62zM136.66 406.38l-17.36 17.36c28.73 22.09 63.3 36.98 100.96 41.93v-24.64c-30.99-4.63-59.53-16.79-83.6-34.65zm222.53.05c-24.09 17.84-52.58 30.08-83.57 34.67v24.57c37.67-4.92 72.21-19.79 100.96-41.85l-17.31-17.39h-.08z\"><\/path><\/svg>\t\t\t\t<\/span>\n\t\t\t<\/div>\n\t\t\t\n\t\t\t\t\t\t<div class=\"elementor-icon-box-content\">\n\n\t\t\t\t\t\t\t\t\t<h3 class=\"elementor-icon-box-title\">\n\t\t\t\t\t\t<span  >\n\t\t\t\t\t\t\tAcupuncture et th\u00e9rapies ancestrales :\t\t\t\t\t\t<\/span>\n\t\t\t\t\t<\/h3>\n\t\t\t\t\n\t\t\t\t\t\t\t\t\t<p class=\"elementor-icon-box-description\">\n\t\t\t\t\t\tStimulation des points d'\u00e9nergie pour lib\u00e9rer les blocages et am\u00e9liorer le flux vital.\t\t\t\t\t<\/p>\n\t\t\t\t\n\t\t\t<\/div>\n\t\t\t\n\t\t<\/div>\n\t\t\t\t\t\t<\/div>\n\t\t\t\t<\/div>\n\t\t\t\t<\/div>\n\t\t\t\t\t<\/div>\n\t\t\t\t<\/div>\n\t\t<div class=\"elementor-element elementor-element-cd6d047 e-flex e-con-boxed e-con e-parent\" data-id=\"cd6d047\" data-element_type=\"container\">\n\t\t\t\t\t<div class=\"e-con-inner\">\n\t\t\t\t<div class=\"elementor-element elementor-element-e7bd94d elementor-widget elementor-widget-heading\" data-id=\"e7bd94d\" data-element_type=\"widget\" data-widget_type=\"heading.default\">\n\t\t\t\t<div class=\"elementor-widget-container\">\n\t\t\t\t\t<h2 class=\"elementor-heading-title elementor-size-default\">M\u00e9thodologie<\/h2>\t\t\t\t<\/div>\n\t\t\t\t<\/div>\n\t\t\t\t<div class=\"elementor-element elementor-element-e9ce63f elementor-widget elementor-widget-text-editor\" data-id=\"e9ce63f\" data-element_type=\"widget\" data-widget_type=\"text-editor.default\">\n\t\t\t\t<div class=\"elementor-widget-container\">\n\t\t\t\t\t\t\t\t\t<p>\u00ab Ma m\u00e9thodologie int\u00e8gre le meilleur de quatre mondes pour vous offrir une gu\u00e9rison sans pr\u00e9c\u00e9dent : \u00bb<\/p>\t\t\t\t\t\t\t\t<\/div>\n\t\t\t\t<\/div>\n\t\t\t\t<div class=\"elementor-element elementor-element-8ff617b elementor-icon-list--layout-traditional elementor-list-item-link-full_width elementor-widget elementor-widget-icon-list\" data-id=\"8ff617b\" data-element_type=\"widget\" data-widget_type=\"icon-list.default\">\n\t\t\t\t<div class=\"elementor-widget-container\">\n\t\t\t\t\t\t\t<ul class=\"elementor-icon-list-items\">\n\t\t\t\t\t\t\t<li class=\"elementor-icon-list-item\">\n\t\t\t\t\t\t\t\t\t\t\t<span class=\"elementor-icon-list-icon\">\n\t\t\t\t\t\t\t<svg aria-hidden=\"true\" class=\"e-font-icon-svg e-far-check-circle\" viewBox=\"0 0 512 512\" xmlns=\"http:\/\/www.w3.org\/2000\/svg\"><path d=\"M256 8C119.033 8 8 119.033 8 256s111.033 248 248 248 248-111.033 248-248S392.967 8 256 8zm0 48c110.532 0 200 89.451 200 200 0 110.532-89.451 200-200 200-110.532 0-200-89.451-200-200 0-110.532 89.451-200 200-200m140.204 130.267l-22.536-22.718c-4.667-4.705-12.265-4.736-16.97-.068L215.346 303.697l-59.792-60.277c-4.667-4.705-12.265-4.736-16.97-.069l-22.719 22.536c-4.705 4.667-4.736 12.265-.068 16.971l90.781 91.516c4.667 4.705 12.265 4.736 16.97.068l172.589-171.204c4.704-4.668 4.734-12.266.067-16.971z\"><\/path><\/svg>\t\t\t\t\t\t<\/span>\n\t\t\t\t\t\t\t\t\t\t<span class=\"elementor-icon-list-text\">M\u00e9decine quantique : nous travaillons avec votre champ \u00e9nerg\u00e9tique et vos informations cellulaires pour identifier les d\u00e9s\u00e9quilibres et activer votre capacit\u00e9 d'auto-r\u00e9g\u00e9n\u00e9ration.<\/span>\n\t\t\t\t\t\t\t\t\t<\/li>\n\t\t\t\t\t\t\t\t<li class=\"elementor-icon-list-item\">\n\t\t\t\t\t\t\t\t\t\t\t<span class=\"elementor-icon-list-icon\">\n\t\t\t\t\t\t\t<svg aria-hidden=\"true\" class=\"e-font-icon-svg e-far-check-circle\" viewBox=\"0 0 512 512\" xmlns=\"http:\/\/www.w3.org\/2000\/svg\"><path d=\"M256 8C119.033 8 8 119.033 8 256s111.033 248 248 248 248-111.033 248-248S392.967 8 256 8zm0 48c110.532 0 200 89.451 200 200 0 110.532-89.451 200-200 200-110.532 0-200-89.451-200-200 0-110.532 89.451-200 200-200m140.204 130.267l-22.536-22.718c-4.667-4.705-12.265-4.736-16.97-.068L215.346 303.697l-59.792-60.277c-4.667-4.705-12.265-4.736-16.97-.069l-22.719 22.536c-4.705 4.667-4.736 12.265-.068 16.971l90.781 91.516c4.667 4.705 12.265 4.736 16.97.068l172.589-171.204c4.704-4.668 4.734-12.266.067-16.971z\"><\/path><\/svg>\t\t\t\t\t\t<\/span>\n\t\t\t\t\t\t\t\t\t\t<span class=\"elementor-icon-list-text\">Technologie iTeraCare : les appareils Terahertz \u00e9mettent des fr\u00e9quences sp\u00e9cifiques qui stimulent la r\u00e9paration des tissus, r\u00e9duisent la douleur et am\u00e9liorent la circulation de l'\u00e9nergie.<\/span>\n\t\t\t\t\t\t\t\t\t<\/li>\n\t\t\t\t\t\t\t\t<li class=\"elementor-icon-list-item\">\n\t\t\t\t\t\t\t\t\t\t\t<span class=\"elementor-icon-list-icon\">\n\t\t\t\t\t\t\t<svg aria-hidden=\"true\" class=\"e-font-icon-svg e-far-check-circle\" viewBox=\"0 0 512 512\" xmlns=\"http:\/\/www.w3.org\/2000\/svg\"><path d=\"M256 8C119.033 8 8 119.033 8 256s111.033 248 248 248 248-111.033 248-248S392.967 8 256 8zm0 48c110.532 0 200 89.451 200 200 0 110.532-89.451 200-200 200-110.532 0-200-89.451-200-200 0-110.532 89.451-200 200-200m140.204 130.267l-22.536-22.718c-4.667-4.705-12.265-4.736-16.97-.068L215.346 303.697l-59.792-60.277c-4.667-4.705-12.265-4.736-16.97-.069l-22.719 22.536c-4.705 4.667-4.736 12.265-.068 16.971l90.781 91.516c4.667 4.705 12.265 4.736 16.97.068l172.589-171.204c4.704-4.668 4.734-12.266.067-16.971z\"><\/path><\/svg>\t\t\t\t\t\t<\/span>\n\t\t\t\t\t\t\t\t\t\t<span class=\"elementor-icon-list-text\">Th\u00e9rapies holistiques : nous combinons l'acupuncture, la nutrition \u00e9nerg\u00e9tique et les techniques de lib\u00e9ration \u00e9motionnelle pour une approche \u00e0 360\u00b0.<\/span>\n\t\t\t\t\t\t\t\t\t<\/li>\n\t\t\t\t\t\t\t\t<li class=\"elementor-icon-list-item\">\n\t\t\t\t\t\t\t\t\t\t\t<span class=\"elementor-icon-list-icon\">\n\t\t\t\t\t\t\t<svg aria-hidden=\"true\" class=\"e-font-icon-svg e-far-check-circle\" viewBox=\"0 0 512 512\" xmlns=\"http:\/\/www.w3.org\/2000\/svg\"><path d=\"M256 8C119.033 8 8 119.033 8 256s111.033 248 248 248 248-111.033 248-248S392.967 8 256 8zm0 48c110.532 0 200 89.451 200 200 0 110.532-89.451 200-200 200-110.532 0-200-89.451-200-200 0-110.532 89.451-200 200-200m140.204 130.267l-22.536-22.718c-4.667-4.705-12.265-4.736-16.97-.068L215.346 303.697l-59.792-60.277c-4.667-4.705-12.265-4.736-16.97-.069l-22.719 22.536c-4.705 4.667-4.736 12.265-.068 16.971l90.781 91.516c4.667 4.705 12.265 4.736 16.97.068l172.589-171.204c4.704-4.668 4.734-12.266.067-16.971z\"><\/path><\/svg>\t\t\t\t\t\t<\/span>\n\t\t\t\t\t\t\t\t\t\t<span class=\"elementor-icon-list-text\">Protocoles personnalis\u00e9s : Il n'y a pas deux personnes identiques. J'analyse vos ant\u00e9c\u00e9dents m\u00e9dicaux, votre g\u00e9n\u00e9tique et votre \u00e9tat \u00e9nerg\u00e9tique afin de cr\u00e9er un plan qui vous est propre.<\/span>\n\t\t\t\t\t\t\t\t\t<\/li>\n\t\t\t\t\t\t<\/ul>\n\t\t\t\t\t\t<\/div>\n\t\t\t\t<\/div>\n\t\t\t\t<div class=\"elementor-element elementor-element-8ee9c87 elementor-align-center animated-slow elementor-invisible elementor-widget elementor-widget-button\" data-id=\"8ee9c87\" data-element_type=\"widget\" data-settings=\"{&quot;_animation&quot;:&quot;fadeIn&quot;,&quot;_animation_delay&quot;:600}\" data-widget_type=\"button.default\">\n\t\t\t\t<div class=\"elementor-widget-container\">\n\t\t\t\t\t\t\t\t\t<div class=\"elementor-button-wrapper\">\n\t\t\t\t\t<a class=\"elementor-button elementor-button-link elementor-size-sm\" href=\"https:\/\/drquantum.io\/fr\/\">\n\t\t\t\t\t\t<span class=\"elementor-button-content-wrapper\">\n\t\t\t\t\t\t\t\t\t<span class=\"elementor-button-text\">Page d'accueil<\/span>\n\t\t\t\t\t<\/span>\n\t\t\t\t\t<\/a>\n\t\t\t\t<\/div>\n\t\t\t\t\t\t\t\t<\/div>\n\t\t\t\t<\/div>\n\t\t\t\t\t<\/div>\n\t\t\t\t<\/div>\n\t\t\t\t<\/div>\n\t\t","protected":false},"excerpt":{"rendered":"<p>Dr. Quantum \u00ab\u00a0Bienvenue dans mon espace de gu\u00e9rison quantique. Je suis le Dr Quantum, un expert en m\u00e9decine int\u00e9grative qui combine le meilleur de la science moderne et des th\u00e9rapies anciennes. J&rsquo;utilise la m\u00e9decine quantique, l&rsquo;acupuncture et les appareils t\u00e9rahertz iTeraCare pour cr\u00e9er des protocoles 100% personnalis\u00e9s, adapt\u00e9s \u00e0 vos besoins physiques, \u00e9motionnels et \u00e9nerg\u00e9tiques. [&hellip;]<\/p>\n","protected":false},"author":1,"featured_media":1685,"parent":0,"menu_order":0,"comment_status":"closed","ping_status":"closed","template":"elementor_header_footer","meta":{"footnotes":""},"class_list":["post-1903","page","type-page","status-publish","has-post-thumbnail","hentry"],"_links":{"self":[{"href":"https:\/\/drquantum.io\/fr\/wp-json\/wp\/v2\/pages\/1903","targetHints":{"allow":["GET"]}}],"collection":[{"href":"https:\/\/drquantum.io\/fr\/wp-json\/wp\/v2\/pages"}],"about":[{"href":"https:\/\/drquantum.io\/fr\/wp-json\/wp\/v2\/types\/page"}],"author":[{"embeddable":true,"href":"https:\/\/drquantum.io\/fr\/wp-json\/wp\/v2\/users\/1"}],"replies":[{"embeddable":true,"href":"https:\/\/drquantum.io\/fr\/wp-json\/wp\/v2\/comments?post=1903"}],"version-history":[{"count":7,"href":"https:\/\/drquantum.io\/fr\/wp-json\/wp\/v2\/pages\/1903\/revisions"}],"predecessor-version":[{"id":4162,"href":"https:\/\/drquantum.io\/fr\/wp-json\/wp\/v2\/pages\/1903\/revisions\/4162"}],"wp:featuredmedia":[{"embeddable":true,"href":"https:\/\/drquantum.io\/fr\/wp-json\/"}],"wp:attachment":[{"href":"https:\/\/drquantum.io\/fr\/wp-json\/wp\/v2\/media?parent=1903"}],"curies":[{"name":"wp","href":"https:\/\/api.w.org\/{rel}","templated":true}]}}