{"id":4464,"date":"2025-11-13T19:58:03","date_gmt":"2025-11-13T17:58:03","guid":{"rendered":"https:\/\/drquantum.io\/dra-pupila\/"},"modified":"2025-11-14T15:48:03","modified_gmt":"2025-11-14T13:48:03","slug":"dra-pupila","status":"publish","type":"page","link":"https:\/\/drquantum.io\/de\/dra-pupila\/","title":{"rendered":"Dr. Pupila | Umfassende Diagnose mittels Irisdiagnostik"},"content":{"rendered":"\t\t<div data-elementor-type=\"wp-page\" data-elementor-id=\"4464\" class=\"elementor elementor-4464 elementor-4411\" data-elementor-post-type=\"page\">\n\t\t\t\t<div class=\"elementor-element elementor-element-3a9c47c0 e-flex e-con-boxed e-con e-parent\" data-id=\"3a9c47c0\" data-element_type=\"container\">\n\t\t\t\t\t<div class=\"e-con-inner\">\n\t\t<div class=\"elementor-element elementor-element-56815e20 e-con-full e-flex e-con e-child\" data-id=\"56815e20\" data-element_type=\"container\">\n\t\t\t\t<div class=\"elementor-element elementor-element-1459258d elementor-widget elementor-widget-image\" data-id=\"1459258d\" data-element_type=\"widget\" data-widget_type=\"image.default\">\n\t\t\t\t<div class=\"elementor-widget-container\">\n\t\t\t\t\t\t\t\t\t\t\t\t\t\t\t<img fetchpriority=\"high\" decoding=\"async\" width=\"300\" height=\"300\" src=\"https:\/\/drquantum.io\/wp-content\/uploads\/2025\/11\/Dra-Pupila-300x300.png\" class=\"attachment-medium size-medium wp-image-4425\" alt=\"Dra. Pupila\" srcset=\"https:\/\/drquantum.io\/wp-content\/uploads\/2025\/11\/Dra-Pupila-300x300.png 300w, https:\/\/drquantum.io\/wp-content\/uploads\/2025\/11\/Dra-Pupila-150x150.png 150w, https:\/\/drquantum.io\/wp-content\/uploads\/2025\/11\/Dra-Pupila-768x768.png 768w, https:\/\/drquantum.io\/wp-content\/uploads\/2025\/11\/Dra-Pupila.png 1024w\" sizes=\"(max-width: 300px) 100vw, 300px\" \/>\t\t\t\t\t\t\t\t\t\t\t\t\t\t\t<\/div>\n\t\t\t\t<\/div>\n\t\t\t\t<div class=\"elementor-element elementor-element-30b212f1 elementor-widget elementor-widget-text-editor\" data-id=\"30b212f1\" data-element_type=\"widget\" data-widget_type=\"text-editor.default\">\n\t\t\t\t<div class=\"elementor-widget-container\">\n\t\t\t\t\t\t\t\t\t<h1>Dra. Pupila <\/h1><h3><strong>Umfassende Diagnoseprotokolle mittels Irisdiagnostik<\/strong><\/h3><p class=\"ds-markdown-paragraph\">Die Irisdiagnostik ist die Wissenschaft, die die Landkarte Ihrer Gesundheit entschl\u00fcsselt. Jede Faser, jede Farbe und jeder Punkt in Ihrer Iris ist eine direkte Botschaft Ihrer Organe und Systeme. <\/p><p>Meine Protokolle dienen nicht der Diagnose von Krankheiten; sie decken Veranlagungen, Energieungleichgewichte und den Funktionszustand Ihres K\u00f6rpers auf, sodass wir handeln k\u00f6nnen, <em>bevor <\/em>ein gr\u00f6\u00dferes Problem auftritt.<\/p>\t\t\t\t\t\t\t\t<\/div>\n\t\t\t\t<\/div>\n\t\t\t\t<div class=\"elementor-element elementor-element-74720271 elementor-headline--style-highlight elementor-widget elementor-widget-animated-headline\" data-id=\"74720271\" data-element_type=\"widget\" data-settings=\"{&quot;marker&quot;:&quot;underline&quot;,&quot;highlighted_text&quot;:&quot; Heute.\\&quot;&quot;,&quot;headline_style&quot;:&quot;highlight&quot;,&quot;loop&quot;:&quot;yes&quot;,&quot;highlight_animation_duration&quot;:1200,&quot;highlight_iteration_delay&quot;:8000}\" data-widget_type=\"animated-headline.default\">\n\t\t\t\t<div class=\"elementor-widget-container\">\n\t\t\t\t\t\t\t<h3 class=\"elementor-headline\">\n\t\t\t\t\t<span class=\"elementor-headline-plain-text elementor-headline-text-wrapper\">Bereit f\u00fcr eine tiefgreifende, individuelle Heilung? Beratungstermin vereinbaren<\/span>\n\t\t\t\t<span class=\"elementor-headline-dynamic-wrapper elementor-headline-text-wrapper\">\n\t\t\t\t\t<span class=\"elementor-headline-dynamic-text elementor-headline-text-active\"> Heute.\"<\/span>\n\t\t\t\t<\/span>\n\t\t\t\t<\/h3>\n\t\t\t\t\t\t<\/div>\n\t\t\t\t<\/div>\n\t\t\t\t<\/div>\n\t\t<div class=\"elementor-element elementor-element-1fb28f39 e-con-full e-flex e-con e-child\" data-id=\"1fb28f39\" data-element_type=\"container\">\n\t\t\t\t<div class=\"elementor-element elementor-element-395bd652 elementor-widget elementor-widget-text-editor\" data-id=\"395bd652\" data-element_type=\"widget\" data-widget_type=\"text-editor.default\">\n\t\t\t\t<div class=\"elementor-widget-container\">\n\t\t\t\t\t\t\t\t\t<h2><strong>Was ist ein iridologisches Diagnoseprotokoll?<\/strong><\/h2><p class=\"ds-markdown-paragraph\">Ein Irisdiagnoseprotokoll ist eine zutiefst personalisierte Analyse, die die Iris als Orientierungshilfe nutzt. Durch die Beobachtung ihrer einzigartigen Muster kann ich Ihre konstitutionellen St\u00e4rken, ererbten Schw\u00e4chen und den Grad an Belastungen durch Toxine oder Stress, die Ihr Wohlbefinden beeintr\u00e4chtigen, identifizieren. Es ist keine Zauberei, sondern eine Wissenschaft der Beobachtung, die Ihnen einen ganzheitlichen Blick auf Ihre Gesundheit erm\u00f6glicht und Zusammenh\u00e4nge zwischen scheinbar unzusammenh\u00e4ngenden Symptomen aufdeckt.  <\/p>\t\t\t\t\t\t\t\t<\/div>\n\t\t\t\t<\/div>\n\t\t<div class=\"elementor-element elementor-element-328f156 e-grid e-con-full e-con e-child\" data-id=\"328f156\" data-element_type=\"container\">\n\t\t\t\t<div class=\"elementor-element elementor-element-4eec7f5 elementor-widget elementor-widget-text-editor\" data-id=\"4eec7f5\" data-element_type=\"widget\" data-widget_type=\"text-editor.default\">\n\t\t\t\t<div class=\"elementor-widget-container\">\n\t\t\t\t\t\t\t\t\t<h3><strong>1. Iris-Kartenanalyse<\/strong><\/h3><p class=\"ds-markdown-paragraph\">Anhand eines hochaufl\u00f6senden Bildes Ihrer Augen kartiere ich jeden Abschnitt Ihrer Iris. Ich analysiere die Faserdichte, kryptische Muster und Pigmentierungen, die mit bestimmten Systemen und Organen Ihres K\u00f6rpers korrelieren. <\/p>\t\t\t\t\t\t\t\t<\/div>\n\t\t\t\t<\/div>\n\t\t\t\t<div class=\"elementor-element elementor-element-6b9a5c6 elementor-widget elementor-widget-text-editor\" data-id=\"6b9a5c6\" data-element_type=\"widget\" data-widget_type=\"text-editor.default\">\n\t\t\t\t<div class=\"elementor-widget-container\">\n\t\t\t\t\t\t\t\t\t<h3><strong>2. Interpretation und Korrelation<\/strong><\/h3><p class=\"ds-markdown-paragraph\">Ich interpretiere die Iriszeichen und setze sie in Bezug zu Ihrer Krankengeschichte und Ihren aktuellen Symptomen. Dabei \u201elese ich die Geschichte\u201c, die Ihr K\u00f6rper Ihnen erz\u00e4hlt, und verstehe die Ursache Ihrer Ungleichgewichte. <\/p>\t\t\t\t\t\t\t\t<\/div>\n\t\t\t\t<\/div>\n\t\t\t\t<div class=\"elementor-element elementor-element-f324611 elementor-widget elementor-widget-text-editor\" data-id=\"f324611\" data-element_type=\"widget\" data-widget_type=\"text-editor.default\">\n\t\t\t\t<div class=\"elementor-widget-container\">\n\t\t\t\t\t\t\t\t\t<h3><strong>3. Personalisiertes Wellness-Protokoll<\/strong><\/h3><p class=\"ds-markdown-paragraph\">Sie erhalten einen ausf\u00fchrlichen Bericht mit meinen Erkenntnissen und einem vollst\u00e4ndig auf Sie zugeschnittenen Behandlungsplan. Dieser Plan beinhaltet Anpassungen Ihrer Ern\u00e4hrung, nat\u00fcrliche Nahrungserg\u00e4nzungsmittel, Entgiftung und Lebensstil\u00e4nderungen, um Ihr inneres Gleichgewicht wiederherzustellen. <\/p>\t\t\t\t\t\t\t\t<\/div>\n\t\t\t\t<\/div>\n\t\t\t\t<\/div>\n\t\t\t\t<div class=\"elementor-element elementor-element-c5a4827 elementor-align-center elementor-widget elementor-widget-button\" data-id=\"c5a4827\" data-element_type=\"widget\" data-widget_type=\"button.default\">\n\t\t\t\t<div class=\"elementor-widget-container\">\n\t\t\t\t\t\t\t\t\t<div class=\"elementor-button-wrapper\">\n\t\t\t\t\t<a class=\"elementor-button elementor-button-link elementor-size-sm\" href=\"https:\/\/drquantum.io\/#11\">\n\t\t\t\t\t\t<span class=\"elementor-button-content-wrapper\">\n\t\t\t\t\t\t\t\t\t<span class=\"elementor-button-text\">Ich m\u00f6chte mich registrieren<\/span>\n\t\t\t\t\t<\/span>\n\t\t\t\t\t<\/a>\n\t\t\t\t<\/div>\n\t\t\t\t\t\t\t\t<\/div>\n\t\t\t\t<\/div>\n\t\t\t\t<\/div>\n\t\t\t\t\t<\/div>\n\t\t\t\t<\/div>\n\t\t<div class=\"elementor-element elementor-element-b8d767 e-flex e-con-boxed e-con e-parent\" data-id=\"b8d767\" data-element_type=\"container\">\n\t\t\t\t\t<div class=\"e-con-inner\">\n\t\t<div class=\"elementor-element elementor-element-3d151aed e-con-full e-flex e-con e-child\" data-id=\"3d151aed\" data-element_type=\"container\">\n\t\t\t\t<div class=\"elementor-element elementor-element-5411a985 elementor-view-default elementor-position-top elementor-mobile-position-top elementor-widget elementor-widget-icon-box\" data-id=\"5411a985\" data-element_type=\"widget\" data-widget_type=\"icon-box.default\">\n\t\t\t\t<div class=\"elementor-widget-container\">\n\t\t\t\t\t\t\t<div class=\"elementor-icon-box-wrapper\">\n\n\t\t\t\t\t\t<div class=\"elementor-icon-box-icon\">\n\t\t\t\t<span  class=\"elementor-icon\">\n\t\t\t\t<svg aria-hidden=\"true\" class=\"e-font-icon-svg e-far-eye\" viewBox=\"0 0 576 512\" xmlns=\"http:\/\/www.w3.org\/2000\/svg\"><path d=\"M288 144a110.94 110.94 0 0 0-31.24 5 55.4 55.4 0 0 1 7.24 27 56 56 0 0 1-56 56 55.4 55.4 0 0 1-27-7.24A111.71 111.71 0 1 0 288 144zm284.52 97.4C518.29 135.59 410.93 64 288 64S57.68 135.64 3.48 241.41a32.35 32.35 0 0 0 0 29.19C57.71 376.41 165.07 448 288 448s230.32-71.64 284.52-177.41a32.35 32.35 0 0 0 0-29.19zM288 400c-98.65 0-189.09-55-237.93-144C98.91 167 189.34 112 288 112s189.09 55 237.93 144C477.1 345 386.66 400 288 400z\"><\/path><\/svg>\t\t\t\t<\/span>\n\t\t\t<\/div>\n\t\t\t\n\t\t\t\t\t\t<div class=\"elementor-icon-box-content\">\n\n\t\t\t\t\t\t\t\t\t<h3 class=\"elementor-icon-box-title\">\n\t\t\t\t\t\t<span  >\n\t\t\t\t\t\t\tGanzheitliche und pr\u00e4ventive Analyse:\t\t\t\t\t\t<\/span>\n\t\t\t\t\t<\/h3>\n\t\t\t\t\n\t\t\t\t\t\t\t\t\t<p class=\"elementor-icon-box-description\">\n\t\t\t\t\t\tEs erkennt Ungleichgewichte in ihrem fr\u00fchesten Stadium, noch bevor sie in herk\u00f6mmlichen Analysen sichtbar werden.\t\t\t\t\t<\/p>\n\t\t\t\t\n\t\t\t<\/div>\n\t\t\t\n\t\t<\/div>\n\t\t\t\t\t\t<\/div>\n\t\t\t\t<\/div>\n\t\t\t\t<\/div>\n\t\t<div class=\"elementor-element elementor-element-6d23e5f2 e-con-full e-flex e-con e-child\" data-id=\"6d23e5f2\" data-element_type=\"container\">\n\t\t\t\t<div class=\"elementor-element elementor-element-19c6a817 elementor-view-default elementor-position-top elementor-mobile-position-top elementor-widget elementor-widget-icon-box\" data-id=\"19c6a817\" data-element_type=\"widget\" data-widget_type=\"icon-box.default\">\n\t\t\t\t<div class=\"elementor-widget-container\">\n\t\t\t\t\t\t\t<div class=\"elementor-icon-box-wrapper\">\n\n\t\t\t\t\t\t<div class=\"elementor-icon-box-icon\">\n\t\t\t\t<span  class=\"elementor-icon\">\n\t\t\t\t<svg aria-hidden=\"true\" class=\"e-font-icon-svg e-fas-lungs-virus\" viewBox=\"0 0 640 512\" xmlns=\"http:\/\/www.w3.org\/2000\/svg\"><path d=\"M344,150.68V16A16,16,0,0,0,328,0H312a16,16,0,0,0-16,16V150.68a46.45,46.45,0,0,1,48,0ZM195.54,444.46a48.06,48.06,0,0,1,0-67.88l8.58-8.58H192a48,48,0,0,1,0-96h12.12l-8.58-8.57a48,48,0,0,1,60.46-74V161.75C256,125.38,224.62,96,186,96c-44,0-58,28.5-80.12,63.13a819.52,819.52,0,0,0-102,231A113.16,113.16,0,0,0,0,419.75C0,481,62.5,525.26,125.25,508.38l59.5-15.87a98.51,98.51,0,0,0,52.5-34.75,46.49,46.49,0,0,1-41.71-13.3Zm226.29-22.63a16,16,0,0,0,0-22.62l-8.58-8.58C393.09,370.47,407.37,336,435.88,336H448a16,16,0,0,0,0-32H435.88c-28.51,0-42.79-34.47-22.63-54.62l8.58-8.58a16,16,0,0,0-22.63-22.63l-8.57,8.58C370.47,246.91,336,232.63,336,204.12V192a16,16,0,0,0-32,0v12.12c0,28.51-34.47,42.79-54.63,22.63l-8.57-8.58a16,16,0,0,0-22.63,22.63l8.58,8.58c20.16,20.15,5.88,54.62-22.63,54.62H192a16,16,0,0,0,0,32h12.12c28.51,0,42.79,34.47,22.63,54.63l-8.58,8.58a16,16,0,1,0,22.63,22.62l8.57-8.57C269.53,393.1,304,407.38,304,435.88V448a16,16,0,0,0,32,0V435.88c0-28.5,34.47-42.78,54.63-22.62l8.57,8.57a16,16,0,0,0,22.63,0ZM288,304a16,16,0,1,1,16-16A16,16,0,0,1,288,304Zm64,64a16,16,0,1,1,16-16A16,16,0,0,1,352,368Zm284.12,22.13a819.52,819.52,0,0,0-102-231C512,124.5,498,96,454,96c-38.62,0-70,29.38-70,65.75v27.72a48,48,0,0,1,60.46,74L435.88,272H448a48,48,0,0,1,0,96H435.88l8.58,8.58a47.7,47.7,0,0,1-41.71,81.18,98.51,98.51,0,0,0,52.5,34.75l59.5,15.87C577.5,525.26,640,481,640,419.75A113.16,113.16,0,0,0,636.12,390.13Z\"><\/path><\/svg>\t\t\t\t<\/span>\n\t\t\t<\/div>\n\t\t\t\n\t\t\t\t\t\t<div class=\"elementor-icon-box-content\">\n\n\t\t\t\t\t\t\t\t\t<h3 class=\"elementor-icon-box-title\">\n\t\t\t\t\t\t<span  >\n\t\t\t\t\t\t\tPersonalisierter Gesundheitsplan:\t\t\t\t\t\t<\/span>\n\t\t\t\t\t<\/h3>\n\t\t\t\t\n\t\t\t\t\t\t\t\t\t<p class=\"elementor-icon-box-description\">\n\t\t\t\t\t\tErhalten Sie konkrete Empfehlungen zu Ern\u00e4hrung, Kr\u00e4utern und Lebensstil, die auf Ihre individuellen Bed\u00fcrfnisse zugeschnitten sind.\t\t\t\t\t<\/p>\n\t\t\t\t\n\t\t\t<\/div>\n\t\t\t\n\t\t<\/div>\n\t\t\t\t\t\t<\/div>\n\t\t\t\t<\/div>\n\t\t\t\t<\/div>\n\t\t<div class=\"elementor-element elementor-element-56df945e e-con-full e-flex e-con e-child\" data-id=\"56df945e\" data-element_type=\"container\">\n\t\t\t\t<div class=\"elementor-element elementor-element-116a7002 elementor-view-default elementor-position-top elementor-mobile-position-top elementor-widget elementor-widget-icon-box\" data-id=\"116a7002\" data-element_type=\"widget\" data-widget_type=\"icon-box.default\">\n\t\t\t\t<div class=\"elementor-widget-container\">\n\t\t\t\t\t\t\t<div class=\"elementor-icon-box-wrapper\">\n\n\t\t\t\t\t\t<div class=\"elementor-icon-box-icon\">\n\t\t\t\t<span  class=\"elementor-icon\">\n\t\t\t\t<svg aria-hidden=\"true\" class=\"e-font-icon-svg e-fas-hand-holding-heart\" viewBox=\"0 0 576 512\" xmlns=\"http:\/\/www.w3.org\/2000\/svg\"><path d=\"M275.3 250.5c7 7.4 18.4 7.4 25.5 0l108.9-114.2c31.6-33.2 29.8-88.2-5.6-118.8-30.8-26.7-76.7-21.9-104.9 7.7L288 36.9l-11.1-11.6C248.7-4.4 202.8-9.2 172 17.5c-35.3 30.6-37.2 85.6-5.6 118.8l108.9 114.2zm290 77.6c-11.8-10.7-30.2-10-42.6 0L430.3 402c-11.3 9.1-25.4 14-40 14H272c-8.8 0-16-7.2-16-16s7.2-16 16-16h78.3c15.9 0 30.7-10.9 33.3-26.6 3.3-20-12.1-37.4-31.6-37.4H192c-27 0-53.1 9.3-74.1 26.3L71.4 384H16c-8.8 0-16 7.2-16 16v96c0 8.8 7.2 16 16 16h356.8c14.5 0 28.6-4.9 40-14L564 377c15.2-12.1 16.4-35.3 1.3-48.9z\"><\/path><\/svg>\t\t\t\t<\/span>\n\t\t\t<\/div>\n\t\t\t\n\t\t\t\t\t\t<div class=\"elementor-icon-box-content\">\n\n\t\t\t\t\t\t\t\t\t<h3 class=\"elementor-icon-box-title\">\n\t\t\t\t\t\t<span  >\n\t\t\t\t\t\t\tVerfolgen Sie Ihren Fortschritt:\t\t\t\t\t\t<\/span>\n\t\t\t\t\t<\/h3>\n\t\t\t\t\n\t\t\t\t\t\t\t\t\t<p class=\"elementor-icon-box-description\">\n\t\t\t\t\t\tDurch die Dokumentation von Ver\u00e4nderungen Ihrer Iris k\u00f6nnen wir Ihren Fortschritt objektiv messen und Ihren Weg zu optimaler Gesundheit anpassen.\t\t\t\t\t<\/p>\n\t\t\t\t\n\t\t\t<\/div>\n\t\t\t\n\t\t<\/div>\n\t\t\t\t\t\t<\/div>\n\t\t\t\t<\/div>\n\t\t\t\t<\/div>\n\t\t\t\t\t<\/div>\n\t\t\t\t<\/div>\n\t\t<div class=\"elementor-element elementor-element-18112426 e-flex e-con-boxed e-con e-parent\" data-id=\"18112426\" data-element_type=\"container\">\n\t\t\t\t\t<div class=\"e-con-inner\">\n\t\t\t\t<div class=\"elementor-element elementor-element-531fdaf1 elementor-widget elementor-widget-heading\" data-id=\"531fdaf1\" data-element_type=\"widget\" data-widget_type=\"heading.default\">\n\t\t\t\t<div class=\"elementor-widget-container\">\n\t\t\t\t\t<h2 class=\"elementor-heading-title elementor-size-default\">H\u00e4ufig gestellte Fragen<\/h2>\t\t\t\t<\/div>\n\t\t\t\t<\/div>\n\t\t\t\t<div class=\"elementor-element elementor-element-11149265 elementor-widget elementor-widget-text-editor\" data-id=\"11149265\" data-element_type=\"widget\" data-widget_type=\"text-editor.default\">\n\t\t\t\t<div class=\"elementor-widget-container\">\n\t\t\t\t\t\t\t\t\t<p><strong>&#8222;Entdecken Sie die Geheimnisse, die Ihre Augen bereits kennen&#8220;<\/strong><\/p>\t\t\t\t\t\t\t\t<\/div>\n\t\t\t\t<\/div>\n\t\t\t\t<div class=\"elementor-element elementor-element-ea0c810 elementor-widget elementor-widget-n-accordion\" data-id=\"ea0c810\" data-element_type=\"widget\" data-settings=\"{&quot;default_state&quot;:&quot;expanded&quot;,&quot;max_items_expended&quot;:&quot;one&quot;,&quot;n_accordion_animation_duration&quot;:{&quot;unit&quot;:&quot;ms&quot;,&quot;size&quot;:400,&quot;sizes&quot;:[]}}\" data-widget_type=\"nested-accordion.default\">\n\t\t\t\t<div class=\"elementor-widget-container\">\n\t\t\t\t\t\t\t<div class=\"e-n-accordion\" aria-label=\"Accordion. Open links with Enter or Space, close with Escape, and navigate with Arrow Keys\">\n\t\t\t\t\t\t<details id=\"e-n-accordion-item-2450\" class=\"e-n-accordion-item\" open>\n\t\t\t\t<summary class=\"e-n-accordion-item-title\" data-accordion-index=\"1\" tabindex=\"0\" aria-expanded=\"true\" aria-controls=\"e-n-accordion-item-2450\" >\n\t\t\t\t\t<span class='e-n-accordion-item-title-header'><div class=\"e-n-accordion-item-title-text\"> Kann die Irisdiagnostik bestimmte Krankheiten wie Krebs oder Diabetes diagnostizieren? <\/div><\/span>\n\t\t\t\t\t\t\t<span class='e-n-accordion-item-title-icon'>\n\t\t\t<span class='e-opened' ><svg aria-hidden=\"true\" class=\"e-font-icon-svg e-fas-minus\" viewBox=\"0 0 448 512\" xmlns=\"http:\/\/www.w3.org\/2000\/svg\"><path d=\"M416 208H32c-17.67 0-32 14.33-32 32v32c0 17.67 14.33 32 32 32h384c17.67 0 32-14.33 32-32v-32c0-17.67-14.33-32-32-32z\"><\/path><\/svg><\/span>\n\t\t\t<span class='e-closed'><svg aria-hidden=\"true\" class=\"e-font-icon-svg e-fas-plus\" viewBox=\"0 0 448 512\" xmlns=\"http:\/\/www.w3.org\/2000\/svg\"><path d=\"M416 208H272V64c0-17.67-14.33-32-32-32h-32c-17.67 0-32 14.33-32 32v144H32c-17.67 0-32 14.33-32 32v32c0 17.67 14.33 32 32 32h144v144c0 17.67 14.33 32 32 32h32c17.67 0 32-14.33 32-32V304h144c17.67 0 32-14.33 32-32v-32c0-17.67-14.33-32-32-32z\"><\/path><\/svg><\/span>\n\t\t<\/span>\n\n\t\t\t\t\t\t<\/summary>\n\t\t\t\t<div role=\"region\" aria-labelledby=\"e-n-accordion-item-2450\" class=\"elementor-element elementor-element-31df778 e-con-full e-flex e-con e-child\" data-id=\"31df778\" data-element_type=\"container\">\n\t\t\t\t<div class=\"elementor-element elementor-element-4656182 elementor-widget elementor-widget-text-editor\" data-id=\"4656182\" data-element_type=\"widget\" data-widget_type=\"text-editor.default\">\n\t\t\t\t<div class=\"elementor-widget-container\">\n\t\t\t\t\t\t\t\t\t<p class=\"ds-markdown-paragraph\">Nein. Die Irisdiagnostik dient nicht der Diagnose spezifischer Krankheiten. Sie ist ein Instrument zur Funktions- und Konstitutionsbeurteilung. Sie deckt Veranlagungen, organische Schw\u00e4chen und Toxinablagerungen auf, die unbehandelt zu Erkrankungen f\u00fchren <g id=\"gid_2\">k\u00f6nnen<\/g>. Sie sollte die konventionelle medizinische Diagnostik stets erg\u00e4nzen, nicht ersetzen.    <\/p>\t\t\t\t\t\t\t\t<\/div>\n\t\t\t\t<\/div>\n\t\t\t\t<\/div>\n\t\t\t\t\t<\/details>\n\t\t\t\t\t\t<details id=\"e-n-accordion-item-2451\" class=\"e-n-accordion-item\" >\n\t\t\t\t<summary class=\"e-n-accordion-item-title\" data-accordion-index=\"2\" tabindex=\"-1\" aria-expanded=\"false\" aria-controls=\"e-n-accordion-item-2451\" >\n\t\t\t\t\t<span class='e-n-accordion-item-title-header'><div class=\"e-n-accordion-item-title-text\"> Ist die Untersuchung schmerzhaft oder ist sie invasiv? <\/div><\/span>\n\t\t\t\t\t\t\t<span class='e-n-accordion-item-title-icon'>\n\t\t\t<span class='e-opened' ><svg aria-hidden=\"true\" class=\"e-font-icon-svg e-fas-minus\" viewBox=\"0 0 448 512\" xmlns=\"http:\/\/www.w3.org\/2000\/svg\"><path d=\"M416 208H32c-17.67 0-32 14.33-32 32v32c0 17.67 14.33 32 32 32h384c17.67 0 32-14.33 32-32v-32c0-17.67-14.33-32-32-32z\"><\/path><\/svg><\/span>\n\t\t\t<span class='e-closed'><svg aria-hidden=\"true\" class=\"e-font-icon-svg e-fas-plus\" viewBox=\"0 0 448 512\" xmlns=\"http:\/\/www.w3.org\/2000\/svg\"><path d=\"M416 208H272V64c0-17.67-14.33-32-32-32h-32c-17.67 0-32 14.33-32 32v144H32c-17.67 0-32 14.33-32 32v32c0 17.67 14.33 32 32 32h144v144c0 17.67 14.33 32 32 32h32c17.67 0 32-14.33 32-32V304h144c17.67 0 32-14.33 32-32v-32c0-17.67-14.33-32-32-32z\"><\/path><\/svg><\/span>\n\t\t<\/span>\n\n\t\t\t\t\t\t<\/summary>\n\t\t\t\t<div role=\"region\" aria-labelledby=\"e-n-accordion-item-2451\" class=\"elementor-element elementor-element-7b72194 e-con-full e-flex e-con e-child\" data-id=\"7b72194\" data-element_type=\"container\">\n\t\t\t\t<div class=\"elementor-element elementor-element-462e56b elementor-widget elementor-widget-text-editor\" data-id=\"462e56b\" data-element_type=\"widget\" data-widget_type=\"text-editor.default\">\n\t\t\t\t<div class=\"elementor-widget-container\">\n\t\t\t\t\t\t\t\t\t<p class=\"ds-markdown-paragraph\">\u00dcberhaupt nicht. Die Untersuchung ist v\u00f6llig schonend und schmerzfrei. Ich ben\u00f6tige lediglich ein klares, hochaufl\u00f6sendes Foto Ihrer Iris, das Sie ganz bequem zu Hause aufnehmen k\u00f6nnen.  <\/p>\t\t\t\t\t\t\t\t<\/div>\n\t\t\t\t<\/div>\n\t\t\t\t<\/div>\n\t\t\t\t\t<\/details>\n\t\t\t\t\t\t<details id=\"e-n-accordion-item-2452\" class=\"e-n-accordion-item\" >\n\t\t\t\t<summary class=\"e-n-accordion-item-title\" data-accordion-index=\"3\" tabindex=\"-1\" aria-expanded=\"false\" aria-controls=\"e-n-accordion-item-2452\" >\n\t\t\t\t\t<span class='e-n-accordion-item-title-header'><div class=\"e-n-accordion-item-title-text\"> Ver\u00e4ndern sich die Muster in meiner Iris im Laufe der Zeit? <\/div><\/span>\n\t\t\t\t\t\t\t<span class='e-n-accordion-item-title-icon'>\n\t\t\t<span class='e-opened' ><svg aria-hidden=\"true\" class=\"e-font-icon-svg e-fas-minus\" viewBox=\"0 0 448 512\" xmlns=\"http:\/\/www.w3.org\/2000\/svg\"><path d=\"M416 208H32c-17.67 0-32 14.33-32 32v32c0 17.67 14.33 32 32 32h384c17.67 0 32-14.33 32-32v-32c0-17.67-14.33-32-32-32z\"><\/path><\/svg><\/span>\n\t\t\t<span class='e-closed'><svg aria-hidden=\"true\" class=\"e-font-icon-svg e-fas-plus\" viewBox=\"0 0 448 512\" xmlns=\"http:\/\/www.w3.org\/2000\/svg\"><path d=\"M416 208H272V64c0-17.67-14.33-32-32-32h-32c-17.67 0-32 14.33-32 32v144H32c-17.67 0-32 14.33-32 32v32c0 17.67 14.33 32 32 32h144v144c0 17.67 14.33 32 32 32h32c17.67 0 32-14.33 32-32V304h144c17.67 0 32-14.33 32-32v-32c0-17.67-14.33-32-32-32z\"><\/path><\/svg><\/span>\n\t\t<\/span>\n\n\t\t\t\t\t\t<\/summary>\n\t\t\t\t<div role=\"region\" aria-labelledby=\"e-n-accordion-item-2452\" class=\"elementor-element elementor-element-bf5de1e e-con-full e-flex e-con e-child\" data-id=\"bf5de1e\" data-element_type=\"container\">\n\t\t\t\t<div class=\"elementor-element elementor-element-71b1b97 elementor-widget elementor-widget-text-editor\" data-id=\"71b1b97\" data-element_type=\"widget\" data-widget_type=\"text-editor.default\">\n\t\t\t\t<div class=\"elementor-widget-container\">\n\t\t\t\t\t\t\t\t\t<p class=\"ds-markdown-paragraph\">Die grundlegenden Muster (wie Krypten und Lakunen) sind genetisch bedingt und bleiben stabil. Allerdings k\u00f6nnen sich die Irisklarheit, Pigmentablagerungen und die allgemeine<em> Gewebevitalit\u00e4t ver\u00e4ndern<\/em> und so Verbesserungen oder Verschlechterungen des Gesundheitszustands widerspiegeln. Daher eignet sich die Iris hervorragend zur \u00dcberwachung der Gesundheit. <\/p>\t\t\t\t\t\t\t\t<\/div>\n\t\t\t\t<\/div>\n\t\t\t\t<\/div>\n\t\t\t\t\t<\/details>\n\t\t\t\t\t<\/div>\n\t\t\t\t\t\t<\/div>\n\t\t\t\t<\/div>\n\t\t\t\t<div class=\"elementor-element elementor-element-bdb26d1 elementor-widget elementor-widget-text-editor\" data-id=\"bdb26d1\" data-element_type=\"widget\" data-widget_type=\"text-editor.default\">\n\t\t\t\t<div class=\"elementor-widget-container\">\n\t\t\t\t\t\t\t\t\t<h2><strong>Sind Sie bereit, Ihre Gesundheitskarte zu entschl\u00fcsseln?<\/strong><\/h2><p class=\"ds-markdown-paragraph\">Herausforderungen f\u00fcr Ihr Wohlbefinden vom ersten Tag an. Es ist Zeit, ihnen Geh\u00f6r zu schenken. Buchen Sie Ihr Programm und lassen Sie uns gemeinsam den Weg zu mehr bewusster und proaktiver Gesundheit beschreiten.  <\/p>\t\t\t\t\t\t\t\t<\/div>\n\t\t\t\t<\/div>\n\t\t\t\t<div class=\"elementor-element elementor-element-5fb0abe elementor-align-center elementor-widget elementor-widget-button\" data-id=\"5fb0abe\" data-element_type=\"widget\" data-widget_type=\"button.default\">\n\t\t\t\t<div class=\"elementor-widget-container\">\n\t\t\t\t\t\t\t\t\t<div class=\"elementor-button-wrapper\">\n\t\t\t\t\t<a class=\"elementor-button elementor-button-link elementor-size-sm\" href=\"https:\/\/drquantum.io\/#11\">\n\t\t\t\t\t\t<span class=\"elementor-button-content-wrapper\">\n\t\t\t\t\t\t\t\t\t<span class=\"elementor-button-text\">Ich m\u00f6chte mich registrieren<\/span>\n\t\t\t\t\t<\/span>\n\t\t\t\t\t<\/a>\n\t\t\t\t<\/div>\n\t\t\t\t\t\t\t\t<\/div>\n\t\t\t\t<\/div>\n\t\t\t\t\t<\/div>\n\t\t\t\t<\/div>\n\t\t\t\t<\/div>\n\t\t","protected":false},"excerpt":{"rendered":"<p>Dra. Pupila Umfassende Diagnoseprotokolle mittels Irisdiagnostik Die Irisdiagnostik ist die Wissenschaft, die die Landkarte Ihrer Gesundheit entschl\u00fcsselt. Jede Faser, jede Farbe und jeder Punkt in Ihrer Iris ist eine direkte Botschaft Ihrer Organe und Systeme. Meine Protokolle dienen nicht der Diagnose von Krankheiten; sie decken Veranlagungen, Energieungleichgewichte und den Funktionszustand Ihres K\u00f6rpers auf, sodass wir [&hellip;]<\/p>\n","protected":false},"author":1,"featured_media":4433,"parent":0,"menu_order":0,"comment_status":"closed","ping_status":"closed","template":"elementor_header_footer","meta":{"footnotes":""},"class_list":["post-4464","page","type-page","status-publish","has-post-thumbnail","hentry"],"_links":{"self":[{"href":"https:\/\/drquantum.io\/de\/wp-json\/wp\/v2\/pages\/4464","targetHints":{"allow":["GET"]}}],"collection":[{"href":"https:\/\/drquantum.io\/de\/wp-json\/wp\/v2\/pages"}],"about":[{"href":"https:\/\/drquantum.io\/de\/wp-json\/wp\/v2\/types\/page"}],"author":[{"embeddable":true,"href":"https:\/\/drquantum.io\/de\/wp-json\/wp\/v2\/users\/1"}],"replies":[{"embeddable":true,"href":"https:\/\/drquantum.io\/de\/wp-json\/wp\/v2\/comments?post=4464"}],"version-history":[{"count":2,"href":"https:\/\/drquantum.io\/de\/wp-json\/wp\/v2\/pages\/4464\/revisions"}],"predecessor-version":[{"id":4467,"href":"https:\/\/drquantum.io\/de\/wp-json\/wp\/v2\/pages\/4464\/revisions\/4467"}],"wp:featuredmedia":[{"embeddable":true,"href":"https:\/\/drquantum.io\/de\/wp-json\/wp\/v2\/media\/4433"}],"wp:attachment":[{"href":"https:\/\/drquantum.io\/de\/wp-json\/wp\/v2\/media?parent=4464"}],"curies":[{"name":"wp","href":"https:\/\/api.w.org\/{rel}","templated":true}]}}