{"id":4336,"date":"2025-07-29T14:41:05","date_gmt":"2025-07-29T12:41:05","guid":{"rendered":"https:\/\/drquantum.io\/datenschutzrichtlinie\/"},"modified":"2025-09-29T10:58:22","modified_gmt":"2025-09-29T08:58:22","slug":"datenschutzrichtlinie","status":"publish","type":"page","link":"https:\/\/drquantum.io\/de\/datenschutzrichtlinie\/","title":{"rendered":"DATENSCHUTZRICHTLINIE"},"content":{"rendered":"\n<h3 class=\"wp-block-heading\"><strong>2. Datenschutz<\/strong><\/h3>\n\n<p><strong>So erheben und verwenden wir Ihre Daten:<\/strong><\/p>\n\n<ul class=\"wp-block-list\">\n<li><strong>Erfasste Daten<\/strong>: Name, E-Mail, KI-Abfrageverlauf, IP (f\u00fcr Analysen).<\/li>\n\n\n\n<li><strong>Verwendung<\/strong>: Verbessern Sie KI-Assistenten, verarbeiten Sie Empfehlungspr\u00e4mien und senden Sie Updates (mit Ihrer Zustimmung).<\/li>\n\n\n\n<li><strong>Cookies<\/strong>: Wir verwenden Cookies f\u00fcr Analysezwecke (Google Analytics) und zur Funktionalit\u00e4t. Sie k\u00f6nnen diese in Ihrem Browser deaktivieren. <\/li>\n\n\n\n<li><strong>Datenschutz<\/strong>: Wir verkaufen Ihre Daten nicht an Dritte. Wir halten uns an die <strong>CCPA<\/strong> (Kalifornien) und <strong>COPPA<\/strong> (Kinderschutz). <\/li>\n<\/ul>\n\n<p><strong>Benutzerrechte<\/strong>:<\/p>\n\n<ul class=\"wp-block-list\">\n<li>Greifen Sie auf Ihre Daten zu, korrigieren Sie sie oder fordern Sie deren L\u00f6schung an (Kontakt: info@qrquantum.io).<\/li>\n<\/ul>\n\n<hr class=\"wp-block-separator has-alpha-channel-opacity\"\/>\n\n<h3 class=\"wp-block-heading\"><strong>3. Impressum (Web-Footer)<\/strong><\/h3>\n\n<p><em>\u201eQuantum System LLC ist ein in Florida, USA, eingetragenes Unternehmen. Die von KI-Assistenten bereitgestellten Informationen stellen keine medizinische Beratung dar. Konsultieren Sie einen Fachmann, bevor Sie gesundheitliche Entscheidungen treffen.\u201c<\/em><\/p>\n\n<hr class=\"wp-block-separator has-alpha-channel-opacity\"\/>\n\n<h3 class=\"wp-block-heading\"><strong>4. Cookie-Richtlinie<\/strong><\/h3>\n\n<ul class=\"wp-block-list\">\n<li><strong>Unbedingt erforderliche Cookies<\/strong>: F\u00fcr den grundlegenden Betrieb der Site.<\/li>\n\n\n\n<li><strong>Analyse-Cookies<\/strong>: Google Analytics (anonymisiert IPs).<\/li>\n\n\n\n<li><strong>So deaktivieren Sie sie<\/strong>: Anleitungen f\u00fcr Chrome, Safari usw.<\/li>\n<\/ul>\n\n<hr class=\"wp-block-separator has-alpha-channel-opacity\"\/>\n\n<h3 class=\"wp-block-heading\"><strong>5. Medizinischer Haftungsausschluss<\/strong><\/h3>\n\n<p><em>\u201eDer Inhalt dieser Website dient ausschlie\u00dflich zu Informationszwecken. Quantum System LLC ist nicht f\u00fcr den Missbrauch der von KI-Assistenten bereitgestellten Informationen verantwortlich.\u201c<\/em><\/p>\n","protected":false},"excerpt":{"rendered":"<p>2. Datenschutz So erheben und verwenden wir Ihre Daten: Benutzerrechte: 3. Impressum (Web-Footer) \u201eQuantum System LLC ist ein in Florida, USA, eingetragenes Unternehmen. Die von KI-Assistenten bereitgestellten Informationen stellen keine medizinische Beratung dar. Konsultieren Sie einen Fachmann, bevor Sie gesundheitliche Entscheidungen treffen.\u201c 4. Cookie-Richtlinie 5. Medizinischer Haftungsausschluss \u201eDer Inhalt dieser Website dient ausschlie\u00dflich zu Informationszwecken. [&hellip;]<\/p>\n","protected":false},"author":1,"featured_media":0,"parent":0,"menu_order":0,"comment_status":"closed","ping_status":"closed","template":"","meta":{"footnotes":""},"class_list":["post-4336","page","type-page","status-publish","hentry"],"_links":{"self":[{"href":"https:\/\/drquantum.io\/de\/wp-json\/wp\/v2\/pages\/4336","targetHints":{"allow":["GET"]}}],"collection":[{"href":"https:\/\/drquantum.io\/de\/wp-json\/wp\/v2\/pages"}],"about":[{"href":"https:\/\/drquantum.io\/de\/wp-json\/wp\/v2\/types\/page"}],"author":[{"embeddable":true,"href":"https:\/\/drquantum.io\/de\/wp-json\/wp\/v2\/users\/1"}],"replies":[{"embeddable":true,"href":"https:\/\/drquantum.io\/de\/wp-json\/wp\/v2\/comments?post=4336"}],"version-history":[{"count":1,"href":"https:\/\/drquantum.io\/de\/wp-json\/wp\/v2\/pages\/4336\/revisions"}],"predecessor-version":[{"id":4337,"href":"https:\/\/drquantum.io\/de\/wp-json\/wp\/v2\/pages\/4336\/revisions\/4337"}],"wp:attachment":[{"href":"https:\/\/drquantum.io\/de\/wp-json\/wp\/v2\/media?parent=4336"}],"curies":[{"name":"wp","href":"https:\/\/api.w.org\/{rel}","templated":true}]}}