{"id":4306,"date":"2025-07-29T15:28:52","date_gmt":"2025-07-29T13:28:52","guid":{"rendered":"https:\/\/drquantum.io\/anti-spam-warnung-drquantum-io\/"},"modified":"2025-09-25T12:22:12","modified_gmt":"2025-09-25T10:22:12","slug":"anti-spam-warnung-drquantum-io","status":"publish","type":"page","link":"https:\/\/drquantum.io\/de\/anti-spam-warnung-drquantum-io\/","title":{"rendered":"ANTI-SPAM-HINWEIS \u2013 DRQUANTUM.IO"},"content":{"rendered":"\n<p><strong>Einhaltung des CAN-SPAM Act (USA)<\/strong><br\/><em>Letzte Aktualisierung: [Datum]<\/em><\/p>\n\n<h4 class=\"wp-block-heading\"><strong>1. Anti-Spam-Verpflichtung<\/strong><\/h4>\n\n<p>Quantum System LLC (<strong>drquantum.io<\/strong>) h\u00e4lt sich an den <strong>CAN-SPAM Act<\/strong> (15 U.S.C. 7701) und verbietet das Versenden unerw\u00fcnschter E-Mails (\u201eSpam\u201c) \u00fcber:<\/p>\n\n<ul class=\"wp-block-list\">\n<li>E-Mail-Marketingkampagnen.<\/li>\n\n\n\n<li>Empfehlungsprogramm.<\/li>\n\n\n\n<li>Werbekommunikation.<\/li>\n<\/ul>\n\n<h4 class=\"wp-block-heading\"><strong>2. CAN-SPAM-Anforderungen<\/strong><\/h4>\n\n<p>Alle unsere E-Mails enthalten:<br\/>\u2713<strong> Klare Identifizierung<\/strong>:<\/p>\n\n<ul class=\"wp-block-list\">\n<li>Physischer Firmenname: <strong>Quantum System LLC<\/strong> (336 E. College Ave. Suite 301, Tallahassee, FL 32301).<\/li>\n\n\n\n<li>G\u00fcltige Domain: @<strong>drquantum.io.<\/strong><br\/>\u2713 <strong>Transparente Betreffzeile:<\/strong> Keine irref\u00fchrende Formulierungen (z. B. \u201eSchnell Geld verdienen\u201c, wenn es nicht echt ist).<br\/>\u2713 <strong>Abmeldem\u00f6glichkeit:<\/strong> Funktionaler Link in jeder E-Mail (Bearbeitung in \u226410 Tagen).<br\/>\u2713 <strong>Datenschutzrichtlinie:<\/strong> Link zu [<a href=\"https:\/\/drquantum.io\/privacidad\" target=\"_blank\" rel=\"noreferrer noopener\">https:\/\/drquantum.io\/privacy<\/a>].<\/li>\n<\/ul>\n\n<h4 class=\"wp-block-heading\"><strong>3. Verbote f\u00fcr Affiliates<\/strong><\/h4>\n\n<p>Wenn Sie an unserem <strong>Empfehlungsprogramm<\/strong> teilnehmen, d\u00fcrfen Sie NICHT:<\/p>\n\n<ul class=\"wp-block-list\">\n<li>Kaufen\/Versandlisten oder Verwenden von Web Scraping.<\/li>\n\n\n\n<li>F\u00e4lschen von E-Mail-Headern (\u201eSpoofing\u201c).<\/li>\n\n\n\n<li>Verbergen Sie die Identit\u00e4t von drquantum.io in Werbeaktionen.<\/li>\n<\/ul>\n\n<p><strong>Konsequenzen:<\/strong> Sofortige K\u00fcndigung des Affiliates + Einbehaltung der Provisionen.<\/p>\n\n<h4 class=\"wp-block-heading\"><strong>4. Spam melden<\/strong><\/h4>\n\n<p>Wenn Sie eine verd\u00e4chtige E-Mail erhalten, die angeblich von drquantum.io stammt:<\/p>\n\n<ul class=\"wp-block-list\">\n<li><strong>Leiten Sie es weiter an<\/strong>: [abuse @ drquantum .io].<\/li>\n\n\n\n<li><strong>Reporta a la FTC<\/strong>: [<a href=\"http:\/\/www.ftc.gov\/spam\" target=\"_blank\" rel=\"noreferrer noopener\">www.ftc.gov\/spam<\/a>].<\/li>\n<\/ul>\n","protected":false},"excerpt":{"rendered":"<p>Einhaltung des CAN-SPAM Act (USA)Letzte Aktualisierung: [Datum] 1. Anti-Spam-Verpflichtung Quantum System LLC (drquantum.io) h\u00e4lt sich an den CAN-SPAM Act (15 U.S.C. 7701) und verbietet das Versenden unerw\u00fcnschter E-Mails (\u201eSpam\u201c) \u00fcber: 2. CAN-SPAM-Anforderungen Alle unsere E-Mails enthalten:\u2713 Klare Identifizierung: 3. Verbote f\u00fcr Affiliates Wenn Sie an unserem Empfehlungsprogramm teilnehmen, d\u00fcrfen Sie NICHT: Konsequenzen: Sofortige K\u00fcndigung des [&hellip;]<\/p>\n","protected":false},"author":1,"featured_media":0,"parent":0,"menu_order":0,"comment_status":"closed","ping_status":"closed","template":"","meta":{"footnotes":""},"class_list":["post-4306","page","type-page","status-publish","hentry"],"_links":{"self":[{"href":"https:\/\/drquantum.io\/de\/wp-json\/wp\/v2\/pages\/4306","targetHints":{"allow":["GET"]}}],"collection":[{"href":"https:\/\/drquantum.io\/de\/wp-json\/wp\/v2\/pages"}],"about":[{"href":"https:\/\/drquantum.io\/de\/wp-json\/wp\/v2\/types\/page"}],"author":[{"embeddable":true,"href":"https:\/\/drquantum.io\/de\/wp-json\/wp\/v2\/users\/1"}],"replies":[{"embeddable":true,"href":"https:\/\/drquantum.io\/de\/wp-json\/wp\/v2\/comments?post=4306"}],"version-history":[{"count":1,"href":"https:\/\/drquantum.io\/de\/wp-json\/wp\/v2\/pages\/4306\/revisions"}],"predecessor-version":[{"id":4307,"href":"https:\/\/drquantum.io\/de\/wp-json\/wp\/v2\/pages\/4306\/revisions\/4307"}],"wp:attachment":[{"href":"https:\/\/drquantum.io\/de\/wp-json\/wp\/v2\/media?parent=4306"}],"curies":[{"name":"wp","href":"https:\/\/api.w.org\/{rel}","templated":true}]}}