{"id":3053,"date":"2025-05-25T12:58:12","date_gmt":"2025-05-25T10:58:12","guid":{"rendered":"https:\/\/drquantum.io\/dr-hemo\/"},"modified":"2025-09-17T14:41:23","modified_gmt":"2025-09-17T12:41:23","slug":"dr-hemo","status":"publish","type":"page","link":"https:\/\/drquantum.io\/de\/dr-hemo\/","title":{"rendered":"Dr. Hemo | basierend auf Ihrem \u00e4ltesten genetischen Code"},"content":{"rendered":"\t\t<div data-elementor-type=\"wp-page\" data-elementor-id=\"3053\" class=\"elementor elementor-3053 elementor-2516\" data-elementor-post-type=\"page\">\n\t\t\t\t<div class=\"elementor-element elementor-element-74b5d4c3 e-flex e-con-boxed e-con e-parent\" data-id=\"74b5d4c3\" data-element_type=\"container\">\n\t\t\t\t\t<div class=\"e-con-inner\">\n\t\t<div class=\"elementor-element elementor-element-3694cb3b e-con-full e-flex e-con e-child\" data-id=\"3694cb3b\" data-element_type=\"container\">\n\t\t\t\t<div class=\"elementor-element elementor-element-56c01346 elementor-widget elementor-widget-image\" data-id=\"56c01346\" data-element_type=\"widget\" data-widget_type=\"image.default\">\n\t\t\t\t<div class=\"elementor-widget-container\">\n\t\t\t\t\t\t\t\t\t\t\t\t\t\t\t<img fetchpriority=\"high\" decoding=\"async\" width=\"300\" height=\"300\" src=\"https:\/\/drquantum.io\/wp-content\/uploads\/2025\/09\/Dr.-Hemo-300x300.webp\" class=\"attachment-medium size-medium wp-image-4056\" alt=\"Dr. Hemo\" srcset=\"https:\/\/drquantum.io\/wp-content\/uploads\/2025\/09\/Dr.-Hemo-300x300.webp 300w, https:\/\/drquantum.io\/wp-content\/uploads\/2025\/09\/Dr.-Hemo-150x150.webp 150w, https:\/\/drquantum.io\/wp-content\/uploads\/2025\/09\/Dr.-Hemo.webp 694w\" sizes=\"(max-width: 300px) 100vw, 300px\" \/>\t\t\t\t\t\t\t\t\t\t\t\t\t\t\t<\/div>\n\t\t\t\t<\/div>\n\t\t\t\t<div class=\"elementor-element elementor-element-43c29b2a elementor-widget elementor-widget-text-editor\" data-id=\"43c29b2a\" data-element_type=\"widget\" data-widget_type=\"text-editor.default\">\n\t\t\t\t<div class=\"elementor-widget-container\">\n\t\t\t\t\t\t\t\t\t<h1>Dr. Hemo<\/h1><p><strong>\u201eWillkommen in meinem Raum der Quantenheilung.<\/strong><br>Dr. Hemo ist ein <strong>Assistent mit k\u00fcnstlicher Intelligenz, der sich auf Nutrigenomik und personalisierte Medizin<\/strong> spezialisiert hat, um die wissenschaftlichen Prinzipien des Bestsellers <em>\u201eDie Blutgruppen und die Ern\u00e4hrung\u201c<\/em> anzuwenden.<br>Seine Aufgabe ist es, jahrzehntelange Forschung in praktische Empfehlungen umzusetzen, die auf die spezifischen Bed\u00fcrfnisse jeder Blutgruppe (A, B, AB, O) zugeschnitten sind.<\/p>\t\t\t\t\t\t\t\t<\/div>\n\t\t\t\t<\/div>\n\t\t\t\t<div class=\"elementor-element elementor-element-722e4ded elementor-headline--style-highlight elementor-widget elementor-widget-animated-headline\" data-id=\"722e4ded\" data-element_type=\"widget\" data-settings=\"{&quot;marker&quot;:&quot;underline&quot;,&quot;highlighted_text&quot;:&quot; heute.\\u201c&quot;,&quot;headline_style&quot;:&quot;highlight&quot;,&quot;loop&quot;:&quot;yes&quot;,&quot;highlight_animation_duration&quot;:1200,&quot;highlight_iteration_delay&quot;:8000}\" data-widget_type=\"animated-headline.default\">\n\t\t\t\t<div class=\"elementor-widget-container\">\n\t\t\t\t\t\t\t<h3 class=\"elementor-headline\">\n\t\t\t\t\t<span class=\"elementor-headline-plain-text elementor-headline-text-wrapper\">Bereit f\u00fcr eine tiefe, individuelle Heilung? Vereinbaren Sie einen Beratungstermin. <\/span>\n\t\t\t\t<span class=\"elementor-headline-dynamic-wrapper elementor-headline-text-wrapper\">\n\t\t\t\t\t<span class=\"elementor-headline-dynamic-text elementor-headline-text-active\"> heute.\u201c<\/span>\n\t\t\t\t<\/span>\n\t\t\t\t<\/h3>\n\t\t\t\t\t\t<\/div>\n\t\t\t\t<\/div>\n\t\t\t\t<\/div>\n\t\t<div class=\"elementor-element elementor-element-856ad19 e-con-full e-flex e-con e-child\" data-id=\"856ad19\" data-element_type=\"container\">\n\t\t\t\t<div class=\"elementor-element elementor-element-666ff5fb elementor-widget elementor-widget-text-editor\" data-id=\"666ff5fb\" data-element_type=\"widget\" data-widget_type=\"text-editor.default\">\n\t\t\t\t<div class=\"elementor-widget-container\">\n\t\t\t\t\t\t\t\t\t<h2><strong>\ud83d\udcda Wissenschaftliche Grundlagen<\/strong><\/h2><p class=\"ds-markdown-paragraph\">Dr. Hemo geht von der Pr\u00e4misse aus, dass Blutgruppen <strong>genetische Fingerabdr\u00fccke<\/strong> sind, die bestimmen:<\/p><ul><li><p class=\"ds-markdown-paragraph\"><strong>Empfindlichkeit gegen\u00fcber Lektinen<\/strong> (Proteine in Lebensmitteln, die Entz\u00fcndungen verursachen k\u00f6nnen).<\/p><\/li><li><p class=\"ds-markdown-paragraph\"><strong>Verdauungseffizienz<\/strong> (z. B. verstoffwechseln O-Typen rotes Fleisch besser; A-Typen Gem\u00fcse).<\/p><\/li><li><p class=\"ds-markdown-paragraph\"><strong>Stressreaktion <\/strong>(AB-Typen sind widerstandsf\u00e4higer gegen\u00fcber Ver\u00e4nderungen, aber anf\u00e4llig f\u00fcr Immunschw\u00e4chen).<\/p><\/li><\/ul>\t\t\t\t\t\t\t\t<\/div>\n\t\t\t\t<\/div>\n\t\t\t\t<\/div>\n\t\t\t\t\t<\/div>\n\t\t\t\t<\/div>\n\t\t<div class=\"elementor-element elementor-element-515f91e e-flex e-con-boxed e-con e-parent\" data-id=\"515f91e\" data-element_type=\"container\">\n\t\t\t\t\t<div class=\"e-con-inner\">\n\t\t<div class=\"elementor-element elementor-element-0ba00bf e-con-full e-flex e-con e-child\" data-id=\"0ba00bf\" data-element_type=\"container\">\n\t\t\t\t<div class=\"elementor-element elementor-element-d8d86a8 elementor-widget elementor-widget-image\" data-id=\"d8d86a8\" data-element_type=\"widget\" data-widget_type=\"image.default\">\n\t\t\t\t<div class=\"elementor-widget-container\">\n\t\t\t\t\t\t\t\t\t\t\t\t\t\t\t<img decoding=\"async\" width=\"432\" height=\"466\" src=\"https:\/\/drquantum.io\/wp-content\/uploads\/2025\/05\/doctor-hemo-de-los-grupos-sanquineos.webp\" class=\"attachment-large size-large wp-image-2524\" alt=\"doctor hemo de los grupos sanquineo\" srcset=\"https:\/\/drquantum.io\/wp-content\/uploads\/2025\/05\/doctor-hemo-de-los-grupos-sanquineos.webp 432w, https:\/\/drquantum.io\/wp-content\/uploads\/2025\/05\/doctor-hemo-de-los-grupos-sanquineos-278x300.webp 278w\" sizes=\"(max-width: 432px) 100vw, 432px\" \/>\t\t\t\t\t\t\t\t\t\t\t\t\t\t\t<\/div>\n\t\t\t\t<\/div>\n\t\t\t\t<\/div>\n\t\t<div class=\"elementor-element elementor-element-d78a6d1 e-con-full e-flex e-con e-child\" data-id=\"d78a6d1\" data-element_type=\"container\">\n\t\t\t\t<div class=\"elementor-element elementor-element-b035896 elementor-widget elementor-widget-text-editor\" data-id=\"b035896\" data-element_type=\"widget\" data-widget_type=\"text-editor.default\">\n\t\t\t\t<div class=\"elementor-widget-container\">\n\t\t\t\t\t\t\t\t\t<h4><strong> Vorteile von Dr. Hemo als Verb\u00fcndeter<\/strong><\/h4><p class=\"ds-markdown-paragraph\"><strong>\u2705Pr\u00e4zise Ern\u00e4hrung<\/strong>: Mahlzeitenpl\u00e4ne, die Entz\u00fcndungen vorbeugen, Ihre Verdauung verbessern und Ihren Stoffwechsel entsprechend Ihrer Blutwerte beschleunigen.<br><strong>\u2705Effektive Gewichtsabnahme<\/strong>: Identifiziert die Lebensmittel, die Ihr K\u00f6rper effizient verbrennt, und diejenigen, die dazu f\u00fchren, dass Sie Fett einlagern.<br><strong>\u2705Proaktive Pr\u00e4vention<\/strong>: Weist Sie auf Gesundheitsrisiken hin, die mit Ihrer Gruppe zusammenh\u00e4ngen (z. B. Typ A + Stress = erh\u00f6hter Cortisolspiegel).<br><strong>\u2705 Pers\u00f6nlichkeit und Gewohnheiten<\/strong>: Entdecken Sie, wie Ihr Blut Ihre Energie, Ihren Schlaf und Ihre Reaktion auf Bewegung beeinflusst.<br><strong>\u2705Wissenschaft + Technologie<\/strong>: Aktualisiert mit den neuesten Studien in den Bereichen Immunologie und Ern\u00e4hrung, integriert mit Wearables zur Echtzeit\u00fcberwachung.<\/p>\t\t\t\t\t\t\t\t<\/div>\n\t\t\t\t<\/div>\n\t\t\t\t<\/div>\n\t\t\t\t\t<\/div>\n\t\t\t\t<\/div>\n\t\t<div class=\"elementor-element elementor-element-4477a70e e-flex e-con-boxed e-con e-parent\" data-id=\"4477a70e\" data-element_type=\"container\">\n\t\t\t\t\t<div class=\"e-con-inner\">\n\t\t<div class=\"elementor-element elementor-element-29f545e e-con-full e-flex e-con e-child\" data-id=\"29f545e\" data-element_type=\"container\">\n\t\t\t\t<div class=\"elementor-element elementor-element-3584f62a elementor-view-default elementor-position-top elementor-mobile-position-top elementor-widget elementor-widget-icon-box\" data-id=\"3584f62a\" data-element_type=\"widget\" data-widget_type=\"icon-box.default\">\n\t\t\t\t<div class=\"elementor-widget-container\">\n\t\t\t\t\t\t\t<div class=\"elementor-icon-box-wrapper\">\n\n\t\t\t\t\t\t<div class=\"elementor-icon-box-icon\">\n\t\t\t\t<span  class=\"elementor-icon\">\n\t\t\t\t<svg aria-hidden=\"true\" class=\"e-font-icon-svg e-fas-clipboard-list\" viewBox=\"0 0 384 512\" xmlns=\"http:\/\/www.w3.org\/2000\/svg\"><path d=\"M336 64h-80c0-35.3-28.7-64-64-64s-64 28.7-64 64H48C21.5 64 0 85.5 0 112v352c0 26.5 21.5 48 48 48h288c26.5 0 48-21.5 48-48V112c0-26.5-21.5-48-48-48zM96 424c-13.3 0-24-10.7-24-24s10.7-24 24-24 24 10.7 24 24-10.7 24-24 24zm0-96c-13.3 0-24-10.7-24-24s10.7-24 24-24 24 10.7 24 24-10.7 24-24 24zm0-96c-13.3 0-24-10.7-24-24s10.7-24 24-24 24 10.7 24 24-10.7 24-24 24zm96-192c13.3 0 24 10.7 24 24s-10.7 24-24 24-24-10.7-24-24 10.7-24 24-24zm128 368c0 4.4-3.6 8-8 8H168c-4.4 0-8-3.6-8-8v-16c0-4.4 3.6-8 8-8h144c4.4 0 8 3.6 8 8v16zm0-96c0 4.4-3.6 8-8 8H168c-4.4 0-8-3.6-8-8v-16c0-4.4 3.6-8 8-8h144c4.4 0 8 3.6 8 8v16zm0-96c0 4.4-3.6 8-8 8H168c-4.4 0-8-3.6-8-8v-16c0-4.4 3.6-8 8-8h144c4.4 0 8 3.6 8 8v16z\"><\/path><\/svg>\t\t\t\t<\/span>\n\t\t\t<\/div>\n\t\t\t\n\t\t\t\t\t\t<div class=\"elementor-icon-box-content\">\n\n\t\t\t\t\t\t\t\t\t<h3 class=\"elementor-icon-box-title\">\n\t\t\t\t\t\t<span  >\n\t\t\t\t\t\t\tMa\u00dfgeschneiderte Protokolle:\t\t\t\t\t\t<\/span>\n\t\t\t\t\t<\/h3>\n\t\t\t\t\n\t\t\t\t\t\t\t\t\t<p class=\"elementor-icon-box-description\">\n\t\t\t\t\t\tSpeziell f\u00fcr Ihr pathologisches, genetisches und energetisches Profil entwickelt.\t\t\t\t\t<\/p>\n\t\t\t\t\n\t\t\t<\/div>\n\t\t\t\n\t\t<\/div>\n\t\t\t\t\t\t<\/div>\n\t\t\t\t<\/div>\n\t\t\t\t<\/div>\n\t\t<div class=\"elementor-element elementor-element-3bd27613 e-con-full e-flex e-con e-child\" data-id=\"3bd27613\" data-element_type=\"container\">\n\t\t\t\t<div class=\"elementor-element elementor-element-30365b4 elementor-view-default elementor-position-top elementor-mobile-position-top elementor-widget elementor-widget-icon-box\" data-id=\"30365b4\" data-element_type=\"widget\" data-widget_type=\"icon-box.default\">\n\t\t\t\t<div class=\"elementor-widget-container\">\n\t\t\t\t\t\t\t<div class=\"elementor-icon-box-wrapper\">\n\n\t\t\t\t\t\t<div class=\"elementor-icon-box-icon\">\n\t\t\t\t<span  class=\"elementor-icon\">\n\t\t\t\t<svg aria-hidden=\"true\" class=\"e-font-icon-svg e-fas-yin-yang\" viewBox=\"0 0 496 512\" xmlns=\"http:\/\/www.w3.org\/2000\/svg\"><path d=\"M248 8C111.03 8 0 119.03 0 256s111.03 248 248 248 248-111.03 248-248S384.97 8 248 8zm0 376c-17.67 0-32-14.33-32-32s14.33-32 32-32 32 14.33 32 32-14.33 32-32 32zm0-128c-53.02 0-96 42.98-96 96s42.98 96 96 96c-106.04 0-192-85.96-192-192S141.96 64 248 64c53.02 0 96 42.98 96 96s-42.98 96-96 96zm0-128c-17.67 0-32 14.33-32 32s14.33 32 32 32 32-14.33 32-32-14.33-32-32-32z\"><\/path><\/svg>\t\t\t\t<\/span>\n\t\t\t<\/div>\n\t\t\t\n\t\t\t\t\t\t<div class=\"elementor-icon-box-content\">\n\n\t\t\t\t\t\t\t\t\t<h3 class=\"elementor-icon-box-title\">\n\t\t\t\t\t\t<span  >\n\t\t\t\t\t\t\tQuantenmedizin:\t\t\t\t\t\t<\/span>\n\t\t\t\t\t<\/h3>\n\t\t\t\t\n\t\t\t\t\t\t\t\t\t<p class=\"elementor-icon-box-description\">\n\t\t\t\t\t\tAnalysen und Therapien auf der Grundlage der Quantenphysik zur Wiederherstellung Ihres zellul\u00e4ren Gleichgewichts.\t\t\t\t\t<\/p>\n\t\t\t\t\n\t\t\t<\/div>\n\t\t\t\n\t\t<\/div>\n\t\t\t\t\t\t<\/div>\n\t\t\t\t<\/div>\n\t\t\t\t<\/div>\n\t\t<div class=\"elementor-element elementor-element-38a4ea3a e-con-full e-flex e-con e-child\" data-id=\"38a4ea3a\" data-element_type=\"container\">\n\t\t\t\t<div class=\"elementor-element elementor-element-67c764d0 elementor-view-default elementor-position-top elementor-mobile-position-top elementor-widget elementor-widget-icon-box\" data-id=\"67c764d0\" data-element_type=\"widget\" data-widget_type=\"icon-box.default\">\n\t\t\t\t<div class=\"elementor-widget-container\">\n\t\t\t\t\t\t\t<div class=\"elementor-icon-box-wrapper\">\n\n\t\t\t\t\t\t<div class=\"elementor-icon-box-icon\">\n\t\t\t\t<span  class=\"elementor-icon\">\n\t\t\t\t<svg aria-hidden=\"true\" class=\"e-font-icon-svg e-fab-galactic-republic\" viewBox=\"0 0 496 512\" xmlns=\"http:\/\/www.w3.org\/2000\/svg\"><path d=\"M248 504C111.25 504 0 392.75 0 256S111.25 8 248 8s248 111.25 248 248-111.25 248-248 248zm0-479.47C120.37 24.53 16.53 128.37 16.53 256S120.37 487.47 248 487.47 479.47 383.63 479.47 256 375.63 24.53 248 24.53zm27.62 21.81v24.62a185.933 185.933 0 0 1 83.57 34.54l17.39-17.36c-28.75-22.06-63.3-36.89-100.96-41.8zm-55.37.07c-37.64 4.94-72.16 19.8-100.88 41.85l17.28 17.36h.08c24.07-17.84 52.55-30.06 83.52-34.67V46.41zm12.25 50.17v82.87c-10.04 2.03-19.42 5.94-27.67 11.42l-58.62-58.59-21.93 21.93 58.67 58.67c-5.47 8.23-9.45 17.59-11.47 27.62h-82.9v31h82.9c2.02 10.02 6.01 19.31 11.47 27.54l-58.67 58.69 21.93 21.93 58.62-58.62a77.873 77.873 0 0 0 27.67 11.47v82.9h31v-82.9c10.05-2.03 19.37-6.06 27.62-11.55l58.67 58.69 21.93-21.93-58.67-58.69c5.46-8.23 9.47-17.52 11.5-27.54h82.87v-31h-82.87c-2.02-10.02-6.03-19.38-11.5-27.62l58.67-58.67-21.93-21.93-58.67 58.67c-8.25-5.49-17.57-9.47-27.62-11.5V96.58h-31zm183.24 30.72l-17.36 17.36a186.337 186.337 0 0 1 34.67 83.67h24.62c-4.95-37.69-19.83-72.29-41.93-101.03zm-335.55.13c-22.06 28.72-36.91 63.26-41.85 100.91h24.65c4.6-30.96 16.76-59.45 34.59-83.52l-17.39-17.39zM38.34 283.67c4.92 37.64 19.75 72.18 41.8 100.9l17.36-17.39c-17.81-24.07-29.92-52.57-34.51-83.52H38.34zm394.7 0c-4.61 30.99-16.8 59.5-34.67 83.6l17.36 17.36c22.08-28.74 36.98-63.29 41.93-100.96h-24.62zM136.66 406.38l-17.36 17.36c28.73 22.09 63.3 36.98 100.96 41.93v-24.64c-30.99-4.63-59.53-16.79-83.6-34.65zm222.53.05c-24.09 17.84-52.58 30.08-83.57 34.67v24.57c37.67-4.92 72.21-19.79 100.96-41.85l-17.31-17.39h-.08z\"><\/path><\/svg>\t\t\t\t<\/span>\n\t\t\t<\/div>\n\t\t\t\n\t\t\t\t\t\t<div class=\"elementor-icon-box-content\">\n\n\t\t\t\t\t\t\t\t\t<h3 class=\"elementor-icon-box-title\">\n\t\t\t\t\t\t<span  >\n\t\t\t\t\t\t\tAkupunktur und uralte Therapien:\t\t\t\t\t\t<\/span>\n\t\t\t\t\t<\/h3>\n\t\t\t\t\n\t\t\t\t\t\t\t\t\t<p class=\"elementor-icon-box-description\">\n\t\t\t\t\t\tStimulation der Energiepunkte, um Blockaden zu l\u00f6sen und den Lebensfluss zu verbessern.\t\t\t\t\t<\/p>\n\t\t\t\t\n\t\t\t<\/div>\n\t\t\t\n\t\t<\/div>\n\t\t\t\t\t\t<\/div>\n\t\t\t\t<\/div>\n\t\t\t\t<\/div>\n\t\t\t\t\t<\/div>\n\t\t\t\t<\/div>\n\t\t<div class=\"elementor-element elementor-element-ce46787 e-flex e-con-boxed e-con e-parent\" data-id=\"ce46787\" data-element_type=\"container\">\n\t\t\t\t\t<div class=\"e-con-inner\">\n\t\t\t\t<div class=\"elementor-element elementor-element-3d929266 elementor-widget elementor-widget-heading\" data-id=\"3d929266\" data-element_type=\"widget\" data-widget_type=\"heading.default\">\n\t\t\t\t<div class=\"elementor-widget-container\">\n\t\t\t\t\t<h2 class=\"elementor-heading-title elementor-size-default\">Methodik<\/h2>\t\t\t\t<\/div>\n\t\t\t\t<\/div>\n\t\t\t\t<div class=\"elementor-element elementor-element-203c3a19 elementor-widget elementor-widget-text-editor\" data-id=\"203c3a19\" data-element_type=\"widget\" data-widget_type=\"text-editor.default\">\n\t\t\t\t<div class=\"elementor-widget-container\">\n\t\t\t\t\t\t\t\t\t<p><strong>Die wichtigsten <\/strong>Vorteile Die Methode von Dr. Hemo ist nicht statisch: <strong>Sie kombiniert alte Wissenschaft mit moderner KI <\/strong>und schafft so einen Gesundheitsplan, der sich mit Ihnen weiterentwickelt.<br>Die Methode von Dr. Hemo ist nicht statisch: Sie kombiniert alte Wissenschaft mit moderner KI und schafft so einen Gesundheitsplan, der sich mit Ihnen weiterentwickelt.<\/p>\t\t\t\t\t\t\t\t<\/div>\n\t\t\t\t<\/div>\n\t\t\t\t<div class=\"elementor-element elementor-element-a734a9b elementor-icon-list--layout-traditional elementor-list-item-link-full_width elementor-widget elementor-widget-icon-list\" data-id=\"a734a9b\" data-element_type=\"widget\" data-widget_type=\"icon-list.default\">\n\t\t\t\t<div class=\"elementor-widget-container\">\n\t\t\t\t\t\t\t<ul class=\"elementor-icon-list-items\">\n\t\t\t\t\t\t\t<li class=\"elementor-icon-list-item\">\n\t\t\t\t\t\t\t\t\t\t\t<span class=\"elementor-icon-list-icon\">\n\t\t\t\t\t\t\t<svg aria-hidden=\"true\" class=\"e-font-icon-svg e-far-check-circle\" viewBox=\"0 0 512 512\" xmlns=\"http:\/\/www.w3.org\/2000\/svg\"><path d=\"M256 8C119.033 8 8 119.033 8 256s111.033 248 248 248 248-111.033 248-248S392.967 8 256 8zm0 48c110.532 0 200 89.451 200 200 0 110.532-89.451 200-200 200-110.532 0-200-89.451-200-200 0-110.532 89.451-200 200-200m140.204 130.267l-22.536-22.718c-4.667-4.705-12.265-4.736-16.97-.068L215.346 303.697l-59.792-60.277c-4.667-4.705-12.265-4.736-16.97-.069l-22.719 22.536c-4.705 4.667-4.736 12.265-.068 16.971l90.781 91.516c4.667 4.705 12.265 4.736 16.97.068l172.589-171.204c4.704-4.668 4.734-12.266.067-16.971z\"><\/path><\/svg>\t\t\t\t\t\t<\/span>\n\t\t\t\t\t\t\t\t\t\t<span class=\"elementor-icon-list-text\">Adaptive Nutrigenomik Wissenschaftlich fundiert: Analysieren Sie, wie Lebensmittel auf genetischer Ebene mit Ihrer Blutgruppe (A, B, AB, O) interagieren.<\/span>\n\t\t\t\t\t\t\t\t\t<\/li>\n\t\t\t\t\t\t\t\t<li class=\"elementor-icon-list-item\">\n\t\t\t\t\t\t\t\t\t\t\t<span class=\"elementor-icon-list-icon\">\n\t\t\t\t\t\t\t<svg aria-hidden=\"true\" class=\"e-font-icon-svg e-far-check-circle\" viewBox=\"0 0 512 512\" xmlns=\"http:\/\/www.w3.org\/2000\/svg\"><path d=\"M256 8C119.033 8 8 119.033 8 256s111.033 248 248 248 248-111.033 248-248S392.967 8 256 8zm0 48c110.532 0 200 89.451 200 200 0 110.532-89.451 200-200 200-110.532 0-200-89.451-200-200 0-110.532 89.451-200 200-200m140.204 130.267l-22.536-22.718c-4.667-4.705-12.265-4.736-16.97-.068L215.346 303.697l-59.792-60.277c-4.667-4.705-12.265-4.736-16.97-.069l-22.719 22.536c-4.705 4.667-4.736 12.265-.068 16.971l90.781 91.516c4.667 4.705 12.265 4.736 16.97.068l172.589-171.204c4.704-4.668 4.734-12.266.067-16.971z\"><\/path><\/svg>\t\t\t\t\t\t<\/span>\n\t\t\t\t\t\t\t\t\t\t<span class=\"elementor-icon-list-text\">\ud83e\udde0 Blutpsychologie: Pers\u00f6nlichkeit und Stress: Verkn\u00fcpfung von Verhaltensmerkmalen, die mit jeder Blutgruppe verbunden sind, mit gesunden Gewohnheiten.<\/span>\n\t\t\t\t\t\t\t\t\t<\/li>\n\t\t\t\t\t\t\t\t<li class=\"elementor-icon-list-item\">\n\t\t\t\t\t\t\t\t\t\t\t<span class=\"elementor-icon-list-icon\">\n\t\t\t\t\t\t\t<svg aria-hidden=\"true\" class=\"e-font-icon-svg e-far-check-circle\" viewBox=\"0 0 512 512\" xmlns=\"http:\/\/www.w3.org\/2000\/svg\"><path d=\"M256 8C119.033 8 8 119.033 8 256s111.033 248 248 248 248-111.033 248-248S392.967 8 256 8zm0 48c110.532 0 200 89.451 200 200 0 110.532-89.451 200-200 200-110.532 0-200-89.451-200-200 0-110.532 89.451-200 200-200m140.204 130.267l-22.536-22.718c-4.667-4.705-12.265-4.736-16.97-.068L215.346 303.697l-59.792-60.277c-4.667-4.705-12.265-4.736-16.97-.069l-22.719 22.536c-4.705 4.667-4.736 12.265-.068 16.971l90.781 91.516c4.667 4.705 12.265 4.736 16.97.068l172.589-171.204c4.704-4.668 4.734-12.266.067-16.971z\"><\/path><\/svg>\t\t\t\t\t\t<\/span>\n\t\t\t\t\t\t\t\t\t\t<span class=\"elementor-icon-list-text\">\ud83d\udcca Biomarker + Wearables Echtzeit\u00fcberwachung: Integriert Daten von Smartwatches (Herzfrequenz, Schlaf, Aktivit\u00e4t), um Empfehlungen anzupassen.<\/span>\n\t\t\t\t\t\t\t\t\t<\/li>\n\t\t\t\t\t\t\t\t<li class=\"elementor-icon-list-item\">\n\t\t\t\t\t\t\t\t\t\t\t<span class=\"elementor-icon-list-icon\">\n\t\t\t\t\t\t\t<svg aria-hidden=\"true\" class=\"e-font-icon-svg e-far-check-circle\" viewBox=\"0 0 512 512\" xmlns=\"http:\/\/www.w3.org\/2000\/svg\"><path d=\"M256 8C119.033 8 8 119.033 8 256s111.033 248 248 248 248-111.033 248-248S392.967 8 256 8zm0 48c110.532 0 200 89.451 200 200 0 110.532-89.451 200-200 200-110.532 0-200-89.451-200-200 0-110.532 89.451-200 200-200m140.204 130.267l-22.536-22.718c-4.667-4.705-12.265-4.736-16.97-.068L215.346 303.697l-59.792-60.277c-4.667-4.705-12.265-4.736-16.97-.069l-22.719 22.536c-4.705 4.667-4.736 12.265-.068 16.971l90.781 91.516c4.667 4.705 12.265 4.736 16.97.068l172.589-171.204c4.704-4.668 4.734-12.266.067-16.971z\"><\/path><\/svg>\t\t\t\t\t\t<\/span>\n\t\t\t\t\t\t\t\t\t\t<span class=\"elementor-icon-list-text\">\ud83d\udd04 Kontinuierliches Feedback: Die Nutzer bewerten die Empfehlungen, und das System passt die Algorithmen an.<\/span>\n\t\t\t\t\t\t\t\t\t<\/li>\n\t\t\t\t\t\t<\/ul>\n\t\t\t\t\t\t<\/div>\n\t\t\t\t<\/div>\n\t\t\t\t<div class=\"elementor-element elementor-element-75b5918d elementor-align-center animated-slow elementor-invisible elementor-widget elementor-widget-button\" data-id=\"75b5918d\" data-element_type=\"widget\" data-settings=\"{&quot;_animation&quot;:&quot;fadeIn&quot;,&quot;_animation_delay&quot;:600}\" data-widget_type=\"button.default\">\n\t\t\t\t<div class=\"elementor-widget-container\">\n\t\t\t\t\t\t\t\t\t<div class=\"elementor-button-wrapper\">\n\t\t\t\t\t<a class=\"elementor-button elementor-button-link elementor-size-sm\" href=\"https:\/\/drquantum.io\/de\/\">\n\t\t\t\t\t\t<span class=\"elementor-button-content-wrapper\">\n\t\t\t\t\t\t\t\t\t<span class=\"elementor-button-text\">Hauptseite<\/span>\n\t\t\t\t\t<\/span>\n\t\t\t\t\t<\/a>\n\t\t\t\t<\/div>\n\t\t\t\t\t\t\t\t<\/div>\n\t\t\t\t<\/div>\n\t\t\t\t\t<\/div>\n\t\t\t\t<\/div>\n\t\t\t\t<\/div>\n\t\t","protected":false},"excerpt":{"rendered":"<p>Dr. Hemo \u201eWillkommen in meinem Raum der Quantenheilung.Dr. Hemo ist ein Assistent mit k\u00fcnstlicher Intelligenz, der sich auf Nutrigenomik und personalisierte Medizin spezialisiert hat, um die wissenschaftlichen Prinzipien des Bestsellers \u201eDie Blutgruppen und die Ern\u00e4hrung\u201c anzuwenden.Seine Aufgabe ist es, jahrzehntelange Forschung in praktische Empfehlungen umzusetzen, die auf die spezifischen Bed\u00fcrfnisse jeder Blutgruppe (A, B, AB, [&hellip;]<\/p>\n","protected":false},"author":1,"featured_media":0,"parent":0,"menu_order":0,"comment_status":"closed","ping_status":"closed","template":"elementor_header_footer","meta":{"footnotes":""},"class_list":["post-3053","page","type-page","status-publish","hentry"],"_links":{"self":[{"href":"https:\/\/drquantum.io\/de\/wp-json\/wp\/v2\/pages\/3053","targetHints":{"allow":["GET"]}}],"collection":[{"href":"https:\/\/drquantum.io\/de\/wp-json\/wp\/v2\/pages"}],"about":[{"href":"https:\/\/drquantum.io\/de\/wp-json\/wp\/v2\/types\/page"}],"author":[{"embeddable":true,"href":"https:\/\/drquantum.io\/de\/wp-json\/wp\/v2\/users\/1"}],"replies":[{"embeddable":true,"href":"https:\/\/drquantum.io\/de\/wp-json\/wp\/v2\/comments?post=3053"}],"version-history":[{"count":3,"href":"https:\/\/drquantum.io\/de\/wp-json\/wp\/v2\/pages\/3053\/revisions"}],"predecessor-version":[{"id":4195,"href":"https:\/\/drquantum.io\/de\/wp-json\/wp\/v2\/pages\/3053\/revisions\/4195"}],"wp:attachment":[{"href":"https:\/\/drquantum.io\/de\/wp-json\/wp\/v2\/media?parent=3053"}],"curies":[{"name":"wp","href":"https:\/\/api.w.org\/{rel}","templated":true}]}}