{"id":1883,"date":"2025-04-03T10:30:35","date_gmt":"2025-04-03T08:30:35","guid":{"rendered":"https:\/\/drquantum.io\/mr-dreams-traumanalytiker-fuehrer-in-der-welt-der-traeume\/"},"modified":"2025-09-17T14:41:34","modified_gmt":"2025-09-17T12:41:34","slug":"mr-dreams-sweat-analyst","status":"publish","type":"page","link":"https:\/\/drquantum.io\/de\/mr-dreams-sweat-analyst\/","title":{"rendered":"Mr. Dreams Traumanalytiker-F\u00fchrer in der Welt der Tr\u00e4ume"},"content":{"rendered":"\t\t<div data-elementor-type=\"wp-page\" data-elementor-id=\"1883\" class=\"elementor elementor-1883 elementor-1701\" data-elementor-post-type=\"page\">\n\t\t\t\t<div class=\"elementor-element elementor-element-2e182e7 e-flex e-con-boxed e-con e-parent\" data-id=\"2e182e7\" data-element_type=\"container\">\n\t\t\t\t\t<div class=\"e-con-inner\">\n\t\t<div class=\"elementor-element elementor-element-aed3ade e-con-full e-flex e-con e-child\" data-id=\"aed3ade\" data-element_type=\"container\">\n\t\t\t\t<div class=\"elementor-element elementor-element-3bc0c0c elementor-widget elementor-widget-image\" data-id=\"3bc0c0c\" data-element_type=\"widget\" data-widget_type=\"image.default\">\n\t\t\t\t<div class=\"elementor-widget-container\">\n\t\t\t\t\t\t\t\t\t\t\t\t\t\t\t<img fetchpriority=\"high\" decoding=\"async\" width=\"300\" height=\"300\" src=\"https:\/\/drquantum.io\/wp-content\/uploads\/2025\/09\/mr.-dreams-300x300.webp\" class=\"attachment-medium size-medium wp-image-4047\" alt=\"mr. dreams\" srcset=\"https:\/\/drquantum.io\/wp-content\/uploads\/2025\/09\/mr.-dreams-300x300.webp 300w, https:\/\/drquantum.io\/wp-content\/uploads\/2025\/09\/mr.-dreams-150x150.webp 150w, https:\/\/drquantum.io\/wp-content\/uploads\/2025\/09\/mr.-dreams.webp 694w\" sizes=\"(max-width: 300px) 100vw, 300px\" \/>\t\t\t\t\t\t\t\t\t\t\t\t\t\t\t<\/div>\n\t\t\t\t<\/div>\n\t\t\t\t<div class=\"elementor-element elementor-element-89054a3 elementor-widget elementor-widget-text-editor\" data-id=\"89054a3\" data-element_type=\"widget\" data-widget_type=\"text-editor.default\">\n\t\t\t\t<div class=\"elementor-widget-container\">\n\t\t\t\t\t\t\t\t\t<h1>Mr. Dreams <\/h1><p><strong>&#8222;Willkommen in der au\u00dfergew\u00f6hnlichen Welt der Tr\u00e4ume. <\/strong><br><em>&#8222;Tr\u00e4ume sind viel mehr als zuf\u00e4llige Geschichten aus Ihrem Kopf. Sie sind verschl\u00fcsselte Botschaften aus Ihrem Unterbewusstsein, m\u00e4chtige Werkzeuge, um Ihre \u00c4ngste, W\u00fcnsche und sogar L\u00f6sungen f\u00fcr Probleme zu verstehen, die Ihr bewusster Verstand nicht sieht. Ich bin   <strong>Mr. Dreams <\/strong>Ich bin Ihr Traumanalytiker und helfe Ihnen, diese n\u00e4chtlichen R\u00e4tsel zu entschl\u00fcsseln. Gemeinsam werden wir verborgene Symbole, Emotionen und Muster erforschen, damit Sie klarere Entscheidungen treffen, emotionale Wunden heilen und sich mit einer weiseren Version Ihrer selbst verbinden k\u00f6nnen. <\/em><\/p>\t\t\t\t\t\t\t\t<\/div>\n\t\t\t\t<\/div>\n\t\t\t\t<div class=\"elementor-element elementor-element-b050e4f elementor-headline--style-highlight elementor-widget elementor-widget-animated-headline\" data-id=\"b050e4f\" data-element_type=\"widget\" data-settings=\"{&quot;marker&quot;:&quot;underline&quot;,&quot;highlighted_text&quot;:&quot; heute.\\u201c&quot;,&quot;headline_style&quot;:&quot;highlight&quot;,&quot;loop&quot;:&quot;yes&quot;,&quot;highlight_animation_duration&quot;:1200,&quot;highlight_iteration_delay&quot;:8000}\" data-widget_type=\"animated-headline.default\">\n\t\t\t\t<div class=\"elementor-widget-container\">\n\t\t\t\t\t\t\t<h3 class=\"elementor-headline\">\n\t\t\t\t\t<span class=\"elementor-headline-plain-text elementor-headline-text-wrapper\">\"Sind Sie bereit, herauszufinden, was Ihre Tr\u00e4ume Ihnen sagen? <p>Analysieren Sie jetzt Ihren Traum!\"<\/span>\n\t\t\t\t<span class=\"elementor-headline-dynamic-wrapper elementor-headline-text-wrapper\">\n\t\t\t\t\t<span class=\"elementor-headline-dynamic-text elementor-headline-text-active\"> heute.\u201c<\/span>\n\t\t\t\t<\/span>\n\t\t\t\t<\/h3>\n\t\t\t\t\t\t<\/div>\n\t\t\t\t<\/div>\n\t\t\t\t<\/div>\n\t\t<div class=\"elementor-element elementor-element-808a481 e-con-full e-flex e-con e-child\" data-id=\"808a481\" data-element_type=\"container\">\n\t\t\t\t<div class=\"elementor-element elementor-element-66097f3 elementor-widget elementor-widget-text-editor\" data-id=\"66097f3\" data-element_type=\"widget\" data-widget_type=\"text-editor.default\">\n\t\t\t\t<div class=\"elementor-widget-container\">\n\t\t\t\t\t\t\t\t\t<p><em>&#8222;Ich bin Traumanalytikerin mit jahrelanger Erfahrung in Traumpsychologie, archetypischer Symbolik (Jungian) und Traumneurowissenschaft. <strong>\u201eMr. Dreams: Ihr F\u00fchrer zur Welt der Tr\u00e4ume\u201c<\/strong>.\u201eMeine Aufgabe ist es, Ihnen dabei zu helfen, die verborgenen Botschaften zu entschl\u00fcsseln, die Ihr Geist Ihnen im Schlaf sendet, damit Sie klarere Entscheidungen treffen, innere Konflikte l\u00f6sen und sich mit Ihrer inneren Weisheit verbinden k\u00f6nnen.\u201c<\/em><\/p>\t\t\t\t\t\t\t\t<\/div>\n\t\t\t\t<\/div>\n\t\t\t\t<\/div>\n\t\t\t\t\t<\/div>\n\t\t\t\t<\/div>\n\t\t<div class=\"elementor-element elementor-element-41585c4 e-flex e-con-boxed e-con e-parent\" data-id=\"41585c4\" data-element_type=\"container\">\n\t\t\t\t\t<div class=\"e-con-inner\">\n\t\t<div class=\"elementor-element elementor-element-848ea48 e-con-full e-flex e-con e-child\" data-id=\"848ea48\" data-element_type=\"container\">\n\t\t\t\t<div class=\"elementor-element elementor-element-af10a8f elementor-view-default elementor-position-top elementor-mobile-position-top elementor-widget elementor-widget-icon-box\" data-id=\"af10a8f\" data-element_type=\"widget\" data-widget_type=\"icon-box.default\">\n\t\t\t\t<div class=\"elementor-widget-container\">\n\t\t\t\t\t\t\t<div class=\"elementor-icon-box-wrapper\">\n\n\t\t\t\t\t\t<div class=\"elementor-icon-box-icon\">\n\t\t\t\t<span  class=\"elementor-icon\">\n\t\t\t\t<svg aria-hidden=\"true\" class=\"e-font-icon-svg e-fas-child\" viewBox=\"0 0 384 512\" xmlns=\"http:\/\/www.w3.org\/2000\/svg\"><path d=\"M120 72c0-39.765 32.235-72 72-72s72 32.235 72 72c0 39.764-32.235 72-72 72s-72-32.236-72-72zm254.627 1.373c-12.496-12.497-32.758-12.497-45.254 0L242.745 160H141.254L54.627 73.373c-12.496-12.497-32.758-12.497-45.254 0-12.497 12.497-12.497 32.758 0 45.255L104 213.254V480c0 17.673 14.327 32 32 32h16c17.673 0 32-14.327 32-32V368h16v112c0 17.673 14.327 32 32 32h16c17.673 0 32-14.327 32-32V213.254l94.627-94.627c12.497-12.497 12.497-32.757 0-45.254z\"><\/path><\/svg>\t\t\t\t<\/span>\n\t\t\t<\/div>\n\t\t\t\n\t\t\t\t\t\t<div class=\"elementor-icon-box-content\">\n\n\t\t\t\t\t\t\t\t\t<h3 class=\"elementor-icon-box-title\">\n\t\t\t\t\t\t<span  >\n\t\t\t\t\t\t\tTiefe Selbsterkenntnis:\t\t\t\t\t\t<\/span>\n\t\t\t\t\t<\/h3>\n\t\t\t\t\n\t\t\t\t\t\t\t\t\t<p class=\"elementor-icon-box-description\">\n\t\t\t\t\t\t Versteht Verhaltensmuster und unterdr\u00fcckte Emotionen.\t\t\t\t\t<\/p>\n\t\t\t\t\n\t\t\t<\/div>\n\t\t\t\n\t\t<\/div>\n\t\t\t\t\t\t<\/div>\n\t\t\t\t<\/div>\n\t\t\t\t<\/div>\n\t\t<div class=\"elementor-element elementor-element-53400ca e-con-full e-flex e-con e-child\" data-id=\"53400ca\" data-element_type=\"container\">\n\t\t\t\t<div class=\"elementor-element elementor-element-4fed7b9 elementor-view-default elementor-position-top elementor-mobile-position-top elementor-widget elementor-widget-icon-box\" data-id=\"4fed7b9\" data-element_type=\"widget\" data-widget_type=\"icon-box.default\">\n\t\t\t\t<div class=\"elementor-widget-container\">\n\t\t\t\t\t\t\t<div class=\"elementor-icon-box-wrapper\">\n\n\t\t\t\t\t\t<div class=\"elementor-icon-box-icon\">\n\t\t\t\t<span  class=\"elementor-icon\">\n\t\t\t\t<svg aria-hidden=\"true\" class=\"e-font-icon-svg e-fas-crown\" viewBox=\"0 0 640 512\" xmlns=\"http:\/\/www.w3.org\/2000\/svg\"><path d=\"M528 448H112c-8.8 0-16 7.2-16 16v32c0 8.8 7.2 16 16 16h416c8.8 0 16-7.2 16-16v-32c0-8.8-7.2-16-16-16zm64-320c-26.5 0-48 21.5-48 48 0 7.1 1.6 13.7 4.4 19.8L476 239.2c-15.4 9.2-35.3 4-44.2-11.6L350.3 85C361 76.2 368 63 368 48c0-26.5-21.5-48-48-48s-48 21.5-48 48c0 15 7 28.2 17.7 37l-81.5 142.6c-8.9 15.6-28.9 20.8-44.2 11.6l-72.3-43.4c2.7-6 4.4-12.7 4.4-19.8 0-26.5-21.5-48-48-48S0 149.5 0 176s21.5 48 48 48c2.6 0 5.2-.4 7.7-.8L128 416h384l72.3-192.8c2.5.4 5.1.8 7.7.8 26.5 0 48-21.5 48-48s-21.5-48-48-48z\"><\/path><\/svg>\t\t\t\t<\/span>\n\t\t\t<\/div>\n\t\t\t\n\t\t\t\t\t\t<div class=\"elementor-icon-box-content\">\n\n\t\t\t\t\t\t\t\t\t<h3 class=\"elementor-icon-box-title\">\n\t\t\t\t\t\t<span  >\n\t\t\t\t\t\t\tEntscheidungsfindung:\t\t\t\t\t\t<\/span>\n\t\t\t\t\t<\/h3>\n\t\t\t\t\n\t\t\t\t\t\t\t\t\t<p class=\"elementor-icon-box-description\">\n\t\t\t\t\t\tIhre Tr\u00e4ume k\u00f6nnen unbewusste \u00c4ngste oder W\u00fcnsche offenbaren, die Ihre Entscheidungen beeinflussen.\t\t\t\t\t<\/p>\n\t\t\t\t\n\t\t\t<\/div>\n\t\t\t\n\t\t<\/div>\n\t\t\t\t\t\t<\/div>\n\t\t\t\t<\/div>\n\t\t\t\t<\/div>\n\t\t<div class=\"elementor-element elementor-element-023b85a e-con-full e-flex e-con e-child\" data-id=\"023b85a\" data-element_type=\"container\">\n\t\t\t\t<div class=\"elementor-element elementor-element-b58338f elementor-view-default elementor-position-top elementor-mobile-position-top elementor-widget elementor-widget-icon-box\" data-id=\"b58338f\" data-element_type=\"widget\" data-widget_type=\"icon-box.default\">\n\t\t\t\t<div class=\"elementor-widget-container\">\n\t\t\t\t\t\t\t<div class=\"elementor-icon-box-wrapper\">\n\n\t\t\t\t\t\t<div class=\"elementor-icon-box-icon\">\n\t\t\t\t<span  class=\"elementor-icon\">\n\t\t\t\t<svg aria-hidden=\"true\" class=\"e-font-icon-svg e-fas-atom\" viewBox=\"0 0 448 512\" xmlns=\"http:\/\/www.w3.org\/2000\/svg\"><path d=\"M223.99908,224a32,32,0,1,0,32.00782,32A32.06431,32.06431,0,0,0,223.99908,224Zm214.172-96c-10.877-19.5-40.50979-50.75-116.27544-41.875C300.39168,34.875,267.63386,0,223.99908,0s-76.39066,34.875-97.89653,86.125C50.3369,77.375,20.706,108.5,9.82907,128-6.54984,157.375-5.17484,201.125,34.958,256-5.17484,310.875-6.54984,354.625,9.82907,384c29.13087,52.375,101.64652,43.625,116.27348,41.875C147.60842,477.125,180.36429,512,223.99908,512s76.3926-34.875,97.89652-86.125c14.62891,1.75,87.14456,10.5,116.27544-41.875C454.55,354.625,453.175,310.875,413.04017,256,453.175,201.125,454.55,157.375,438.171,128ZM63.33886,352c-4-7.25-.125-24.75,15.00391-48.25,6.87695,6.5,14.12891,12.875,21.88087,19.125,1.625,13.75,4,27.125,6.75,40.125C82.34472,363.875,67.09081,358.625,63.33886,352Zm36.88478-162.875c-7.752,6.25-15.00392,12.625-21.88087,19.125-15.12891-23.5-19.00392-41-15.00391-48.25,3.377-6.125,16.37891-11.5,37.88478-11.5,1.75,0,3.875.375,5.75.375C104.09864,162.25,101.84864,175.625,100.22364,189.125ZM223.99908,64c9.50195,0,22.25586,13.5,33.88282,37.25-11.252,3.75-22.50391,8-33.88282,12.875-11.377-4.875-22.62892-9.125-33.88283-12.875C201.74516,77.5,214.49712,64,223.99908,64Zm0,384c-9.502,0-22.25392-13.5-33.88283-37.25,11.25391-3.75,22.50587-8,33.88283-12.875C235.378,402.75,246.62994,407,257.8819,410.75,246.25494,434.5,233.501,448,223.99908,448Zm0-112a80,80,0,1,1,80-80A80.00023,80.00023,0,0,1,223.99908,336ZM384.6593,352c-3.625,6.625-19.00392,11.875-43.63479,11,2.752-13,5.127-26.375,6.752-40.125,7.75195-6.25,15.00391-12.625,21.87891-19.125C384.7843,327.25,388.6593,344.75,384.6593,352ZM369.65538,208.25c-6.875-6.5-14.127-12.875-21.87891-19.125-1.625-13.5-3.875-26.875-6.752-40.25,1.875,0,4.002-.375,5.752-.375,21.50391,0,34.50782,5.375,37.88283,11.5C388.6593,167.25,384.7843,184.75,369.65538,208.25Z\"><\/path><\/svg>\t\t\t\t<\/span>\n\t\t\t<\/div>\n\t\t\t\n\t\t\t\t\t\t<div class=\"elementor-icon-box-content\">\n\n\t\t\t\t\t\t\t\t\t<h3 class=\"elementor-icon-box-title\">\n\t\t\t\t\t\t<span  >\n\t\t\t\t\t\t\tEmotionale Heilung:\t\t\t\t\t\t<\/span>\n\t\t\t\t\t<\/h3>\n\t\t\t\t\n\t\t\t\t\t\t\t\t\t<p class=\"elementor-icon-box-description\">\n\t\t\t\t\t\tWiederkehrende Tr\u00e4ume weisen oft auf ungel\u00f6ste Konflikte hin.\t\t\t\t\t<\/p>\n\t\t\t\t\n\t\t\t<\/div>\n\t\t\t\n\t\t<\/div>\n\t\t\t\t\t\t<\/div>\n\t\t\t\t<\/div>\n\t\t\t\t<\/div>\n\t\t\t\t\t<\/div>\n\t\t\t\t<\/div>\n\t\t<div class=\"elementor-element elementor-element-cd6d047 e-flex e-con-boxed e-con e-parent\" data-id=\"cd6d047\" data-element_type=\"container\">\n\t\t\t\t\t<div class=\"e-con-inner\">\n\t\t\t\t<div class=\"elementor-element elementor-element-e7bd94d elementor-widget elementor-widget-heading\" data-id=\"e7bd94d\" data-element_type=\"widget\" data-widget_type=\"heading.default\">\n\t\t\t\t<div class=\"elementor-widget-container\">\n\t\t\t\t\t<h2 class=\"elementor-heading-title elementor-size-default\">Methodik<\/h2>\t\t\t\t<\/div>\n\t\t\t\t<\/div>\n\t\t\t\t<div class=\"elementor-element elementor-element-e9ce63f elementor-widget elementor-widget-text-editor\" data-id=\"e9ce63f\" data-element_type=\"widget\" data-widget_type=\"text-editor.default\">\n\t\t\t\t<div class=\"elementor-widget-container\">\n\t\t\t\t\t\t\t\t\t<p><em>&#8222;Ihre Tr\u00e4ume sind T\u00fcren zu Ihrem Unterbewusstsein. Lerne, sie zu deuten, um weisere Entscheidungen zu treffen, verborgene Gef\u00fchle zu heilen und deinen Weg zu verstehen.&#8220;<\/em><\/p>\t\t\t\t\t\t\t\t<\/div>\n\t\t\t\t<\/div>\n\t\t\t\t<div class=\"elementor-element elementor-element-8ff617b elementor-icon-list--layout-traditional elementor-list-item-link-full_width elementor-widget elementor-widget-icon-list\" data-id=\"8ff617b\" data-element_type=\"widget\" data-widget_type=\"icon-list.default\">\n\t\t\t\t<div class=\"elementor-widget-container\">\n\t\t\t\t\t\t\t<ul class=\"elementor-icon-list-items\">\n\t\t\t\t\t\t\t<li class=\"elementor-icon-list-item\">\n\t\t\t\t\t\t\t\t\t\t\t<span class=\"elementor-icon-list-icon\">\n\t\t\t\t\t\t\t<svg aria-hidden=\"true\" class=\"e-font-icon-svg e-far-check-circle\" viewBox=\"0 0 512 512\" xmlns=\"http:\/\/www.w3.org\/2000\/svg\"><path d=\"M256 8C119.033 8 8 119.033 8 256s111.033 248 248 248 248-111.033 248-248S392.967 8 256 8zm0 48c110.532 0 200 89.451 200 200 0 110.532-89.451 200-200 200-110.532 0-200-89.451-200-200 0-110.532 89.451-200 200-200m140.204 130.267l-22.536-22.718c-4.667-4.705-12.265-4.736-16.97-.068L215.346 303.697l-59.792-60.277c-4.667-4.705-12.265-4.736-16.97-.069l-22.719 22.536c-4.705 4.667-4.736 12.265-.068 16.971l90.781 91.516c4.667 4.705 12.265 4.736 16.97.068l172.589-171.204c4.704-4.668 4.734-12.266.067-16.971z\"><\/path><\/svg>\t\t\t\t\t\t<\/span>\n\t\t\t\t\t\t\t\t\t\t<span class=\"elementor-icon-list-text\">Symbolische Analyse: Gemeinsam entschl\u00fcsseln wir die Archetypen, Objekte und Figuren Ihrer Tr\u00e4ume.<\/span>\n\t\t\t\t\t\t\t\t\t<\/li>\n\t\t\t\t\t\t\t\t<li class=\"elementor-icon-list-item\">\n\t\t\t\t\t\t\t\t\t\t\t<span class=\"elementor-icon-list-icon\">\n\t\t\t\t\t\t\t<svg aria-hidden=\"true\" class=\"e-font-icon-svg e-far-check-circle\" viewBox=\"0 0 512 512\" xmlns=\"http:\/\/www.w3.org\/2000\/svg\"><path d=\"M256 8C119.033 8 8 119.033 8 256s111.033 248 248 248 248-111.033 248-248S392.967 8 256 8zm0 48c110.532 0 200 89.451 200 200 0 110.532-89.451 200-200 200-110.532 0-200-89.451-200-200 0-110.532 89.451-200 200-200m140.204 130.267l-22.536-22.718c-4.667-4.705-12.265-4.736-16.97-.068L215.346 303.697l-59.792-60.277c-4.667-4.705-12.265-4.736-16.97-.069l-22.719 22.536c-4.705 4.667-4.736 12.265-.068 16.971l90.781 91.516c4.667 4.705 12.265 4.736 16.97.068l172.589-171.204c4.704-4.668 4.734-12.266.067-16.971z\"><\/path><\/svg>\t\t\t\t\t\t<\/span>\n\t\t\t\t\t\t\t\t\t\t<span class=\"elementor-icon-list-text\">Emotionale Verbindung: Wir identifizieren die wichtigsten Emotionen, die in Ihren Tr\u00e4umen auftauchen, und deren Beziehung zu Ihrem realen Leben.<\/span>\n\t\t\t\t\t\t\t\t\t<\/li>\n\t\t\t\t\t\t\t\t<li class=\"elementor-icon-list-item\">\n\t\t\t\t\t\t\t\t\t\t\t<span class=\"elementor-icon-list-icon\">\n\t\t\t\t\t\t\t<svg aria-hidden=\"true\" class=\"e-font-icon-svg e-far-check-circle\" viewBox=\"0 0 512 512\" xmlns=\"http:\/\/www.w3.org\/2000\/svg\"><path d=\"M256 8C119.033 8 8 119.033 8 256s111.033 248 248 248 248-111.033 248-248S392.967 8 256 8zm0 48c110.532 0 200 89.451 200 200 0 110.532-89.451 200-200 200-110.532 0-200-89.451-200-200 0-110.532 89.451-200 200-200m140.204 130.267l-22.536-22.718c-4.667-4.705-12.265-4.736-16.97-.068L215.346 303.697l-59.792-60.277c-4.667-4.705-12.265-4.736-16.97-.069l-22.719 22.536c-4.705 4.667-4.736 12.265-.068 16.971l90.781 91.516c4.667 4.705 12.265 4.736 16.97.068l172.589-171.204c4.704-4.668 4.734-12.266.067-16.971z\"><\/path><\/svg>\t\t\t\t\t\t<\/span>\n\t\t\t\t\t\t\t\t\t\t<span class=\"elementor-icon-list-text\">Deutungstechniken: Wir verwenden psychologische Ans\u00e4tze (Freud, Jung) und intuitive Methoden f\u00fcr eine ganzheitliche Sichtweise.<\/span>\n\t\t\t\t\t\t\t\t\t<\/li>\n\t\t\t\t\t\t\t\t<li class=\"elementor-icon-list-item\">\n\t\t\t\t\t\t\t\t\t\t\t<span class=\"elementor-icon-list-icon\">\n\t\t\t\t\t\t\t<svg aria-hidden=\"true\" class=\"e-font-icon-svg e-far-check-circle\" viewBox=\"0 0 512 512\" xmlns=\"http:\/\/www.w3.org\/2000\/svg\"><path d=\"M256 8C119.033 8 8 119.033 8 256s111.033 248 248 248 248-111.033 248-248S392.967 8 256 8zm0 48c110.532 0 200 89.451 200 200 0 110.532-89.451 200-200 200-110.532 0-200-89.451-200-200 0-110.532 89.451-200 200-200m140.204 130.267l-22.536-22.718c-4.667-4.705-12.265-4.736-16.97-.068L215.346 303.697l-59.792-60.277c-4.667-4.705-12.265-4.736-16.97-.069l-22.719 22.536c-4.705 4.667-4.736 12.265-.068 16.971l90.781 91.516c4.667 4.705 12.265 4.736 16.97.068l172.589-171.204c4.704-4.668 4.734-12.266.067-16.971z\"><\/path><\/svg>\t\t\t\t\t\t<\/span>\n\t\t\t\t\t\t\t\t\t\t<span class=\"elementor-icon-list-text\">Praktische Anwendung: Ich helfe Ihnen, diese Botschaften in konkrete Ma\u00dfnahmen f\u00fcr Ihr t\u00e4gliches Leben umzusetzen.<\/span>\n\t\t\t\t\t\t\t\t\t<\/li>\n\t\t\t\t\t\t<\/ul>\n\t\t\t\t\t\t<\/div>\n\t\t\t\t<\/div>\n\t\t\t\t<div class=\"elementor-element elementor-element-8ee9c87 elementor-align-center animated-slow elementor-invisible elementor-widget elementor-widget-button\" data-id=\"8ee9c87\" data-element_type=\"widget\" data-settings=\"{&quot;_animation&quot;:&quot;fadeIn&quot;,&quot;_animation_delay&quot;:600}\" data-widget_type=\"button.default\">\n\t\t\t\t<div class=\"elementor-widget-container\">\n\t\t\t\t\t\t\t\t\t<div class=\"elementor-button-wrapper\">\n\t\t\t\t\t<a class=\"elementor-button elementor-button-link elementor-size-sm\" href=\"https:\/\/drquantum.io\/de\/\">\n\t\t\t\t\t\t<span class=\"elementor-button-content-wrapper\">\n\t\t\t\t\t\t\t\t\t<span class=\"elementor-button-text\">Hauptseite<\/span>\n\t\t\t\t\t<\/span>\n\t\t\t\t\t<\/a>\n\t\t\t\t<\/div>\n\t\t\t\t\t\t\t\t<\/div>\n\t\t\t\t<\/div>\n\t\t\t\t\t<\/div>\n\t\t\t\t<\/div>\n\t\t\t\t<\/div>\n\t\t","protected":false},"excerpt":{"rendered":"<p>Mr. Dreams &#8222;Willkommen in der au\u00dfergew\u00f6hnlichen Welt der Tr\u00e4ume. &#8222;Tr\u00e4ume sind viel mehr als zuf\u00e4llige Geschichten aus Ihrem Kopf. Sie sind verschl\u00fcsselte Botschaften aus Ihrem Unterbewusstsein, m\u00e4chtige Werkzeuge, um Ihre \u00c4ngste, W\u00fcnsche und sogar L\u00f6sungen f\u00fcr Probleme zu verstehen, die Ihr bewusster Verstand nicht sieht. Ich bin Mr. Dreams Ich bin Ihr Traumanalytiker und helfe [&hellip;]<\/p>\n","protected":false},"author":1,"featured_media":1706,"parent":0,"menu_order":0,"comment_status":"closed","ping_status":"closed","template":"elementor_header_footer","meta":{"footnotes":""},"class_list":["post-1883","page","type-page","status-publish","has-post-thumbnail","hentry"],"_links":{"self":[{"href":"https:\/\/drquantum.io\/de\/wp-json\/wp\/v2\/pages\/1883","targetHints":{"allow":["GET"]}}],"collection":[{"href":"https:\/\/drquantum.io\/de\/wp-json\/wp\/v2\/pages"}],"about":[{"href":"https:\/\/drquantum.io\/de\/wp-json\/wp\/v2\/types\/page"}],"author":[{"embeddable":true,"href":"https:\/\/drquantum.io\/de\/wp-json\/wp\/v2\/users\/1"}],"replies":[{"embeddable":true,"href":"https:\/\/drquantum.io\/de\/wp-json\/wp\/v2\/comments?post=1883"}],"version-history":[{"count":6,"href":"https:\/\/drquantum.io\/de\/wp-json\/wp\/v2\/pages\/1883\/revisions"}],"predecessor-version":[{"id":4205,"href":"https:\/\/drquantum.io\/de\/wp-json\/wp\/v2\/pages\/1883\/revisions\/4205"}],"wp:featuredmedia":[{"embeddable":true,"href":"https:\/\/drquantum.io\/de\/wp-json\/"}],"wp:attachment":[{"href":"https:\/\/drquantum.io\/de\/wp-json\/wp\/v2\/media?parent=1883"}],"curies":[{"name":"wp","href":"https:\/\/api.w.org\/{rel}","templated":true}]}}